{"id":2273,"date":"2021-07-24T21:52:19","date_gmt":"2021-07-24T21:52:19","guid":{"rendered":"https:\/\/naturka.fissunov.com\/product\/dried-mulberry\/"},"modified":"2025-11-19T12:49:43","modified_gmt":"2025-11-19T12:49:43","slug":"dried-mulberry","status":"publish","type":"product","link":"https:\/\/naturka.fissunov.com\/fi\/product\/dried-mulberry\/","title":{"rendered":"Kuivatut mulperit"},"content":{"rendered":"","protected":false},"excerpt":{"rendered":"<p>Eritt\u00e4in hy\u00f6dyllist\u00e4 ja v\u00e4h\u00e4kalorista marjaa. Eritt\u00e4in paljon antioksidantteja ja uskomaton pehme\u00e4 maku. Paras kahvin kera. Kokeile sit\u00e4!<\/p>\n","protected":false},"featured_media":4486,"comment_status":"closed","ping_status":"closed","template":"","meta":{"_acf_changed":false},"product_brand":[],"product_cat":[15],"product_tag":[],"class_list":{"0":"post-2273","1":"product","2":"type-product","3":"status-publish","4":"has-post-thumbnail","6":"product_cat-uncategorized","8":"first","9":"instock","10":"shipping-taxable","11":"purchasable","12":"product-type-simple"},"acf":[],"_links":{"self":[{"href":"https:\/\/naturka.fissunov.com\/fi\/wp-json\/wp\/v2\/product\/2273","targetHints":{"allow":["GET"]}}],"collection":[{"href":"https:\/\/naturka.fissunov.com\/fi\/wp-json\/wp\/v2\/product"}],"about":[{"href":"https:\/\/naturka.fissunov.com\/fi\/wp-json\/wp\/v2\/types\/product"}],"replies":[{"embeddable":true,"href":"https:\/\/naturka.fissunov.com\/fi\/wp-json\/wp\/v2\/comments?post=2273"}],"wp:featuredmedia":[{"embeddable":true,"href":"https:\/\/naturka.fissunov.com\/fi\/wp-json\/wp\/v2\/media\/4486"}],"wp:attachment":[{"href":"https:\/\/naturka.fissunov.com\/fi\/wp-json\/wp\/v2\/media?parent=2273"}],"wp:term":[{"taxonomy":"product_brand","embeddable":true,"href":"https:\/\/naturka.fissunov.com\/fi\/wp-json\/wp\/v2\/product_brand?post=2273"},{"taxonomy":"product_cat","embeddable":true,"href":"https:\/\/naturka.fissunov.com\/fi\/wp-json\/wp\/v2\/product_cat?post=2273"},{"taxonomy":"product_tag","embeddable":true,"href":"https:\/\/naturka.fissunov.com\/fi\/wp-json\/wp\/v2\/product_tag?post=2273"}],"curies":[{"name":"wp","href":"https:\/\/api.w.org\/{rel}","templated":true}]}}