{"id":2286,"date":"2021-07-25T18:18:53","date_gmt":"2021-07-25T18:18:53","guid":{"rendered":"https:\/\/naturka.fissunov.com\/product\/671\/"},"modified":"2025-11-19T12:49:48","modified_gmt":"2025-11-19T12:49:48","slug":"671","status":"publish","type":"product","link":"https:\/\/naturka.fissunov.com\/fi\/product\/671\/","title":{"rendered":"Setri\u00f6ljy 250ml"},"content":{"rendered":"","protected":false},"excerpt":{"rendered":"<p id=\"tw-target-text\" class=\"tw-data-text tw-text-large tw-ta\" dir=\"ltr\" data-placeholder=\"Translation\" data-ved=\"2ahUKEwjz87LJ1e-IAxUaIRAIHW1hGzgQ3ewLegQIBxAU\" aria-label=\"Translated text: Jalostamaton kylm\u00e4puristettu setrim\u00e4nty\u00f6ljy.\n\nSis\u00e4iseen k\u00e4ytt\u00f6\u00f6n:\nOn suositeltavaa lis\u00e4t\u00e4 \u00f6ljy\u00e4 salaatteihin, se sis\u00e4lt\u00e4\u00e4 kaikki terveellisten pinjansiementen ominaisuudet ja vitamiinit.\n\nSis\u00e4iseen k\u00e4ytt\u00f6\u00f6n: ota 1-2 teelusikallista \u00f6ljy\u00e4 2-3 kertaa p\u00e4iv\u00e4ss\u00e4 tyhj\u00e4\u00e4n mahaan n. 30 minuuttia ennen ateriaa. Ravista ennen k\u00e4ytt\u00f6\u00e4.\n\nEi suositella alle 3-vuotiaille lapsille.\u00a0\n\nS\u00e4ilyt\u00e4 kuivassa, puhtaassa ja viile\u00e4ss\u00e4 paikassa.\"><span class=\"Y2IQFc\" lang=\"fi\">Jalostamaton kylm\u00e4puristettu setrim\u00e4nty\u00f6ljy. <\/span><\/p>\n<p class=\"tw-data-text tw-text-large tw-ta\" dir=\"ltr\" data-placeholder=\"Translation\" data-ved=\"2ahUKEwjz87LJ1e-IAxUaIRAIHW1hGzgQ3ewLegQIBxAU\" aria-label=\"Translated text: Jalostamaton kylm\u00e4puristettu setrim\u00e4nty\u00f6ljy.\n\nSis\u00e4iseen k\u00e4ytt\u00f6\u00f6n:\nOn suositeltavaa lis\u00e4t\u00e4 \u00f6ljy\u00e4 salaatteihin, se sis\u00e4lt\u00e4\u00e4 kaikki terveellisten pinjansiementen ominaisuudet ja vitamiinit.\n\nSis\u00e4iseen k\u00e4ytt\u00f6\u00f6n: ota 1-2 teelusikallista \u00f6ljy\u00e4 2-3 kertaa p\u00e4iv\u00e4ss\u00e4 tyhj\u00e4\u00e4n mahaan n. 30 minuuttia ennen ateriaa. Ravista ennen k\u00e4ytt\u00f6\u00e4.\n\nEi suositella alle 3-vuotiaille lapsille.\u00a0\n\nS\u00e4ilyt\u00e4 kuivassa, puhtaassa ja viile\u00e4ss\u00e4 paikassa.\"><span class=\"Y2IQFc\" lang=\"fi\">Sis\u00e4iseen k\u00e4ytt\u00f6\u00f6n: On suositeltavaa lis\u00e4t\u00e4 \u00f6ljy\u00e4 salaatteihin, se sis\u00e4lt\u00e4\u00e4 kaikki terveellisten pinjansiementen ominaisuudet ja vitamiinit. <\/span><\/p>\n<p class=\"tw-data-text tw-text-large tw-ta\" dir=\"ltr\" data-placeholder=\"Translation\" data-ved=\"2ahUKEwjz87LJ1e-IAxUaIRAIHW1hGzgQ3ewLegQIBxAU\" aria-label=\"Translated text: Jalostamaton kylm\u00e4puristettu setrim\u00e4nty\u00f6ljy.\n\nSis\u00e4iseen k\u00e4ytt\u00f6\u00f6n:\nOn suositeltavaa lis\u00e4t\u00e4 \u00f6ljy\u00e4 salaatteihin, se sis\u00e4lt\u00e4\u00e4 kaikki terveellisten pinjansiementen ominaisuudet ja vitamiinit.\n\nSis\u00e4iseen k\u00e4ytt\u00f6\u00f6n: ota 1-2 teelusikallista \u00f6ljy\u00e4 2-3 kertaa p\u00e4iv\u00e4ss\u00e4 tyhj\u00e4\u00e4n mahaan n. 30 minuuttia ennen ateriaa. Ravista ennen k\u00e4ytt\u00f6\u00e4.\n\nEi suositella alle 3-vuotiaille lapsille.\u00a0\n\nS\u00e4ilyt\u00e4 kuivassa, puhtaassa ja viile\u00e4ss\u00e4 paikassa.\"><span class=\"Y2IQFc\" lang=\"fi\">Sis\u00e4iseen k\u00e4ytt\u00f6\u00f6n: ota 1-2 teelusikallista \u00f6ljy\u00e4 2-3 kertaa p\u00e4iv\u00e4ss\u00e4 tyhj\u00e4\u00e4n mahaan n. 30 minuuttia ennen ateriaa. <\/span><span class=\"Y2IQFc\" lang=\"fi\">Ravista ennen k\u00e4ytt\u00f6\u00e4.<\/span><\/p>\n<p class=\"tw-data-text tw-text-large tw-ta\" dir=\"ltr\" data-placeholder=\"Translation\" data-ved=\"2ahUKEwjz87LJ1e-IAxUaIRAIHW1hGzgQ3ewLegQIBxAU\" aria-label=\"Translated text: Jalostamaton kylm\u00e4puristettu setrim\u00e4nty\u00f6ljy.\n\nSis\u00e4iseen k\u00e4ytt\u00f6\u00f6n:\nOn suositeltavaa lis\u00e4t\u00e4 \u00f6ljy\u00e4 salaatteihin, se sis\u00e4lt\u00e4\u00e4 kaikki terveellisten pinjansiementen ominaisuudet ja vitamiinit.\n\nSis\u00e4iseen k\u00e4ytt\u00f6\u00f6n: ota 1-2 teelusikallista \u00f6ljy\u00e4 2-3 kertaa p\u00e4iv\u00e4ss\u00e4 tyhj\u00e4\u00e4n mahaan n. 30 minuuttia ennen ateriaa. Ravista ennen k\u00e4ytt\u00f6\u00e4.\n\nEi suositella alle 3-vuotiaille lapsille.\u00a0\n\nS\u00e4ilyt\u00e4 kuivassa, puhtaassa ja viile\u00e4ss\u00e4 paikassa.\"><span class=\"Y2IQFc\" lang=\"fi\">Ei suositella alle 3-vuotiaille lapsille.\u00a0 <\/span><\/p>\n<p class=\"tw-data-text tw-text-large tw-ta\" dir=\"ltr\" data-placeholder=\"Translation\" data-ved=\"2ahUKEwjz87LJ1e-IAxUaIRAIHW1hGzgQ3ewLegQIBxAU\" aria-label=\"Translated text: Jalostamaton kylm\u00e4puristettu setrim\u00e4nty\u00f6ljy.\n\nSis\u00e4iseen k\u00e4ytt\u00f6\u00f6n:\nOn suositeltavaa lis\u00e4t\u00e4 \u00f6ljy\u00e4 salaatteihin, se sis\u00e4lt\u00e4\u00e4 kaikki terveellisten pinjansiementen ominaisuudet ja vitamiinit.\n\nSis\u00e4iseen k\u00e4ytt\u00f6\u00f6n: ota 1-2 teelusikallista \u00f6ljy\u00e4 2-3 kertaa p\u00e4iv\u00e4ss\u00e4 tyhj\u00e4\u00e4n mahaan n. 30 minuuttia ennen ateriaa. Ravista ennen k\u00e4ytt\u00f6\u00e4.\n\nEi suositella alle 3-vuotiaille lapsille.\u00a0\n\nS\u00e4ilyt\u00e4 kuivassa, puhtaassa ja viile\u00e4ss\u00e4 paikassa.\"><span class=\"Y2IQFc\" lang=\"fi\">S\u00e4ilyt\u00e4 kuivassa, puhtaassa ja viile\u00e4ss\u00e4 paikassa.<\/span><\/p>\n","protected":false},"featured_media":4491,"comment_status":"closed","ping_status":"closed","template":"","meta":{"_acf_changed":false},"product_brand":[],"product_cat":[15],"product_tag":[],"class_list":{"0":"post-2286","1":"product","2":"type-product","3":"status-publish","4":"has-post-thumbnail","6":"product_cat-uncategorized","8":"first","9":"instock","10":"shipping-taxable","11":"purchasable","12":"product-type-simple"},"acf":[],"_links":{"self":[{"href":"https:\/\/naturka.fissunov.com\/fi\/wp-json\/wp\/v2\/product\/2286","targetHints":{"allow":["GET"]}}],"collection":[{"href":"https:\/\/naturka.fissunov.com\/fi\/wp-json\/wp\/v2\/product"}],"about":[{"href":"https:\/\/naturka.fissunov.com\/fi\/wp-json\/wp\/v2\/types\/product"}],"replies":[{"embeddable":true,"href":"https:\/\/naturka.fissunov.com\/fi\/wp-json\/wp\/v2\/comments?post=2286"}],"wp:featuredmedia":[{"embeddable":true,"href":"https:\/\/naturka.fissunov.com\/fi\/wp-json\/wp\/v2\/media\/4491"}],"wp:attachment":[{"href":"https:\/\/naturka.fissunov.com\/fi\/wp-json\/wp\/v2\/media?parent=2286"}],"wp:term":[{"taxonomy":"product_brand","embeddable":true,"href":"https:\/\/naturka.fissunov.com\/fi\/wp-json\/wp\/v2\/product_brand?post=2286"},{"taxonomy":"product_cat","embeddable":true,"href":"https:\/\/naturka.fissunov.com\/fi\/wp-json\/wp\/v2\/product_cat?post=2286"},{"taxonomy":"product_tag","embeddable":true,"href":"https:\/\/naturka.fissunov.com\/fi\/wp-json\/wp\/v2\/product_tag?post=2286"}],"curies":[{"name":"wp","href":"https:\/\/api.w.org\/{rel}","templated":true}]}}