{"id":2293,"date":"2021-07-25T18:26:59","date_gmt":"2021-07-25T18:26:59","guid":{"rendered":"https:\/\/naturka.fissunov.com\/product\/puuviljade-lavas\/"},"modified":"2025-11-19T12:49:50","modified_gmt":"2025-11-19T12:49:50","slug":"puuviljade-lavas","status":"publish","type":"product","link":"https:\/\/naturka.fissunov.com\/fi\/product\/puuviljade-lavas\/","title":{"rendered":"Hedelm\u00e4pastilli"},"content":{"rendered":"","protected":false},"excerpt":{"rendered":"<p>Armenian kuivatut hedelm\u00e4t on t\u00e4ysin OMANLAATUINEN MAAILMA kuivattuja hedelmi\u00e4, koska ne eiv\u00e4t ole samankaltaisia kuin mik\u00e4\u00e4n hedelm\u00e4 maailmassa. On mahdotonta kuvata sen makua. Kokeile sit\u00e4. Tuntuu kuin s\u00f6isit tuoretta hedelm\u00e4\u00e4.<\/p>\n<p>S\u00e4ilyt\u00e4 kuivassa, puhtaassa ja viile\u00e4ss\u00e4 paikassa.<\/p>\n","protected":false},"featured_media":4496,"comment_status":"closed","ping_status":"closed","template":"","meta":{"_acf_changed":false},"product_brand":[],"product_cat":[15],"product_tag":[],"class_list":{"0":"post-2293","1":"product","2":"type-product","3":"status-publish","4":"has-post-thumbnail","6":"product_cat-uncategorized","8":"first","9":"instock","10":"shipping-taxable","11":"purchasable","12":"product-type-simple"},"acf":[],"_links":{"self":[{"href":"https:\/\/naturka.fissunov.com\/fi\/wp-json\/wp\/v2\/product\/2293","targetHints":{"allow":["GET"]}}],"collection":[{"href":"https:\/\/naturka.fissunov.com\/fi\/wp-json\/wp\/v2\/product"}],"about":[{"href":"https:\/\/naturka.fissunov.com\/fi\/wp-json\/wp\/v2\/types\/product"}],"replies":[{"embeddable":true,"href":"https:\/\/naturka.fissunov.com\/fi\/wp-json\/wp\/v2\/comments?post=2293"}],"wp:featuredmedia":[{"embeddable":true,"href":"https:\/\/naturka.fissunov.com\/fi\/wp-json\/wp\/v2\/media\/4496"}],"wp:attachment":[{"href":"https:\/\/naturka.fissunov.com\/fi\/wp-json\/wp\/v2\/media?parent=2293"}],"wp:term":[{"taxonomy":"product_brand","embeddable":true,"href":"https:\/\/naturka.fissunov.com\/fi\/wp-json\/wp\/v2\/product_brand?post=2293"},{"taxonomy":"product_cat","embeddable":true,"href":"https:\/\/naturka.fissunov.com\/fi\/wp-json\/wp\/v2\/product_cat?post=2293"},{"taxonomy":"product_tag","embeddable":true,"href":"https:\/\/naturka.fissunov.com\/fi\/wp-json\/wp\/v2\/product_tag?post=2293"}],"curies":[{"name":"wp","href":"https:\/\/api.w.org\/{rel}","templated":true}]}}