{"id":2301,"date":"2021-07-25T19:18:03","date_gmt":"2021-07-25T19:18:03","guid":{"rendered":"https:\/\/naturka.fissunov.com\/product\/kuninga-dattel\/"},"modified":"2025-11-19T12:49:51","modified_gmt":"2025-11-19T12:49:51","slug":"kuninga-dattel","status":"publish","type":"product","link":"https:\/\/naturka.fissunov.com\/fi\/product\/kuninga-dattel\/","title":{"rendered":"Taateli"},"content":{"rendered":"","protected":false},"excerpt":{"rendered":"<p id=\"tw-target-text\" class=\"tw-data-text tw-text-large tw-ta\" dir=\"ltr\" data-placeholder=\"Translation\" aria-label=\"Translated text\" data-ved=\"2ahUKEwj7tffU0IyGAxVHGxAIHRuAAWEQ3ewLegQICBAU\"><span class=\"Y2IQFc\" lang=\"fi\">Maailman suurin valikoima taateleita, joita et l\u00f6yd\u00e4 kaupoista! <\/span><\/p>\n<p class=\"tw-data-text tw-text-large tw-ta\" dir=\"ltr\" data-placeholder=\"Translation\" aria-label=\"Translated text\" data-ved=\"2ahUKEwj7tffU0IyGAxVHGxAIHRuAAWEQ3ewLegQICBAU\"><span class=\"Y2IQFc\" lang=\"fi\">Kuninkaamme taatelit ovat pehmeit\u00e4, herkullisen makeita. Hunajainen ja herkullinen maku ei j\u00e4t\u00e4 sinua puutumatta. <\/span><\/p>\n<p class=\"tw-data-text tw-text-large tw-ta\" dir=\"ltr\" data-placeholder=\"Translation\" aria-label=\"Translated text\" data-ved=\"2ahUKEwj7tffU0IyGAxVHGxAIHRuAAWEQ3ewLegQICBAU\"><span class=\"Y2IQFc\" lang=\"fi\">Taateleilla on korkea glukoosi- ja fruktoosipitoisuus \u2013 vaihtoehto makeisille! <\/span><\/p>\n<p class=\"tw-data-text tw-text-large tw-ta\" dir=\"ltr\" data-placeholder=\"Translation\" aria-label=\"Translated text\" data-ved=\"2ahUKEwj7tffU0IyGAxVHGxAIHRuAAWEQ3ewLegQICBAU\"><span class=\"Y2IQFc\" lang=\"fi\">S\u00e4ilyt\u00e4 kuivassa, puhtaassa ja viile\u00e4ss\u00e4 paikassa.<\/span><\/p>\n<p>&nbsp;<\/p>\n","protected":false},"featured_media":4500,"comment_status":"closed","ping_status":"closed","template":"","meta":{"_acf_changed":false},"product_brand":[],"product_cat":[15],"product_tag":[],"class_list":{"0":"post-2301","1":"product","2":"type-product","3":"status-publish","4":"has-post-thumbnail","6":"product_cat-uncategorized","8":"first","9":"instock","10":"shipping-taxable","11":"purchasable","12":"product-type-simple"},"acf":[],"_links":{"self":[{"href":"https:\/\/naturka.fissunov.com\/fi\/wp-json\/wp\/v2\/product\/2301","targetHints":{"allow":["GET"]}}],"collection":[{"href":"https:\/\/naturka.fissunov.com\/fi\/wp-json\/wp\/v2\/product"}],"about":[{"href":"https:\/\/naturka.fissunov.com\/fi\/wp-json\/wp\/v2\/types\/product"}],"replies":[{"embeddable":true,"href":"https:\/\/naturka.fissunov.com\/fi\/wp-json\/wp\/v2\/comments?post=2301"}],"wp:featuredmedia":[{"embeddable":true,"href":"https:\/\/naturka.fissunov.com\/fi\/wp-json\/wp\/v2\/media\/4500"}],"wp:attachment":[{"href":"https:\/\/naturka.fissunov.com\/fi\/wp-json\/wp\/v2\/media?parent=2301"}],"wp:term":[{"taxonomy":"product_brand","embeddable":true,"href":"https:\/\/naturka.fissunov.com\/fi\/wp-json\/wp\/v2\/product_brand?post=2301"},{"taxonomy":"product_cat","embeddable":true,"href":"https:\/\/naturka.fissunov.com\/fi\/wp-json\/wp\/v2\/product_cat?post=2301"},{"taxonomy":"product_tag","embeddable":true,"href":"https:\/\/naturka.fissunov.com\/fi\/wp-json\/wp\/v2\/product_tag?post=2301"}],"curies":[{"name":"wp","href":"https:\/\/api.w.org\/{rel}","templated":true}]}}