{"id":2348,"date":"2021-07-25T19:32:23","date_gmt":"2021-07-25T19:32:23","guid":{"rendered":"https:\/\/naturka.fissunov.com\/product\/parapahkel\/"},"modified":"2025-11-19T12:50:09","modified_gmt":"2025-11-19T12:50:09","slug":"parapahkel","status":"publish","type":"product","link":"https:\/\/naturka.fissunov.com\/fi\/product\/parapahkel\/","title":{"rendered":"Parap\u00e4hkin\u00e4"},"content":{"rendered":"","protected":false},"excerpt":{"rendered":"<p id=\"tw-target-text\" class=\"tw-data-text tw-text-large tw-ta\" dir=\"ltr\" data-placeholder=\"Translation\" data-ved=\"2ahUKEwjg0Lne0IiJAxWbLRAIHbFkN24Q3ewLegQIBxAU\" aria-label=\"Translated text: Brasiliap\u00e4hkin\u00e4t kasvavat Etel\u00e4-Amerikan sademetsiss\u00e4. On vaikea yliarvioida parap\u00e4hkin\u00f6iden etuja ihmisten terveydelle (B1-, E-vitamiini, magnesium, fosfori, sinkki, rauta).\n\nMutta suurin arvo on tietysti korkea seleenipitoisuus! Vain yksi pieni p\u00e4hkin\u00e4 p\u00e4iv\u00e4ss\u00e4 riitt\u00e4\u00e4 est\u00e4m\u00e4\u00e4n seleenin puutteen. Brasiliap\u00e4hkin\u00e4 sis\u00e4lt\u00e4\u00e4 enemm\u00e4n seleeni\u00e4 kuin mik\u00e4\u00e4n muu hedelm\u00e4 maailmassa!\n\nS\u00e4ilyt\u00e4 kuivassa, puhtaassa ja viile\u00e4ss\u00e4 paikassa.\"><span class=\"Y2IQFc\" lang=\"fi\">Brasiliap\u00e4hkin\u00e4t kasvavat Etel\u00e4-Amerikan sademetsiss\u00e4. On vaikea yliarvioida parap\u00e4hkin\u00f6iden etuja ihmisten terveydelle (B1-, E-vitamiini, magnesium, fosfori, sinkki, rauta). <\/span><\/p>\n<p class=\"tw-data-text tw-text-large tw-ta\" dir=\"ltr\" data-placeholder=\"Translation\" data-ved=\"2ahUKEwjg0Lne0IiJAxWbLRAIHbFkN24Q3ewLegQIBxAU\" aria-label=\"Translated text: Brasiliap\u00e4hkin\u00e4t kasvavat Etel\u00e4-Amerikan sademetsiss\u00e4. On vaikea yliarvioida parap\u00e4hkin\u00f6iden etuja ihmisten terveydelle (B1-, E-vitamiini, magnesium, fosfori, sinkki, rauta).\n\nMutta suurin arvo on tietysti korkea seleenipitoisuus! Vain yksi pieni p\u00e4hkin\u00e4 p\u00e4iv\u00e4ss\u00e4 riitt\u00e4\u00e4 est\u00e4m\u00e4\u00e4n seleenin puutteen. Brasiliap\u00e4hkin\u00e4 sis\u00e4lt\u00e4\u00e4 enemm\u00e4n seleeni\u00e4 kuin mik\u00e4\u00e4n muu hedelm\u00e4 maailmassa!\n\nS\u00e4ilyt\u00e4 kuivassa, puhtaassa ja viile\u00e4ss\u00e4 paikassa.\"><span class=\"Y2IQFc\" lang=\"fi\">Mutta suurin arvo on tietysti korkea seleenipitoisuus! Vain yksi pieni p\u00e4hkin\u00e4 p\u00e4iv\u00e4ss\u00e4 riitt\u00e4\u00e4 est\u00e4m\u00e4\u00e4n seleenin puutteen. Brasiliap\u00e4hkin\u00e4 sis\u00e4lt\u00e4\u00e4 enemm\u00e4n seleeni\u00e4 kuin mik\u00e4\u00e4n muu hedelm\u00e4 maailmassa! <\/span><\/p>\n<p class=\"tw-data-text tw-text-large tw-ta\" dir=\"ltr\" data-placeholder=\"Translation\" data-ved=\"2ahUKEwjg0Lne0IiJAxWbLRAIHbFkN24Q3ewLegQIBxAU\" aria-label=\"Translated text: Brasiliap\u00e4hkin\u00e4t kasvavat Etel\u00e4-Amerikan sademetsiss\u00e4. On vaikea yliarvioida parap\u00e4hkin\u00f6iden etuja ihmisten terveydelle (B1-, E-vitamiini, magnesium, fosfori, sinkki, rauta).\n\nMutta suurin arvo on tietysti korkea seleenipitoisuus! Vain yksi pieni p\u00e4hkin\u00e4 p\u00e4iv\u00e4ss\u00e4 riitt\u00e4\u00e4 est\u00e4m\u00e4\u00e4n seleenin puutteen. Brasiliap\u00e4hkin\u00e4 sis\u00e4lt\u00e4\u00e4 enemm\u00e4n seleeni\u00e4 kuin mik\u00e4\u00e4n muu hedelm\u00e4 maailmassa!\n\nS\u00e4ilyt\u00e4 kuivassa, puhtaassa ja viile\u00e4ss\u00e4 paikassa.\"><span class=\"Y2IQFc\" lang=\"fi\">S\u00e4ilyt\u00e4 kuivassa, puhtaassa ja viile\u00e4ss\u00e4 paikassa.<\/span><\/p>\n","protected":false},"featured_media":2352,"comment_status":"closed","ping_status":"open","template":"","meta":{"_acf_changed":false},"product_brand":[],"product_cat":[15],"product_tag":[],"class_list":{"0":"post-2348","1":"product","2":"type-product","3":"status-publish","4":"has-post-thumbnail","6":"product_cat-uncategorized","8":"first","9":"instock","10":"shipping-taxable","11":"purchasable","12":"product-type-simple"},"acf":[],"_links":{"self":[{"href":"https:\/\/naturka.fissunov.com\/fi\/wp-json\/wp\/v2\/product\/2348","targetHints":{"allow":["GET"]}}],"collection":[{"href":"https:\/\/naturka.fissunov.com\/fi\/wp-json\/wp\/v2\/product"}],"about":[{"href":"https:\/\/naturka.fissunov.com\/fi\/wp-json\/wp\/v2\/types\/product"}],"replies":[{"embeddable":true,"href":"https:\/\/naturka.fissunov.com\/fi\/wp-json\/wp\/v2\/comments?post=2348"}],"wp:featuredmedia":[{"embeddable":true,"href":"https:\/\/naturka.fissunov.com\/fi\/wp-json\/wp\/v2\/media\/2352"}],"wp:attachment":[{"href":"https:\/\/naturka.fissunov.com\/fi\/wp-json\/wp\/v2\/media?parent=2348"}],"wp:term":[{"taxonomy":"product_brand","embeddable":true,"href":"https:\/\/naturka.fissunov.com\/fi\/wp-json\/wp\/v2\/product_brand?post=2348"},{"taxonomy":"product_cat","embeddable":true,"href":"https:\/\/naturka.fissunov.com\/fi\/wp-json\/wp\/v2\/product_cat?post=2348"},{"taxonomy":"product_tag","embeddable":true,"href":"https:\/\/naturka.fissunov.com\/fi\/wp-json\/wp\/v2\/product_tag?post=2348"}],"curies":[{"name":"wp","href":"https:\/\/api.w.org\/{rel}","templated":true}]}}