{"id":2358,"date":"2021-07-25T19:34:52","date_gmt":"2021-07-25T19:34:52","guid":{"rendered":"https:\/\/naturka.fissunov.com\/product\/india-pahklid\/"},"modified":"2025-11-19T12:50:12","modified_gmt":"2025-11-19T12:50:12","slug":"india-pahklid","status":"publish","type":"product","link":"https:\/\/naturka.fissunov.com\/fi\/product\/india-pahklid\/","title":{"rendered":"Cashew-p\u00e4hkin\u00e4"},"content":{"rendered":"","protected":false},"excerpt":{"rendered":"<p id=\"tw-target-text\" class=\"tw-data-text tw-text-large tw-ta\" dir=\"ltr\" data-placeholder=\"Translation\" aria-label=\"Translated text\" data-ved=\"2ahUKEwiEz5f11JaGAxWmEBAIHeapCO4Q3ewLegQIDhAU\"><span class=\"Y2IQFc\" lang=\"fi\">Suuri cashewp\u00e4hkin\u00e4 (koko W240), kokonaisena ja hieman makean samettisen makuinen. <\/span><\/p>\n<p class=\"tw-data-text tw-text-large tw-ta\" dir=\"ltr\" data-placeholder=\"Translation\" aria-label=\"Translated text\" data-ved=\"2ahUKEwiEz5f11JaGAxWmEBAIHeapCO4Q3ewLegQIDhAU\"><span class=\"Y2IQFc\" lang=\"fi\">Cashewp\u00e4hkin\u00e4t sis\u00e4lt\u00e4v\u00e4t runsaasti kivenn\u00e4isaineita ja vitamiineja. Sis\u00e4lt\u00e4\u00e4 runsaasti E-vitamiinia, A-provitamiinia ja B-ryhm\u00e4n vitamiineja, mink\u00e4 lis\u00e4ksi ne ovat my\u00f6s erinomainen sinkin l\u00e4hde. Ne sopivat sy\u00f6t\u00e4v\u00e4ksi sellaisenaan sek\u00e4 suolaiseen ja makeaan ruokaan.\u00a0 <\/span><\/p>\n<p class=\"tw-data-text tw-text-large tw-ta\" dir=\"ltr\" data-placeholder=\"Translation\" aria-label=\"Translated text\" data-ved=\"2ahUKEwiEz5f11JaGAxWmEBAIHeapCO4Q3ewLegQIDhAU\"><span class=\"Y2IQFc\" lang=\"fi\">S\u00e4ilyt\u00e4 kuivassa, puhtaassa ja viile\u00e4ss\u00e4 paikassa.<\/span><\/p>\n","protected":false},"featured_media":2362,"comment_status":"closed","ping_status":"open","template":"","meta":{"_acf_changed":false},"product_brand":[],"product_cat":[15],"product_tag":[],"class_list":{"0":"post-2358","1":"product","2":"type-product","3":"status-publish","4":"has-post-thumbnail","6":"product_cat-uncategorized","8":"first","9":"instock","10":"shipping-taxable","11":"purchasable","12":"product-type-simple"},"acf":[],"_links":{"self":[{"href":"https:\/\/naturka.fissunov.com\/fi\/wp-json\/wp\/v2\/product\/2358","targetHints":{"allow":["GET"]}}],"collection":[{"href":"https:\/\/naturka.fissunov.com\/fi\/wp-json\/wp\/v2\/product"}],"about":[{"href":"https:\/\/naturka.fissunov.com\/fi\/wp-json\/wp\/v2\/types\/product"}],"replies":[{"embeddable":true,"href":"https:\/\/naturka.fissunov.com\/fi\/wp-json\/wp\/v2\/comments?post=2358"}],"wp:featuredmedia":[{"embeddable":true,"href":"https:\/\/naturka.fissunov.com\/fi\/wp-json\/wp\/v2\/media\/2362"}],"wp:attachment":[{"href":"https:\/\/naturka.fissunov.com\/fi\/wp-json\/wp\/v2\/media?parent=2358"}],"wp:term":[{"taxonomy":"product_brand","embeddable":true,"href":"https:\/\/naturka.fissunov.com\/fi\/wp-json\/wp\/v2\/product_brand?post=2358"},{"taxonomy":"product_cat","embeddable":true,"href":"https:\/\/naturka.fissunov.com\/fi\/wp-json\/wp\/v2\/product_cat?post=2358"},{"taxonomy":"product_tag","embeddable":true,"href":"https:\/\/naturka.fissunov.com\/fi\/wp-json\/wp\/v2\/product_tag?post=2358"}],"curies":[{"name":"wp","href":"https:\/\/api.w.org\/{rel}","templated":true}]}}