{"id":2396,"date":"2021-07-25T20:19:09","date_gmt":"2021-07-25T20:19:09","guid":{"rendered":"https:\/\/naturka.fissunov.com\/product\/metsapahkel\/"},"modified":"2025-11-19T12:50:24","modified_gmt":"2025-11-19T12:50:24","slug":"metsapahkel","status":"publish","type":"product","link":"https:\/\/naturka.fissunov.com\/fi\/product\/metsapahkel\/","title":{"rendered":"Hasselp\u00e4hkin\u00e4"},"content":{"rendered":"","protected":false},"excerpt":{"rendered":"<p class=\"p1\">Raakakaliiperinen mets\u00e4p\u00e4hkin\u00e4, rapea ja laadukas.<\/p>\n<p>S\u00e4ilyt\u00e4 kuivassa, puhtaassa ja viile\u00e4ss\u00e4 paikassa.<\/p>\n","protected":false},"featured_media":2400,"comment_status":"closed","ping_status":"open","template":"","meta":{"_acf_changed":false},"product_brand":[],"product_cat":[15],"product_tag":[],"class_list":{"0":"post-2396","1":"product","2":"type-product","3":"status-publish","4":"has-post-thumbnail","6":"product_cat-uncategorized","8":"first","9":"instock","10":"shipping-taxable","11":"purchasable","12":"product-type-simple"},"acf":[],"_links":{"self":[{"href":"https:\/\/naturka.fissunov.com\/fi\/wp-json\/wp\/v2\/product\/2396","targetHints":{"allow":["GET"]}}],"collection":[{"href":"https:\/\/naturka.fissunov.com\/fi\/wp-json\/wp\/v2\/product"}],"about":[{"href":"https:\/\/naturka.fissunov.com\/fi\/wp-json\/wp\/v2\/types\/product"}],"replies":[{"embeddable":true,"href":"https:\/\/naturka.fissunov.com\/fi\/wp-json\/wp\/v2\/comments?post=2396"}],"wp:featuredmedia":[{"embeddable":true,"href":"https:\/\/naturka.fissunov.com\/fi\/wp-json\/wp\/v2\/media\/2400"}],"wp:attachment":[{"href":"https:\/\/naturka.fissunov.com\/fi\/wp-json\/wp\/v2\/media?parent=2396"}],"wp:term":[{"taxonomy":"product_brand","embeddable":true,"href":"https:\/\/naturka.fissunov.com\/fi\/wp-json\/wp\/v2\/product_brand?post=2396"},{"taxonomy":"product_cat","embeddable":true,"href":"https:\/\/naturka.fissunov.com\/fi\/wp-json\/wp\/v2\/product_cat?post=2396"},{"taxonomy":"product_tag","embeddable":true,"href":"https:\/\/naturka.fissunov.com\/fi\/wp-json\/wp\/v2\/product_tag?post=2396"}],"curies":[{"name":"wp","href":"https:\/\/api.w.org\/{rel}","templated":true}]}}