{"id":2406,"date":"2021-07-25T20:21:25","date_gmt":"2021-07-25T20:21:25","guid":{"rendered":"https:\/\/naturka.fissunov.com\/product\/kreeka-pahkel\/"},"modified":"2025-11-19T12:50:27","modified_gmt":"2025-11-19T12:50:27","slug":"kreeka-pahkel","status":"publish","type":"product","link":"https:\/\/naturka.fissunov.com\/fi\/product\/kreeka-pahkel\/","title":{"rendered":"Saksanp\u00e4hkin\u00e4"},"content":{"rendered":"","protected":false},"excerpt":{"rendered":"<p id=\"tw-target-text\" class=\"tw-data-text tw-text-large tw-ta\" dir=\"ltr\" data-placeholder=\"Translation\" aria-label=\"Translated text\" data-ved=\"2ahUKEwjWtuzO7K2GAxWJJBAIHSSFBScQ3ewLegQIBRAU\"><span class=\"Y2IQFc\" lang=\"fi\">Uusi tuote \u2013 kuoritut chili-saksanp\u00e4hkin\u00e4n puolikkaat.<\/span><\/p>\n<p class=\"tw-data-text tw-text-large tw-ta\" dir=\"ltr\" data-placeholder=\"Translation\" aria-label=\"Translated text\" data-ved=\"2ahUKEwjWtuzO7K2GAxWJJBAIHSSFBScQ3ewLegQIBRAU\"><span class=\"Y2IQFc\" lang=\"fi\">N\u00e4m\u00e4 p\u00e4hkin\u00e4t sis\u00e4lt\u00e4v\u00e4t paljon kalsiumia, rautaa, magnesiumia, mangaania, fosforia, sinkki\u00e4, B1-, B2-, B3-, B5-, B6-, B9-, H-, E-vitamiineja. Se on yksi ravitsevimmista p\u00e4hkin\u00f6ist\u00e4, joka on hyv\u00e4 terveyden edist\u00e4miseen. ja erityisesti niille miehille ja naisille, jotka haluavat tulla vanhemmiksi.<\/span><\/p>\n<p class=\"tw-data-text tw-text-large tw-ta\" dir=\"ltr\" data-placeholder=\"Translation\" aria-label=\"Translated text\" data-ved=\"2ahUKEwjWtuzO7K2GAxWJJBAIHSSFBScQ3ewLegQIBRAU\"><span class=\"Y2IQFc\" lang=\"fi\">Hyv\u00e4 ja terveellinen v\u00e4lipala! Ota se mukaasi t\u00f6ihin, kouluun tai matkoille. Lis\u00e4\u00e4 ne astioihin ja jopa j\u00e4\u00e4tel\u00f6\u00f6n sis\u00e4\u00e4n.<\/span><\/p>\n<p class=\"tw-data-text tw-text-large tw-ta\" dir=\"ltr\" data-placeholder=\"Translation\" aria-label=\"Translated text\" data-ved=\"2ahUKEwjWtuzO7K2GAxWJJBAIHSSFBScQ3ewLegQIBRAU\"><span class=\"Y2IQFc\" lang=\"fi\">Saattaa sis\u00e4lt\u00e4\u00e4 pieni\u00e4 m\u00e4\u00e4ri\u00e4 muita p\u00e4hkin\u00f6it\u00e4.<\/span><\/p>\n<p class=\"tw-data-text tw-text-large tw-ta\" dir=\"ltr\" data-placeholder=\"Translation\" aria-label=\"Translated text\" data-ved=\"2ahUKEwjWtuzO7K2GAxWJJBAIHSSFBScQ3ewLegQIBRAU\"><span class=\"Y2IQFc\" lang=\"fi\">S\u00e4ilyt\u00e4 kuivassa, puhtaassa ja viile\u00e4ss\u00e4 paikassa.<\/span><\/p>\n","protected":false},"featured_media":2410,"comment_status":"closed","ping_status":"open","template":"","meta":{"_acf_changed":false},"product_brand":[],"product_cat":[15],"product_tag":[],"class_list":{"0":"post-2406","1":"product","2":"type-product","3":"status-publish","4":"has-post-thumbnail","6":"product_cat-uncategorized","8":"first","9":"instock","10":"shipping-taxable","11":"purchasable","12":"product-type-simple"},"acf":[],"_links":{"self":[{"href":"https:\/\/naturka.fissunov.com\/fi\/wp-json\/wp\/v2\/product\/2406","targetHints":{"allow":["GET"]}}],"collection":[{"href":"https:\/\/naturka.fissunov.com\/fi\/wp-json\/wp\/v2\/product"}],"about":[{"href":"https:\/\/naturka.fissunov.com\/fi\/wp-json\/wp\/v2\/types\/product"}],"replies":[{"embeddable":true,"href":"https:\/\/naturka.fissunov.com\/fi\/wp-json\/wp\/v2\/comments?post=2406"}],"wp:featuredmedia":[{"embeddable":true,"href":"https:\/\/naturka.fissunov.com\/fi\/wp-json\/wp\/v2\/media\/2410"}],"wp:attachment":[{"href":"https:\/\/naturka.fissunov.com\/fi\/wp-json\/wp\/v2\/media?parent=2406"}],"wp:term":[{"taxonomy":"product_brand","embeddable":true,"href":"https:\/\/naturka.fissunov.com\/fi\/wp-json\/wp\/v2\/product_brand?post=2406"},{"taxonomy":"product_cat","embeddable":true,"href":"https:\/\/naturka.fissunov.com\/fi\/wp-json\/wp\/v2\/product_cat?post=2406"},{"taxonomy":"product_tag","embeddable":true,"href":"https:\/\/naturka.fissunov.com\/fi\/wp-json\/wp\/v2\/product_tag?post=2406"}],"curies":[{"name":"wp","href":"https:\/\/api.w.org\/{rel}","templated":true}]}}