{"id":2433,"date":"2021-07-25T20:30:53","date_gmt":"2021-07-25T20:30:53","guid":{"rendered":"https:\/\/naturka.fissunov.com\/product\/mandel\/"},"modified":"2025-11-19T12:50:39","modified_gmt":"2025-11-19T12:50:39","slug":"mandel","status":"publish","type":"product","link":"https:\/\/naturka.fissunov.com\/fi\/product\/mandel\/","title":{"rendered":"Mantelit"},"content":{"rendered":"","protected":false},"excerpt":{"rendered":"<p id=\"tw-target-text\" class=\"tw-data-text tw-text-large tw-ta\" dir=\"ltr\" data-placeholder=\"Translation\" aria-label=\"Translated text\" data-ved=\"2ahUKEwiYsdjth7WGAxWqJBAIHTJDLsoQ3ewLegQIExAU\"><span class=\"Y2IQFc\" lang=\"fi\">Mantelit sis\u00e4lt\u00e4v\u00e4t runsaasti proteiinia ja kuitua. <\/span><\/p>\n<p class=\"tw-data-text tw-text-large tw-ta\" dir=\"ltr\" data-placeholder=\"Translation\" aria-label=\"Translated text\" data-ved=\"2ahUKEwiYsdjth7WGAxWqJBAIHTJDLsoQ3ewLegQIExAU\"><span class=\"Y2IQFc\" lang=\"fi\">N\u00e4m\u00e4 p\u00e4hkin\u00e4t ovat erityisen hyvi\u00e4 diabeetikoille. Mantelit sis\u00e4lt\u00e4v\u00e4t Omega-6-rasvahappoja, kaliumia, E- vitamiini (antioksidantti), magnesium, rauta, sinkki, B1- ja B6-vitamiinit. <\/span><\/p>\n<p class=\"tw-data-text tw-text-large tw-ta\" dir=\"ltr\" data-placeholder=\"Translation\" aria-label=\"Translated text\" data-ved=\"2ahUKEwiYsdjth7WGAxWqJBAIHTJDLsoQ3ewLegQIExAU\"><span class=\"Y2IQFc\" lang=\"fi\">Manteli on luonnollinen proteiinin l\u00e4hde! Manteleita voi sy\u00f6d\u00e4 tuoreena tai k\u00e4ytt\u00e4\u00e4 ruoanlaitossa, ne sopivat erinomaisesti leivontaan, salaateissa jne. <\/span><\/p>\n<p class=\"tw-data-text tw-text-large tw-ta\" dir=\"ltr\" data-placeholder=\"Translation\" aria-label=\"Translated text\" data-ved=\"2ahUKEwiYsdjth7WGAxWqJBAIHTJDLsoQ3ewLegQIExAU\"><span class=\"Y2IQFc\" lang=\"fi\">Saattaa sis\u00e4lt\u00e4\u00e4 pieni\u00e4 m\u00e4\u00e4ri\u00e4 muita p\u00e4hkin\u00f6it\u00e4. <\/span><\/p>\n<p class=\"tw-data-text tw-text-large tw-ta\" dir=\"ltr\" data-placeholder=\"Translation\" aria-label=\"Translated text\" data-ved=\"2ahUKEwiYsdjth7WGAxWqJBAIHTJDLsoQ3ewLegQIExAU\"><span class=\"Y2IQFc\" lang=\"fi\">S\u00e4ilyt\u00e4 kuivassa, puhtaassa ja viile\u00e4ss\u00e4 paikassa.<\/span><\/p>\n","protected":false},"featured_media":2437,"comment_status":"closed","ping_status":"open","template":"","meta":{"_acf_changed":false},"product_brand":[],"product_cat":[15],"product_tag":[],"class_list":{"0":"post-2433","1":"product","2":"type-product","3":"status-publish","4":"has-post-thumbnail","6":"product_cat-uncategorized","8":"first","9":"instock","10":"shipping-taxable","11":"purchasable","12":"product-type-simple"},"acf":[],"_links":{"self":[{"href":"https:\/\/naturka.fissunov.com\/fi\/wp-json\/wp\/v2\/product\/2433","targetHints":{"allow":["GET"]}}],"collection":[{"href":"https:\/\/naturka.fissunov.com\/fi\/wp-json\/wp\/v2\/product"}],"about":[{"href":"https:\/\/naturka.fissunov.com\/fi\/wp-json\/wp\/v2\/types\/product"}],"replies":[{"embeddable":true,"href":"https:\/\/naturka.fissunov.com\/fi\/wp-json\/wp\/v2\/comments?post=2433"}],"wp:featuredmedia":[{"embeddable":true,"href":"https:\/\/naturka.fissunov.com\/fi\/wp-json\/wp\/v2\/media\/2437"}],"wp:attachment":[{"href":"https:\/\/naturka.fissunov.com\/fi\/wp-json\/wp\/v2\/media?parent=2433"}],"wp:term":[{"taxonomy":"product_brand","embeddable":true,"href":"https:\/\/naturka.fissunov.com\/fi\/wp-json\/wp\/v2\/product_brand?post=2433"},{"taxonomy":"product_cat","embeddable":true,"href":"https:\/\/naturka.fissunov.com\/fi\/wp-json\/wp\/v2\/product_cat?post=2433"},{"taxonomy":"product_tag","embeddable":true,"href":"https:\/\/naturka.fissunov.com\/fi\/wp-json\/wp\/v2\/product_tag?post=2433"}],"curies":[{"name":"wp","href":"https:\/\/api.w.org\/{rel}","templated":true}]}}