{"id":2443,"date":"2021-07-25T20:35:47","date_gmt":"2021-07-25T20:35:47","guid":{"rendered":"https:\/\/naturka.fissunov.com\/product\/rost-mandel-koorega\/"},"modified":"2025-11-19T12:50:42","modified_gmt":"2025-11-19T12:50:42","slug":"rost-mandel-koorega","status":"publish","type":"product","link":"https:\/\/naturka.fissunov.com\/fi\/product\/rost-mandel-koorega\/","title":{"rendered":"Paahd. manteli kuoressa"},"content":{"rendered":"","protected":false},"excerpt":{"rendered":"<p>Uusi manteli, joka ei muistuta muita, tulee Afganistanista tai Uzbekistanin etel\u00e4osasta. Monet ajattelevat, ett\u00e4 kyseess\u00e4 on tavallinen manteli, joka on kuoressa, mutta se on t\u00e4ysin toinen mantelilajike. Se on pehme\u00e4 ja maistuu aidolta. Erinomainen p\u00e4hkin\u00e4!<\/p>\n","protected":false},"featured_media":2447,"comment_status":"closed","ping_status":"open","template":"","meta":{"_acf_changed":false},"product_brand":[],"product_cat":[15],"product_tag":[],"class_list":{"0":"post-2443","1":"product","2":"type-product","3":"status-publish","4":"has-post-thumbnail","6":"product_cat-uncategorized","8":"first","9":"outofstock","10":"shipping-taxable","11":"purchasable","12":"product-type-simple"},"acf":[],"_links":{"self":[{"href":"https:\/\/naturka.fissunov.com\/fi\/wp-json\/wp\/v2\/product\/2443","targetHints":{"allow":["GET"]}}],"collection":[{"href":"https:\/\/naturka.fissunov.com\/fi\/wp-json\/wp\/v2\/product"}],"about":[{"href":"https:\/\/naturka.fissunov.com\/fi\/wp-json\/wp\/v2\/types\/product"}],"replies":[{"embeddable":true,"href":"https:\/\/naturka.fissunov.com\/fi\/wp-json\/wp\/v2\/comments?post=2443"}],"wp:featuredmedia":[{"embeddable":true,"href":"https:\/\/naturka.fissunov.com\/fi\/wp-json\/wp\/v2\/media\/2447"}],"wp:attachment":[{"href":"https:\/\/naturka.fissunov.com\/fi\/wp-json\/wp\/v2\/media?parent=2443"}],"wp:term":[{"taxonomy":"product_brand","embeddable":true,"href":"https:\/\/naturka.fissunov.com\/fi\/wp-json\/wp\/v2\/product_brand?post=2443"},{"taxonomy":"product_cat","embeddable":true,"href":"https:\/\/naturka.fissunov.com\/fi\/wp-json\/wp\/v2\/product_cat?post=2443"},{"taxonomy":"product_tag","embeddable":true,"href":"https:\/\/naturka.fissunov.com\/fi\/wp-json\/wp\/v2\/product_tag?post=2443"}],"curies":[{"name":"wp","href":"https:\/\/api.w.org\/{rel}","templated":true}]}}