{"id":2452,"date":"2021-07-25T20:41:06","date_gmt":"2021-07-25T20:41:06","guid":{"rendered":"https:\/\/naturka.fissunov.com\/product\/seedriseemned-2020-a\/"},"modified":"2025-11-19T12:50:44","modified_gmt":"2025-11-19T12:50:44","slug":"seedriseemned-2020-a","status":"publish","type":"product","link":"https:\/\/naturka.fissunov.com\/fi\/product\/seedriseemned-2020-a\/","title":{"rendered":"Setrinsiemenet (2023 a.)"},"content":{"rendered":"","protected":false},"excerpt":{"rendered":"<p id=\"tw-target-text\" class=\"tw-data-text tw-text-large tw-ta\" dir=\"ltr\" data-placeholder=\"Translation\" aria-label=\"Translated text\" data-ved=\"2ahUKEwiEz5f11JaGAxWmEBAIHeapCO4Q3ewLegQIDhAU\"><span class=\"Y2IQFc\" lang=\"fi\">Cedar siemenet tai Sederm\u00e4nni siemenet, korjattu vuonna 2023. <\/span><\/p>\n<p class=\"tw-data-text tw-text-large tw-ta\" dir=\"ltr\" data-placeholder=\"Translation\" aria-label=\"Translated text\" data-ved=\"2ahUKEwiEz5f11JaGAxWmEBAIHeapCO4Q3ewLegQIDhAU\"><span class=\"Y2IQFc\" lang=\"fi\">Pehme\u00e4n makuiset kuoritut seetripuun siemenet sis\u00e4lt\u00e4v\u00e4t runsaasti vitamiineja ja kivenn\u00e4isaineita (magnesiumia, sinkki\u00e4 ja rautaa, E-vitamiinia). <\/span><\/p>\n<p class=\"tw-data-text tw-text-large tw-ta\" dir=\"ltr\" data-placeholder=\"Translation\" aria-label=\"Translated text\" data-ved=\"2ahUKEwiEz5f11JaGAxWmEBAIHeapCO4Q3ewLegQIDhAU\"><span class=\"Y2IQFc\" lang=\"fi\">Energiarikas v\u00e4lipala! N\u00e4m\u00e4 kermaiset seetripuun siemenet sopivat my\u00f6s erinomaisesti lis\u00e4tt\u00e4v\u00e4ksi pestoihin, salaatteihin, hummukseen ja leivonnaisiin. <\/span><\/p>\n<p class=\"tw-data-text tw-text-large tw-ta\" dir=\"ltr\" data-placeholder=\"Translation\" aria-label=\"Translated text\" data-ved=\"2ahUKEwiEz5f11JaGAxWmEBAIHeapCO4Q3ewLegQIDhAU\"><span class=\"Y2IQFc\" lang=\"fi\">S\u00e4ilyt\u00e4 kuivassa, puhtaassa ja viile\u00e4ss\u00e4 paikassa.<\/span><\/p>\n","protected":false},"featured_media":2456,"comment_status":"closed","ping_status":"open","template":"","meta":{"_acf_changed":false},"product_brand":[],"product_cat":[15],"product_tag":[],"class_list":{"0":"post-2452","1":"product","2":"type-product","3":"status-publish","4":"has-post-thumbnail","6":"product_cat-uncategorized","8":"first","9":"instock","10":"shipping-taxable","11":"purchasable","12":"product-type-simple"},"acf":[],"_links":{"self":[{"href":"https:\/\/naturka.fissunov.com\/fi\/wp-json\/wp\/v2\/product\/2452","targetHints":{"allow":["GET"]}}],"collection":[{"href":"https:\/\/naturka.fissunov.com\/fi\/wp-json\/wp\/v2\/product"}],"about":[{"href":"https:\/\/naturka.fissunov.com\/fi\/wp-json\/wp\/v2\/types\/product"}],"replies":[{"embeddable":true,"href":"https:\/\/naturka.fissunov.com\/fi\/wp-json\/wp\/v2\/comments?post=2452"}],"wp:featuredmedia":[{"embeddable":true,"href":"https:\/\/naturka.fissunov.com\/fi\/wp-json\/wp\/v2\/media\/2456"}],"wp:attachment":[{"href":"https:\/\/naturka.fissunov.com\/fi\/wp-json\/wp\/v2\/media?parent=2452"}],"wp:term":[{"taxonomy":"product_brand","embeddable":true,"href":"https:\/\/naturka.fissunov.com\/fi\/wp-json\/wp\/v2\/product_brand?post=2452"},{"taxonomy":"product_cat","embeddable":true,"href":"https:\/\/naturka.fissunov.com\/fi\/wp-json\/wp\/v2\/product_cat?post=2452"},{"taxonomy":"product_tag","embeddable":true,"href":"https:\/\/naturka.fissunov.com\/fi\/wp-json\/wp\/v2\/product_tag?post=2452"}],"curies":[{"name":"wp","href":"https:\/\/api.w.org\/{rel}","templated":true}]}}