{"id":2462,"date":"2021-07-25T21:13:44","date_gmt":"2021-07-25T21:13:44","guid":{"rendered":"https:\/\/naturka.fissunov.com\/product\/735\/"},"modified":"2025-11-19T12:50:47","modified_gmt":"2025-11-19T12:50:47","slug":"735","status":"publish","type":"product","link":"https:\/\/naturka.fissunov.com\/fi\/product\/735\/","title":{"rendered":"Aprikoosi"},"content":{"rendered":"","protected":false},"excerpt":{"rendered":"<p>Aurinkoisesta Uzbekistanista per\u00e4isin olevat aprikoosit ovat t\u00e4ysin erilaisia kuin kaupoissa myyd\u00e4v\u00e4t. Todella isoja, lihaksia ja mehevi\u00e4. T\u00e4ysin eri maku!<\/p>\n","protected":false},"featured_media":2466,"comment_status":"closed","ping_status":"open","template":"","meta":{"_acf_changed":false},"product_brand":[],"product_cat":[15],"product_tag":[],"class_list":{"0":"post-2462","1":"product","2":"type-product","3":"status-publish","4":"has-post-thumbnail","6":"product_cat-uncategorized","8":"first","9":"instock","10":"shipping-taxable","11":"purchasable","12":"product-type-simple"},"acf":[],"_links":{"self":[{"href":"https:\/\/naturka.fissunov.com\/fi\/wp-json\/wp\/v2\/product\/2462","targetHints":{"allow":["GET"]}}],"collection":[{"href":"https:\/\/naturka.fissunov.com\/fi\/wp-json\/wp\/v2\/product"}],"about":[{"href":"https:\/\/naturka.fissunov.com\/fi\/wp-json\/wp\/v2\/types\/product"}],"replies":[{"embeddable":true,"href":"https:\/\/naturka.fissunov.com\/fi\/wp-json\/wp\/v2\/comments?post=2462"}],"wp:featuredmedia":[{"embeddable":true,"href":"https:\/\/naturka.fissunov.com\/fi\/wp-json\/wp\/v2\/media\/2466"}],"wp:attachment":[{"href":"https:\/\/naturka.fissunov.com\/fi\/wp-json\/wp\/v2\/media?parent=2462"}],"wp:term":[{"taxonomy":"product_brand","embeddable":true,"href":"https:\/\/naturka.fissunov.com\/fi\/wp-json\/wp\/v2\/product_brand?post=2462"},{"taxonomy":"product_cat","embeddable":true,"href":"https:\/\/naturka.fissunov.com\/fi\/wp-json\/wp\/v2\/product_cat?post=2462"},{"taxonomy":"product_tag","embeddable":true,"href":"https:\/\/naturka.fissunov.com\/fi\/wp-json\/wp\/v2\/product_tag?post=2462"}],"curies":[{"name":"wp","href":"https:\/\/api.w.org\/{rel}","templated":true}]}}