{"id":2509,"date":"2021-07-25T20:59:51","date_gmt":"2021-07-25T20:59:51","guid":{"rendered":"https:\/\/naturka.fissunov.com\/product\/pirn\/"},"modified":"2025-11-19T12:51:06","modified_gmt":"2025-11-19T12:51:06","slug":"pirn","status":"publish","type":"product","link":"https:\/\/naturka.fissunov.com\/fi\/product\/pirn\/","title":{"rendered":"P\u00e4\u00e4ryn\u00e4"},"content":{"rendered":"","protected":false},"excerpt":{"rendered":"<p class=\"p1\">Armenian tuotteet ovat erilaisia kuivattuja hedelmi\u00e4. Niit\u00e4 voidaan kutsua maailman parhaiksi, koska ne eiv\u00e4t ole samanlaisia kuin muut maailman hedelm\u00e4t tuoreina tai kuivattuina. Makua ei voi selitt\u00e4\u00e4 sanoilla.<\/p>\n<p>S\u00e4ilyt\u00e4 kuivassa, puhtaassa ja viile\u00e4ss\u00e4 paikassa.<\/p>\n","protected":false},"featured_media":2514,"comment_status":"closed","ping_status":"open","template":"","meta":{"_acf_changed":false},"product_brand":[],"product_cat":[15],"product_tag":[],"class_list":{"0":"post-2509","1":"product","2":"type-product","3":"status-publish","4":"has-post-thumbnail","6":"product_cat-uncategorized","8":"first","9":"outofstock","10":"shipping-taxable","11":"purchasable","12":"product-type-simple"},"acf":[],"_links":{"self":[{"href":"https:\/\/naturka.fissunov.com\/fi\/wp-json\/wp\/v2\/product\/2509","targetHints":{"allow":["GET"]}}],"collection":[{"href":"https:\/\/naturka.fissunov.com\/fi\/wp-json\/wp\/v2\/product"}],"about":[{"href":"https:\/\/naturka.fissunov.com\/fi\/wp-json\/wp\/v2\/types\/product"}],"replies":[{"embeddable":true,"href":"https:\/\/naturka.fissunov.com\/fi\/wp-json\/wp\/v2\/comments?post=2509"}],"wp:featuredmedia":[{"embeddable":true,"href":"https:\/\/naturka.fissunov.com\/fi\/wp-json\/wp\/v2\/media\/2514"}],"wp:attachment":[{"href":"https:\/\/naturka.fissunov.com\/fi\/wp-json\/wp\/v2\/media?parent=2509"}],"wp:term":[{"taxonomy":"product_brand","embeddable":true,"href":"https:\/\/naturka.fissunov.com\/fi\/wp-json\/wp\/v2\/product_brand?post=2509"},{"taxonomy":"product_cat","embeddable":true,"href":"https:\/\/naturka.fissunov.com\/fi\/wp-json\/wp\/v2\/product_cat?post=2509"},{"taxonomy":"product_tag","embeddable":true,"href":"https:\/\/naturka.fissunov.com\/fi\/wp-json\/wp\/v2\/product_tag?post=2509"}],"curies":[{"name":"wp","href":"https:\/\/api.w.org\/{rel}","templated":true}]}}