{"id":2617,"date":"2022-02-10T00:22:45","date_gmt":"2022-02-10T00:22:45","guid":{"rendered":"https:\/\/naturka.fissunov.com\/product\/naturka-st-valentine-kingitus\/"},"modified":"2025-11-19T12:51:56","modified_gmt":"2025-11-19T12:51:56","slug":"naturka-st-valentine-kingitus","status":"publish","type":"product","link":"https:\/\/naturka.fissunov.com\/fi\/product\/naturka-st-valentine-kingitus\/","title":{"rendered":"Naturkan LAHJASETTI"},"content":{"rendered":"","protected":false},"excerpt":{"rendered":"<p>Rakastuneiden lahjapaketti. Hellittele l\u00e4hi\u00e4isi\u00e4si Naturkan tuotteilla!<\/p>\n<p>Yst\u00e4v\u00e4np\u00e4iv\u00e4 on jo ohi, mutta tunteet j\u00e4\u00e4v\u00e4t ja valmis lahjamme on aina ajankohtainen! Se t\u00e4ytt\u00e4\u00e4 jokaisen t\u00e4rkeimm\u00e4ll\u00e4 &#8211; TUNTEILLA! Kaikille l\u00e4hiaisillesi parhaita Naturkan herkkuja ja lis\u00e4ksi pullo Ranskan viini\u00e4, joka tekee jokaisesta illasta romanttisen hetken ja saa kumppanisi syd\u00e4men sykkim\u00e4\u00e4n nopeammin! Siit\u00e4 paketista l\u00f6ytyy yli 2kg premium-tuotteita:<\/p>\n<p>5 x Mango 100g (erikoispakkaus)<\/p>\n<p>2 x Mango 250g<\/p>\n<p>0.5kg Premium Pistaasip\u00e4hkin\u00e4t (Suolattu)<\/p>\n<p>0.75l Bottle of Red Wine &#8211; Eritt\u00e4in kevyt ja rikas nuori viini, jossa on t\u00e4ydellinen tanniinitasapaino. Mustaherukkamakuinen juoma, jonka maku ei ole katkera, antaa sinulle unohtumattomia hetki\u00e4.<\/p>\n","protected":false},"featured_media":2620,"comment_status":"closed","ping_status":"open","template":"","meta":{"_acf_changed":false},"product_brand":[],"product_cat":[15],"product_tag":[],"class_list":{"0":"post-2617","1":"product","2":"type-product","3":"status-publish","4":"has-post-thumbnail","6":"product_cat-uncategorized","8":"first","9":"instock","10":"shipping-taxable","11":"purchasable","12":"product-type-simple"},"acf":[],"_links":{"self":[{"href":"https:\/\/naturka.fissunov.com\/fi\/wp-json\/wp\/v2\/product\/2617","targetHints":{"allow":["GET"]}}],"collection":[{"href":"https:\/\/naturka.fissunov.com\/fi\/wp-json\/wp\/v2\/product"}],"about":[{"href":"https:\/\/naturka.fissunov.com\/fi\/wp-json\/wp\/v2\/types\/product"}],"replies":[{"embeddable":true,"href":"https:\/\/naturka.fissunov.com\/fi\/wp-json\/wp\/v2\/comments?post=2617"}],"wp:featuredmedia":[{"embeddable":true,"href":"https:\/\/naturka.fissunov.com\/fi\/wp-json\/wp\/v2\/media\/2620"}],"wp:attachment":[{"href":"https:\/\/naturka.fissunov.com\/fi\/wp-json\/wp\/v2\/media?parent=2617"}],"wp:term":[{"taxonomy":"product_brand","embeddable":true,"href":"https:\/\/naturka.fissunov.com\/fi\/wp-json\/wp\/v2\/product_brand?post=2617"},{"taxonomy":"product_cat","embeddable":true,"href":"https:\/\/naturka.fissunov.com\/fi\/wp-json\/wp\/v2\/product_cat?post=2617"},{"taxonomy":"product_tag","embeddable":true,"href":"https:\/\/naturka.fissunov.com\/fi\/wp-json\/wp\/v2\/product_tag?post=2617"}],"curies":[{"name":"wp","href":"https:\/\/api.w.org\/{rel}","templated":true}]}}