{"id":2624,"date":"2019-12-08T16:25:41","date_gmt":"2019-12-08T16:25:41","guid":{"rendered":"https:\/\/naturka.fissunov.com\/product\/mango-valentinespecial\/"},"modified":"2025-11-19T12:51:57","modified_gmt":"2025-11-19T12:51:57","slug":"mango-valentinespecial","status":"publish","type":"product","link":"https:\/\/naturka.fissunov.com\/fi\/product\/mango-valentinespecial\/","title":{"rendered":"1 KG Mangoa + 500g Taateleita LAHJAKSI"},"content":{"rendered":"","protected":false},"excerpt":{"rendered":"<p>Supertarjoilu terveellisten herkkujen rakastajille!<\/p>\n<p>Kun ostat 1 kg mangoa, saat lahjaksi 500 grammaa taateleita. Jokaisesta ostetusta 1 kg mangosta saat 0,5 kg taateleita lahjaksi. 2 kg mangoa = 1 kg taateleita jne.<\/p>\n<p>N\u00e4m\u00e4 kultaiset palat k\u00e4tkev\u00e4t sis\u00e4\u00e4ns\u00e4 ep\u00e4todellista nautintoa! Herkullinen ja hell\u00e4 mango, johon rakastuu kuka tahansa! Tuhannet onnekkaat ovat jo kiintyneet t\u00e4h\u00e4n uskomattomaan makeaan makuun. Naturkan v\u00e4h\u00e4sokerinen (5%) kuivattu mango sis\u00e4lt\u00e4\u00e4 my\u00f6s yli 20 vitamiinia ja mineraalia, jotka sopivat kulutukseen my\u00f6s terveellisen ruokavalion aikana!<\/p>\n<p id=\"tw-target-text\" class=\"tw-data-text tw-text-large tw-ta\" dir=\"ltr\" data-placeholder=\"Translation\" data-ved=\"2ahUKEwip0-CChduIAxUyJRAIHZrDFbMQ3ewLegQICBAU\" aria-label=\"Translated text: Ainesosat (mango): mango, sakkaroosi (5%), sitruunahappo Ravintosis\u00e4lt\u00f6 per 100g: energiasis\u00e4lt\u00f6 1398,39 kJ\/334 kcal, rasvat 0,49 g, josta tyydyttyneet rasvahapot 0,02 g; hiilihydraatteja 80,7g, joista sokereita 49,5g, proteiineja 1,68g, suolaa 0g. Ainesosat: taatelit 100 % Ravintoarvotiedot per 100g: energiapitoisuus 1296kj\/310kcal, rasvat 0,3g, hiilihydraatit 71,0g, josta sokeria 65,5g, kuitua 5,5g, proteiineja 2,0g, suolaa 0,00g Varastoi kuivassa ja viile\u00e4ss\u00e4 paikassa.\"><span class=\"Y2IQFc\" lang=\"fi\">Ainesosat (mango): mango, sakkaroosi (5%), sitruunahappo <\/span><\/p>\n<p class=\"tw-data-text tw-text-large tw-ta\" dir=\"ltr\" data-placeholder=\"Translation\" data-ved=\"2ahUKEwip0-CChduIAxUyJRAIHZrDFbMQ3ewLegQICBAU\" aria-label=\"Translated text: Ainesosat (mango): mango, sakkaroosi (5%), sitruunahappo Ravintosis\u00e4lt\u00f6 per 100g: energiasis\u00e4lt\u00f6 1398,39 kJ\/334 kcal, rasvat 0,49 g, josta tyydyttyneet rasvahapot 0,02 g; hiilihydraatteja 80,7g, joista sokereita 49,5g, proteiineja 1,68g, suolaa 0g. Ainesosat: taatelit 100 % Ravintoarvotiedot per 100g: energiapitoisuus 1296kj\/310kcal, rasvat 0,3g, hiilihydraatit 71,0g, josta sokeria 65,5g, kuitua 5,5g, proteiineja 2,0g, suolaa 0,00g Varastoi kuivassa ja viile\u00e4ss\u00e4 paikassa.\"><span class=\"Y2IQFc\" lang=\"fi\">Ravintosis\u00e4lt\u00f6 per 100g: energiasis\u00e4lt\u00f6 1398,39 kJ\/334 kcal, rasvat 0,49 g, josta tyydyttyneet rasvahapot 0,02 g; hiilihydraatteja 80,7g, joista sokereita 49,5g, proteiineja 1,68g, suolaa 0g. <\/span><\/p>\n<p class=\"tw-data-text tw-text-large tw-ta\" dir=\"ltr\" data-placeholder=\"Translation\" data-ved=\"2ahUKEwip0-CChduIAxUyJRAIHZrDFbMQ3ewLegQICBAU\" aria-label=\"Translated text: Ainesosat (mango): mango, sakkaroosi (5%), sitruunahappo Ravintosis\u00e4lt\u00f6 per 100g: energiasis\u00e4lt\u00f6 1398,39 kJ\/334 kcal, rasvat 0,49 g, josta tyydyttyneet rasvahapot 0,02 g; hiilihydraatteja 80,7g, joista sokereita 49,5g, proteiineja 1,68g, suolaa 0g. Ainesosat: taatelit 100 % Ravintoarvotiedot per 100g: energiapitoisuus 1296kj\/310kcal, rasvat 0,3g, hiilihydraatit 71,0g, josta sokeria 65,5g, kuitua 5,5g, proteiineja 2,0g, suolaa 0,00g Varastoi kuivassa ja viile\u00e4ss\u00e4 paikassa.\"><span class=\"Y2IQFc\" lang=\"fi\">Ainesosat: taatelit 100 % <\/span><\/p>\n<p class=\"tw-data-text tw-text-large tw-ta\" dir=\"ltr\" data-placeholder=\"Translation\" data-ved=\"2ahUKEwip0-CChduIAxUyJRAIHZrDFbMQ3ewLegQICBAU\" aria-label=\"Translated text: Ainesosat (mango): mango, sakkaroosi (5%), sitruunahappo Ravintosis\u00e4lt\u00f6 per 100g: energiasis\u00e4lt\u00f6 1398,39 kJ\/334 kcal, rasvat 0,49 g, josta tyydyttyneet rasvahapot 0,02 g; hiilihydraatteja 80,7g, joista sokereita 49,5g, proteiineja 1,68g, suolaa 0g. Ainesosat: taatelit 100 % Ravintoarvotiedot per 100g: energiapitoisuus 1296kj\/310kcal, rasvat 0,3g, hiilihydraatit 71,0g, josta sokeria 65,5g, kuitua 5,5g, proteiineja 2,0g, suolaa 0,00g Varastoi kuivassa ja viile\u00e4ss\u00e4 paikassa.\"><span class=\"Y2IQFc\" lang=\"fi\">Ravintoarvotiedot per 100g: energiapitoisuus 1296kj\/310kcal, rasvat 0,3g, hiilihydraatit 71,0g, josta sokeria 65,5g, kuitua 5,5g, proteiineja 2,0g, suolaa 0,00g <\/span><\/p>\n<p class=\"tw-data-text tw-text-large tw-ta\" dir=\"ltr\" data-placeholder=\"Translation\" data-ved=\"2ahUKEwip0-CChduIAxUyJRAIHZrDFbMQ3ewLegQICBAU\" aria-label=\"Translated text: Ainesosat (mango): mango, sakkaroosi (5%), sitruunahappo Ravintosis\u00e4lt\u00f6 per 100g: energiasis\u00e4lt\u00f6 1398,39 kJ\/334 kcal, rasvat 0,49 g, josta tyydyttyneet rasvahapot 0,02 g; hiilihydraatteja 80,7g, joista sokereita 49,5g, proteiineja 1,68g, suolaa 0g. Ainesosat: taatelit 100 % Ravintoarvotiedot per 100g: energiapitoisuus 1296kj\/310kcal, rasvat 0,3g, hiilihydraatit 71,0g, josta sokeria 65,5g, kuitua 5,5g, proteiineja 2,0g, suolaa 0,00g Varastoi kuivassa ja viile\u00e4ss\u00e4 paikassa.\"><span class=\"Y2IQFc\" lang=\"fi\">Varastoi kuivassa ja viile\u00e4ss\u00e4 paikassa.<\/span><\/p>\n","protected":false},"featured_media":2630,"comment_status":"closed","ping_status":"open","template":"","meta":{"_acf_changed":false},"product_brand":[],"product_cat":[15],"product_tag":[],"class_list":{"0":"post-2624","1":"product","2":"type-product","3":"status-publish","4":"has-post-thumbnail","6":"product_cat-uncategorized","8":"first","9":"instock","10":"shipping-taxable","11":"purchasable","12":"product-type-simple"},"acf":[],"_links":{"self":[{"href":"https:\/\/naturka.fissunov.com\/fi\/wp-json\/wp\/v2\/product\/2624","targetHints":{"allow":["GET"]}}],"collection":[{"href":"https:\/\/naturka.fissunov.com\/fi\/wp-json\/wp\/v2\/product"}],"about":[{"href":"https:\/\/naturka.fissunov.com\/fi\/wp-json\/wp\/v2\/types\/product"}],"replies":[{"embeddable":true,"href":"https:\/\/naturka.fissunov.com\/fi\/wp-json\/wp\/v2\/comments?post=2624"}],"wp:featuredmedia":[{"embeddable":true,"href":"https:\/\/naturka.fissunov.com\/fi\/wp-json\/wp\/v2\/media\/2630"}],"wp:attachment":[{"href":"https:\/\/naturka.fissunov.com\/fi\/wp-json\/wp\/v2\/media?parent=2624"}],"wp:term":[{"taxonomy":"product_brand","embeddable":true,"href":"https:\/\/naturka.fissunov.com\/fi\/wp-json\/wp\/v2\/product_brand?post=2624"},{"taxonomy":"product_cat","embeddable":true,"href":"https:\/\/naturka.fissunov.com\/fi\/wp-json\/wp\/v2\/product_cat?post=2624"},{"taxonomy":"product_tag","embeddable":true,"href":"https:\/\/naturka.fissunov.com\/fi\/wp-json\/wp\/v2\/product_tag?post=2624"}],"curies":[{"name":"wp","href":"https:\/\/api.w.org\/{rel}","templated":true}]}}