{"id":2714,"date":"2023-08-19T18:51:16","date_gmt":"2023-08-19T18:51:16","guid":{"rendered":"https:\/\/naturka.fissunov.com\/product\/mango-ilma-suhkruta-ultra-maitsev\/"},"modified":"2025-11-19T12:53:50","modified_gmt":"2025-11-19T12:53:50","slug":"mango-ilma-suhkruta-ultra-maitsev","status":"publish","type":"product","link":"https:\/\/naturka.fissunov.com\/fi\/product\/mango-ilma-suhkruta-ultra-maitsev\/","title":{"rendered":"Mango (ilman sokeria)"},"content":{"rendered":"","protected":false},"excerpt":{"rendered":"<p><strong>NB! <span class=\"Y2IQFc\" lang=\"fi\">Uusi mango ilman sokeria, uudessa uudelleensuljettavassa pakkauksessa 250g! Leikkaa k\u00e4tev\u00e4sti paloiksi!<\/span><\/strong><\/p>\n<p>Mango ilman sokeria, valmistettu erityisen reseptin mukaan juuri Naturkalle!<\/p>\n<p>Kokeile vain ja ymm\u00e4rr\u00e4t, ett\u00e4 et halua kokeilla muita sokerittomia mangoja.<\/p>\n<p>S\u00e4ilyt\u00e4 kuivassa, puhtaassa ja viile\u00e4ss\u00e4 paikassa.<\/p>\n","protected":false},"featured_media":2717,"comment_status":"closed","ping_status":"open","template":"","meta":{"_acf_changed":false},"product_brand":[],"product_cat":[15],"product_tag":[],"class_list":{"0":"post-2714","1":"product","2":"type-product","3":"status-publish","4":"has-post-thumbnail","6":"product_cat-uncategorized","8":"first","9":"instock","10":"shipping-taxable","11":"purchasable","12":"product-type-simple"},"acf":[],"_links":{"self":[{"href":"https:\/\/naturka.fissunov.com\/fi\/wp-json\/wp\/v2\/product\/2714","targetHints":{"allow":["GET"]}}],"collection":[{"href":"https:\/\/naturka.fissunov.com\/fi\/wp-json\/wp\/v2\/product"}],"about":[{"href":"https:\/\/naturka.fissunov.com\/fi\/wp-json\/wp\/v2\/types\/product"}],"replies":[{"embeddable":true,"href":"https:\/\/naturka.fissunov.com\/fi\/wp-json\/wp\/v2\/comments?post=2714"}],"wp:featuredmedia":[{"embeddable":true,"href":"https:\/\/naturka.fissunov.com\/fi\/wp-json\/wp\/v2\/media\/2717"}],"wp:attachment":[{"href":"https:\/\/naturka.fissunov.com\/fi\/wp-json\/wp\/v2\/media?parent=2714"}],"wp:term":[{"taxonomy":"product_brand","embeddable":true,"href":"https:\/\/naturka.fissunov.com\/fi\/wp-json\/wp\/v2\/product_brand?post=2714"},{"taxonomy":"product_cat","embeddable":true,"href":"https:\/\/naturka.fissunov.com\/fi\/wp-json\/wp\/v2\/product_cat?post=2714"},{"taxonomy":"product_tag","embeddable":true,"href":"https:\/\/naturka.fissunov.com\/fi\/wp-json\/wp\/v2\/product_tag?post=2714"}],"curies":[{"name":"wp","href":"https:\/\/api.w.org\/{rel}","templated":true}]}}