{"id":2797,"date":"2023-09-02T12:13:02","date_gmt":"2023-09-02T12:13:02","guid":{"rendered":"https:\/\/naturka.fissunov.com\/product\/mango-100g-ilman-sokeria\/"},"modified":"2025-11-19T12:54:14","modified_gmt":"2025-11-19T12:54:14","slug":"mango-100g-ilman-sokeria","status":"publish","type":"product","link":"https:\/\/naturka.fissunov.com\/fi\/product\/mango-100g-ilman-sokeria\/","title":{"rendered":"Mango (ilman sokeria)"},"content":{"rendered":"","protected":false},"excerpt":{"rendered":"<p>Mango ilman sokeria, valmistettu erityisen reseptin mukaan juuri Naturkalle!<\/p>\n<p>Kokeile vain ja ymm\u00e4rr\u00e4t, ett\u00e4 et halua kokeilla muita sokerittomia mangoja. USKOMATTOMAN pehme\u00e4t palat, miellytt\u00e4v\u00e4 kosketusrakenne, sanoinkuvaamaton ja herkk\u00e4 mangon maku jo ensimm\u00e4isell\u00e4 kosketuksella makuhermoihin.<\/p>\n<p>S\u00e4ilyt\u00e4 kuivassa, puhtaassa ja viile\u00e4ss\u00e4 paikassa.<\/p>\n","protected":false},"featured_media":2717,"comment_status":"closed","ping_status":"open","template":"","meta":{"_acf_changed":false},"product_brand":[],"product_cat":[15],"product_tag":[],"class_list":{"0":"post-2797","1":"product","2":"type-product","3":"status-publish","4":"has-post-thumbnail","6":"product_cat-uncategorized","8":"first","9":"outofstock","10":"shipping-taxable","11":"purchasable","12":"product-type-simple"},"acf":[],"_links":{"self":[{"href":"https:\/\/naturka.fissunov.com\/fi\/wp-json\/wp\/v2\/product\/2797","targetHints":{"allow":["GET"]}}],"collection":[{"href":"https:\/\/naturka.fissunov.com\/fi\/wp-json\/wp\/v2\/product"}],"about":[{"href":"https:\/\/naturka.fissunov.com\/fi\/wp-json\/wp\/v2\/types\/product"}],"replies":[{"embeddable":true,"href":"https:\/\/naturka.fissunov.com\/fi\/wp-json\/wp\/v2\/comments?post=2797"}],"wp:featuredmedia":[{"embeddable":true,"href":"https:\/\/naturka.fissunov.com\/fi\/wp-json\/wp\/v2\/media\/2717"}],"wp:attachment":[{"href":"https:\/\/naturka.fissunov.com\/fi\/wp-json\/wp\/v2\/media?parent=2797"}],"wp:term":[{"taxonomy":"product_brand","embeddable":true,"href":"https:\/\/naturka.fissunov.com\/fi\/wp-json\/wp\/v2\/product_brand?post=2797"},{"taxonomy":"product_cat","embeddable":true,"href":"https:\/\/naturka.fissunov.com\/fi\/wp-json\/wp\/v2\/product_cat?post=2797"},{"taxonomy":"product_tag","embeddable":true,"href":"https:\/\/naturka.fissunov.com\/fi\/wp-json\/wp\/v2\/product_tag?post=2797"}],"curies":[{"name":"wp","href":"https:\/\/api.w.org\/{rel}","templated":true}]}}