{"id":2840,"date":"2024-05-15T13:43:47","date_gmt":"2024-05-15T13:43:47","guid":{"rendered":"https:\/\/naturka.fissunov.com\/product\/kirss\/"},"modified":"2025-11-19T12:54:35","modified_gmt":"2025-11-19T12:54:35","slug":"kirss","status":"publish","type":"product","link":"https:\/\/naturka.fissunov.com\/fi\/product\/kirss\/","title":{"rendered":"Kirsikka"},"content":{"rendered":"","protected":false},"excerpt":{"rendered":"<p id=\"tw-target-text\" class=\"tw-data-text tw-text-large tw-ta\" dir=\"ltr\" data-placeholder=\"Translation\" aria-label=\"Translated text\" data-ved=\"2ahUKEwiQ-_y024-GAxXrHhAIHT_dD_EQ3ewLegQIBRAU\"><span class=\"Y2IQFc\" lang=\"fi\">Uusi tuote &#8211; kuivattu kirsikka ilman kive\u00e4.<\/span><\/p>\n<p class=\"tw-data-text tw-text-large tw-ta\" dir=\"ltr\" data-placeholder=\"Translation\" aria-label=\"Translated text\" data-ved=\"2ahUKEwiQ-_y024-GAxXrHhAIHT_dD_EQ3ewLegQIBRAU\"><span class=\"Y2IQFc\" lang=\"fi\">Kuivattu kirsikka sopii erinomaisesti v\u00e4lipalaksi sellaisenaan ja erilaisten ruokien kanssa. Lis\u00e4\u00e4 se aamiaismuroihin, jogurttiin tai leivonnaisiin! <\/span><\/p>\n<p class=\"tw-data-text tw-text-large tw-ta\" dir=\"ltr\" data-placeholder=\"Translation\" aria-label=\"Translated text\" data-ved=\"2ahUKEwiQ-_y024-GAxXrHhAIHT_dD_EQ3ewLegQIBRAU\"><span class=\"Y2IQFc\" lang=\"fi\">Kaunis, maukas, makea ja vitamiinirikas marja. <\/span><span class=\"Y2IQFc\" lang=\"fi\">Sis\u00e4lt\u00e4\u00e4 rautaa, C-vitamiinia, B9-vitamiinia (foolihappoa), P-vitamiinia ja paljon muuta. <\/span><\/p>\n<p class=\"tw-data-text tw-text-large tw-ta\" dir=\"ltr\" data-placeholder=\"Translation\" aria-label=\"Translated text\" data-ved=\"2ahUKEwiQ-_y024-GAxXrHhAIHT_dD_EQ3ewLegQIBRAU\"><span class=\"Y2IQFc\" lang=\"fi\">S\u00e4ilyt\u00e4 kuivassa, puhtaassa ja viile\u00e4ss\u00e4 paikassa.<\/span><\/p>\n","protected":false},"featured_media":2842,"comment_status":"closed","ping_status":"open","template":"","meta":{"_acf_changed":false},"product_brand":[],"product_cat":[15],"product_tag":[],"class_list":{"0":"post-2840","1":"product","2":"type-product","3":"status-publish","4":"has-post-thumbnail","6":"product_cat-uncategorized","8":"first","9":"instock","10":"shipping-taxable","11":"purchasable","12":"product-type-simple"},"acf":[],"_links":{"self":[{"href":"https:\/\/naturka.fissunov.com\/fi\/wp-json\/wp\/v2\/product\/2840","targetHints":{"allow":["GET"]}}],"collection":[{"href":"https:\/\/naturka.fissunov.com\/fi\/wp-json\/wp\/v2\/product"}],"about":[{"href":"https:\/\/naturka.fissunov.com\/fi\/wp-json\/wp\/v2\/types\/product"}],"replies":[{"embeddable":true,"href":"https:\/\/naturka.fissunov.com\/fi\/wp-json\/wp\/v2\/comments?post=2840"}],"wp:featuredmedia":[{"embeddable":true,"href":"https:\/\/naturka.fissunov.com\/fi\/wp-json\/wp\/v2\/media\/2842"}],"wp:attachment":[{"href":"https:\/\/naturka.fissunov.com\/fi\/wp-json\/wp\/v2\/media?parent=2840"}],"wp:term":[{"taxonomy":"product_brand","embeddable":true,"href":"https:\/\/naturka.fissunov.com\/fi\/wp-json\/wp\/v2\/product_brand?post=2840"},{"taxonomy":"product_cat","embeddable":true,"href":"https:\/\/naturka.fissunov.com\/fi\/wp-json\/wp\/v2\/product_cat?post=2840"},{"taxonomy":"product_tag","embeddable":true,"href":"https:\/\/naturka.fissunov.com\/fi\/wp-json\/wp\/v2\/product_tag?post=2840"}],"curies":[{"name":"wp","href":"https:\/\/api.w.org\/{rel}","templated":true}]}}