{"id":2848,"date":"2024-05-15T15:35:05","date_gmt":"2024-05-15T15:35:05","guid":{"rendered":"https:\/\/naturka.fissunov.com\/product\/kuiv-ingver-kuubikud\/"},"modified":"2025-11-19T12:54:37","modified_gmt":"2025-11-19T12:54:37","slug":"kuiv-ingver-kuubikud","status":"publish","type":"product","link":"https:\/\/naturka.fissunov.com\/fi\/product\/kuiv-ingver-kuubikud\/","title":{"rendered":"Kuivattu inkiv\u00e4\u00e4ri"},"content":{"rendered":"","protected":false},"excerpt":{"rendered":"<p class=\"tw-data-text tw-text-large tw-ta\" dir=\"ltr\" data-placeholder=\"Translation\" aria-label=\"Translated text\" data-ved=\"2ahUKEwiQ-_y024-GAxXrHhAIHT_dD_EQ3ewLegQIBRAU\"><span class=\"Y2IQFc\" lang=\"fi\">Uusi tuote &#8211; kuivattu inkiv\u00e4\u00e4ri (<\/span><span class=\"Y2IQFc\" lang=\"fi\">sokerin kanssa<\/span><span class=\"Y2IQFc\" lang=\"fi\">). <\/span><\/p>\n<p class=\"tw-data-text tw-text-large tw-ta\" dir=\"ltr\" data-placeholder=\"Translation\" aria-label=\"Translated text\" data-ved=\"2ahUKEwiQ-_y024-GAxXrHhAIHT_dD_EQ3ewLegQIBRAU\"><span class=\"Y2IQFc\" lang=\"fi\">Voimakas juuri vahvistaa immuunij\u00e4rjestelm\u00e4\u00e4, jolla on my\u00f6nteinen vaikutus kehoon ja aivoihin. Voimakkaalla ominaismakulla. <\/span><\/p>\n<p class=\"tw-data-text tw-text-large tw-ta\" dir=\"ltr\" data-placeholder=\"Translation\" aria-label=\"Translated text\" data-ved=\"2ahUKEwiQ-_y024-GAxXrHhAIHT_dD_EQ3ewLegQIBRAU\"><span class=\"Y2IQFc\" lang=\"fi\">Mausteinen suussa sulava v\u00e4lipala, joka sopii sek\u00e4 sy\u00f6miseen ett\u00e4 leivonnaisten lisukkeeksi. <\/span><\/p>\n<p class=\"tw-data-text tw-text-large tw-ta\" dir=\"ltr\" data-placeholder=\"Translation\" aria-label=\"Translated text\" data-ved=\"2ahUKEwiQ-_y024-GAxXrHhAIHT_dD_EQ3ewLegQIBRAU\"><span class=\"Y2IQFc\" lang=\"fi\">S\u00e4ilyt\u00e4 kuivassa, puhtaassa ja viile\u00e4ss\u00e4 paikassa.<\/span><\/p>\n","protected":false},"featured_media":2850,"comment_status":"closed","ping_status":"open","template":"","meta":{"_acf_changed":false},"product_brand":[],"product_cat":[15],"product_tag":[],"class_list":{"0":"post-2848","1":"product","2":"type-product","3":"status-publish","4":"has-post-thumbnail","6":"product_cat-uncategorized","8":"first","9":"instock","10":"shipping-taxable","11":"purchasable","12":"product-type-simple"},"acf":[],"_links":{"self":[{"href":"https:\/\/naturka.fissunov.com\/fi\/wp-json\/wp\/v2\/product\/2848","targetHints":{"allow":["GET"]}}],"collection":[{"href":"https:\/\/naturka.fissunov.com\/fi\/wp-json\/wp\/v2\/product"}],"about":[{"href":"https:\/\/naturka.fissunov.com\/fi\/wp-json\/wp\/v2\/types\/product"}],"replies":[{"embeddable":true,"href":"https:\/\/naturka.fissunov.com\/fi\/wp-json\/wp\/v2\/comments?post=2848"}],"wp:featuredmedia":[{"embeddable":true,"href":"https:\/\/naturka.fissunov.com\/fi\/wp-json\/wp\/v2\/media\/2850"}],"wp:attachment":[{"href":"https:\/\/naturka.fissunov.com\/fi\/wp-json\/wp\/v2\/media?parent=2848"}],"wp:term":[{"taxonomy":"product_brand","embeddable":true,"href":"https:\/\/naturka.fissunov.com\/fi\/wp-json\/wp\/v2\/product_brand?post=2848"},{"taxonomy":"product_cat","embeddable":true,"href":"https:\/\/naturka.fissunov.com\/fi\/wp-json\/wp\/v2\/product_cat?post=2848"},{"taxonomy":"product_tag","embeddable":true,"href":"https:\/\/naturka.fissunov.com\/fi\/wp-json\/wp\/v2\/product_tag?post=2848"}],"curies":[{"name":"wp","href":"https:\/\/api.w.org\/{rel}","templated":true}]}}