{"id":2852,"date":"2024-05-14T16:29:13","date_gmt":"2024-05-14T16:29:13","guid":{"rendered":"https:\/\/naturka.fissunov.com\/product\/riisin-kekseja-rigato\/"},"modified":"2025-11-19T12:54:38","modified_gmt":"2025-11-19T12:54:38","slug":"riisin-kekseja-rigato","status":"publish","type":"product","link":"https:\/\/naturka.fissunov.com\/fi\/product\/riisin-kekseja-rigato\/","title":{"rendered":"Riisin keksej\u00e4 Rigato"},"content":{"rendered":"","protected":false},"excerpt":{"rendered":"<p id=\"tw-target-text\" class=\"tw-data-text tw-text-large tw-ta\" dir=\"ltr\" data-placeholder=\"Translation\" aria-label=\"Translated text\" data-ved=\"2ahUKEwiEt6mMkZKGAxW5FBAIHdDUAFIQ3ewLegQIExAU\"><span class=\"Y2IQFc\" lang=\"fi\">Uusi tuote &#8211; riisikekset Rigato. <\/span><\/p>\n<p class=\"tw-data-text tw-text-large tw-ta\" dir=\"ltr\" data-placeholder=\"Translation\" aria-label=\"Translated text\" data-ved=\"2ahUKEwiEt6mMkZKGAxW5FBAIHdDUAFIQ3ewLegQIExAU\"><span class=\"Y2IQFc\" lang=\"fi\">V\u00e4rikk\u00e4\u00e4t tyynyt, jotka sopivat t\u00e4ydellisesti kevyeksi v\u00e4lipalaksi! <\/span><span class=\"Y2IQFc\" lang=\"fi\">Herkullinen v\u00e4lipalasekoitus, joka sopii sek\u00e4 juhlap\u00f6yt\u00e4\u00e4n ett\u00e4 v\u00e4lipalaksi. <\/span><\/p>\n<p class=\"tw-data-text tw-text-large tw-ta\" dir=\"ltr\" data-placeholder=\"Translation\" aria-label=\"Translated text\" data-ved=\"2ahUKEwiEt6mMkZKGAxW5FBAIHdDUAFIQ3ewLegQIExAU\"><span class=\"Y2IQFc\" lang=\"fi\">Riisikeksit \u2013 loistava vaihtoehto perunalastuille! <\/span><\/p>\n<p class=\"tw-data-text tw-text-large tw-ta\" dir=\"ltr\" data-placeholder=\"Translation\" aria-label=\"Translated text\" data-ved=\"2ahUKEwiEt6mMkZKGAxW5FBAIHdDUAFIQ3ewLegQIExAU\"><span class=\"Y2IQFc\" lang=\"fi\">S\u00e4ilyt\u00e4 kuivassa, puhtaassa ja viile\u00e4ss\u00e4 paikassa.<\/span><\/p>\n","protected":false},"featured_media":2854,"comment_status":"closed","ping_status":"open","template":"","meta":{"_acf_changed":false},"product_brand":[],"product_cat":[15],"product_tag":[],"class_list":{"0":"post-2852","1":"product","2":"type-product","3":"status-publish","4":"has-post-thumbnail","6":"product_cat-uncategorized","8":"first","9":"instock","10":"shipping-taxable","11":"purchasable","12":"product-type-simple"},"acf":[],"_links":{"self":[{"href":"https:\/\/naturka.fissunov.com\/fi\/wp-json\/wp\/v2\/product\/2852","targetHints":{"allow":["GET"]}}],"collection":[{"href":"https:\/\/naturka.fissunov.com\/fi\/wp-json\/wp\/v2\/product"}],"about":[{"href":"https:\/\/naturka.fissunov.com\/fi\/wp-json\/wp\/v2\/types\/product"}],"replies":[{"embeddable":true,"href":"https:\/\/naturka.fissunov.com\/fi\/wp-json\/wp\/v2\/comments?post=2852"}],"wp:featuredmedia":[{"embeddable":true,"href":"https:\/\/naturka.fissunov.com\/fi\/wp-json\/wp\/v2\/media\/2854"}],"wp:attachment":[{"href":"https:\/\/naturka.fissunov.com\/fi\/wp-json\/wp\/v2\/media?parent=2852"}],"wp:term":[{"taxonomy":"product_brand","embeddable":true,"href":"https:\/\/naturka.fissunov.com\/fi\/wp-json\/wp\/v2\/product_brand?post=2852"},{"taxonomy":"product_cat","embeddable":true,"href":"https:\/\/naturka.fissunov.com\/fi\/wp-json\/wp\/v2\/product_cat?post=2852"},{"taxonomy":"product_tag","embeddable":true,"href":"https:\/\/naturka.fissunov.com\/fi\/wp-json\/wp\/v2\/product_tag?post=2852"}],"curies":[{"name":"wp","href":"https:\/\/api.w.org\/{rel}","templated":true}]}}