{"id":2860,"date":"2024-05-16T17:01:52","date_gmt":"2024-05-16T17:01:52","guid":{"rendered":"https:\/\/naturka.fissunov.com\/product\/fyysiset-marjat-inkamarjat\/"},"modified":"2025-11-19T12:54:41","modified_gmt":"2025-11-19T12:54:41","slug":"fyysiset-marjat-inkamarjat","status":"publish","type":"product","link":"https:\/\/naturka.fissunov.com\/fi\/product\/fyysiset-marjat-inkamarjat\/","title":{"rendered":"Fyysiset marjat \/ inkamarjat"},"content":{"rendered":"","protected":false},"excerpt":{"rendered":"<p id=\"tw-target-text\" class=\"tw-data-text tw-text-large tw-ta\" dir=\"ltr\" data-placeholder=\"Translation\" aria-label=\"Translated text\" data-ved=\"2ahUKEwjIl4yIzJKGAxXrExAIHWeJD-oQ3ewLegQIDhAU\"><span class=\"Y2IQFc\" lang=\"fi\">Uusi tuote &#8211; lempe\u00e4n hapanimel\u00e4iset fysalismarjat eli inkamarjat. <\/span><\/p>\n<p class=\"tw-data-text tw-text-large tw-ta\" dir=\"ltr\" data-placeholder=\"Translation\" aria-label=\"Translated text\" data-ved=\"2ahUKEwjIl4yIzJKGAxXrExAIHWeJD-oQ3ewLegQIDhAU\"><span class=\"Y2IQFc\" lang=\"fi\">N\u00e4m\u00e4 kuivatut marjat sis\u00e4lt\u00e4v\u00e4t runsaasti C-vitamiinia sek\u00e4 A-, B3-, B1- ja B2-vitamiineja, rautaa, fosforia, kalsiumia ja tietysti kasviravinteita ja kasviproteiinia. Inkamarjat sis\u00e4lt\u00e4v\u00e4t my\u00f6s polyfenoleja ja karotenoideja, jotka toimivat antioksidantteina ja ovat tulehdusta ehk\u00e4isevi\u00e4. <\/span><\/p>\n<p class=\"tw-data-text tw-text-large tw-ta\" dir=\"ltr\" data-placeholder=\"Translation\" aria-label=\"Translated text\" data-ved=\"2ahUKEwjIl4yIzJKGAxXrExAIHWeJD-oQ3ewLegQIDhAU\"><span class=\"Y2IQFc\" lang=\"fi\">Vitamiinirikas ja terveellinen v\u00e4lipala, jota voidaan lis\u00e4t\u00e4 my\u00f6s jogurttiin, puuroon ja leivonnaisiin. <\/span><\/p>\n<p class=\"tw-data-text tw-text-large tw-ta\" dir=\"ltr\" data-placeholder=\"Translation\" aria-label=\"Translated text\" data-ved=\"2ahUKEwjIl4yIzJKGAxXrExAIHWeJD-oQ3ewLegQIDhAU\"><span class=\"Y2IQFc\" lang=\"fi\">S\u00e4ilyt\u00e4 kuivassa, puhtaassa ja viile\u00e4ss\u00e4 paikassa.<\/span><\/p>\n","protected":false},"featured_media":2862,"comment_status":"closed","ping_status":"open","template":"","meta":{"_acf_changed":false},"product_brand":[],"product_cat":[15],"product_tag":[],"class_list":{"0":"post-2860","1":"product","2":"type-product","3":"status-publish","4":"has-post-thumbnail","6":"product_cat-uncategorized","8":"first","9":"instock","10":"shipping-taxable","11":"purchasable","12":"product-type-simple"},"acf":[],"_links":{"self":[{"href":"https:\/\/naturka.fissunov.com\/fi\/wp-json\/wp\/v2\/product\/2860","targetHints":{"allow":["GET"]}}],"collection":[{"href":"https:\/\/naturka.fissunov.com\/fi\/wp-json\/wp\/v2\/product"}],"about":[{"href":"https:\/\/naturka.fissunov.com\/fi\/wp-json\/wp\/v2\/types\/product"}],"replies":[{"embeddable":true,"href":"https:\/\/naturka.fissunov.com\/fi\/wp-json\/wp\/v2\/comments?post=2860"}],"wp:featuredmedia":[{"embeddable":true,"href":"https:\/\/naturka.fissunov.com\/fi\/wp-json\/wp\/v2\/media\/2862"}],"wp:attachment":[{"href":"https:\/\/naturka.fissunov.com\/fi\/wp-json\/wp\/v2\/media?parent=2860"}],"wp:term":[{"taxonomy":"product_brand","embeddable":true,"href":"https:\/\/naturka.fissunov.com\/fi\/wp-json\/wp\/v2\/product_brand?post=2860"},{"taxonomy":"product_cat","embeddable":true,"href":"https:\/\/naturka.fissunov.com\/fi\/wp-json\/wp\/v2\/product_cat?post=2860"},{"taxonomy":"product_tag","embeddable":true,"href":"https:\/\/naturka.fissunov.com\/fi\/wp-json\/wp\/v2\/product_tag?post=2860"}],"curies":[{"name":"wp","href":"https:\/\/api.w.org\/{rel}","templated":true}]}}