{"id":2996,"date":"2024-08-05T11:11:21","date_gmt":"2024-08-05T11:11:21","guid":{"rendered":"https:\/\/naturka.fissunov.com\/product\/seedriseemned-45\/"},"modified":"2025-11-19T12:55:20","modified_gmt":"2025-11-19T12:55:20","slug":"seedriseemned-45","status":"publish","type":"product","link":"https:\/\/naturka.fissunov.com\/fi\/product\/seedriseemned-45\/","title":{"rendered":"Setrinsiemenet (100g pack) 4=5"},"content":{"rendered":"","protected":false},"excerpt":{"rendered":"<p id=\"tw-target-text\" class=\"tw-data-text tw-text-large tw-ta\" dir=\"ltr\" data-placeholder=\"Translation\" aria-label=\"Translated text\" data-ved=\"2ahUKEwigsuqB3d2HAxXKJRAIHS2vIJAQ3ewLegQIBxAU\"><span class=\"Y2IQFc\" lang=\"fi\">Osta 4 pakkausta 100g setrin siemeni\u00e4 (400g) ja saat viidennen paketin ilmaiseksi! <\/span><\/p>\n<p class=\"tw-data-text tw-text-large tw-ta\" dir=\"ltr\" data-placeholder=\"Translation\" aria-label=\"Translated text\" data-ved=\"2ahUKEwigsuqB3d2HAxXKJRAIHS2vIJAQ3ewLegQIBxAU\"><span class=\"Y2IQFc\" lang=\"fi\">Pehme\u00e4n makuiset kuoritut seetripuun siemenet sis\u00e4lt\u00e4v\u00e4t runsaasti vitamiineja ja kivenn\u00e4isaineita (magnesiumia, sinkki\u00e4 ja rautaa, E-vitamiinia). <\/span><\/p>\n<p class=\"tw-data-text tw-text-large tw-ta\" dir=\"ltr\" data-placeholder=\"Translation\" aria-label=\"Translated text\" data-ved=\"2ahUKEwigsuqB3d2HAxXKJRAIHS2vIJAQ3ewLegQIBxAU\"><span class=\"Y2IQFc\" lang=\"fi\">Energiarikas v\u00e4lipala! Ota se mukaasi t\u00f6ihin, kouluun tai matkoille. N\u00e4m\u00e4 kermaiset seetripuun siemenet sopivat my\u00f6s pestoon, salaatteihin, hummukseen ja leivonnaisiin. Ne eiv\u00e4t ole vain terveellisi\u00e4, vaan my\u00f6s herkullisia.<\/span><\/p>\n<p id=\"tw-target-text\" class=\"tw-data-text tw-text-large tw-ta\" dir=\"ltr\" data-placeholder=\"Translation\" data-ved=\"2ahUKEwip0-CChduIAxUyJRAIHZrDFbMQ3ewLegQICBAU\" aria-label=\"Translated text: Ainesosat: setrin siemenet 100 %\n\nRavintoarvotiedot per 100g:\n\nenergiapitoisuus 2815,83kj\/673kcal, rasvat 68,4g, josta tyydyttyneet rasvahapot 5,0g, hiilihydraatit 13g josta sokereita 3g, rasva-aineet 5,2g, proteiinit 13,07g, suola 0g\"><span class=\"Y2IQFc\" lang=\"fi\">Ainesosat: setrin siemenet 100 % <\/span><\/p>\n<p class=\"tw-data-text tw-text-large tw-ta\" dir=\"ltr\" data-placeholder=\"Translation\" data-ved=\"2ahUKEwip0-CChduIAxUyJRAIHZrDFbMQ3ewLegQICBAU\" aria-label=\"Translated text: Ainesosat: setrin siemenet 100 %\n\nRavintoarvotiedot per 100g:\n\nenergiapitoisuus 2815,83kj\/673kcal, rasvat 68,4g, josta tyydyttyneet rasvahapot 5,0g, hiilihydraatit 13g josta sokereita 3g, rasva-aineet 5,2g, proteiinit 13,07g, suola 0g\"><span class=\"Y2IQFc\" lang=\"fi\">Ravintoarvotiedot per 100g: energiapitoisuus 2815,83kj\/673kcal, rasvat 68,4g, josta tyydyttyneet rasvahapot 5,0g, hiilihydraatit 13g josta sokereita 3g, rasva-aineet 5,2g, proteiinit 13,07g, suola 0g<\/span><\/p>\n<p class=\"tw-data-text tw-text-large tw-ta\" dir=\"ltr\" data-placeholder=\"Translation\" aria-label=\"Translated text\" data-ved=\"2ahUKEwigsuqB3d2HAxXKJRAIHS2vIJAQ3ewLegQIBxAU\"><span class=\"Y2IQFc\" lang=\"fi\">S\u00e4ilyt\u00e4 kuivassa, puhtaassa ja viile\u00e4ss\u00e4 paikassa.<\/span><\/p>\n","protected":false},"featured_media":2999,"comment_status":"closed","ping_status":"open","template":"","meta":{"_acf_changed":false},"product_brand":[],"product_cat":[15],"product_tag":[],"class_list":{"0":"post-2996","1":"product","2":"type-product","3":"status-publish","4":"has-post-thumbnail","6":"product_cat-uncategorized","8":"first","9":"instock","10":"shipping-taxable","11":"purchasable","12":"product-type-simple"},"acf":[],"_links":{"self":[{"href":"https:\/\/naturka.fissunov.com\/fi\/wp-json\/wp\/v2\/product\/2996","targetHints":{"allow":["GET"]}}],"collection":[{"href":"https:\/\/naturka.fissunov.com\/fi\/wp-json\/wp\/v2\/product"}],"about":[{"href":"https:\/\/naturka.fissunov.com\/fi\/wp-json\/wp\/v2\/types\/product"}],"replies":[{"embeddable":true,"href":"https:\/\/naturka.fissunov.com\/fi\/wp-json\/wp\/v2\/comments?post=2996"}],"wp:featuredmedia":[{"embeddable":true,"href":"https:\/\/naturka.fissunov.com\/fi\/wp-json\/wp\/v2\/media\/2999"}],"wp:attachment":[{"href":"https:\/\/naturka.fissunov.com\/fi\/wp-json\/wp\/v2\/media?parent=2996"}],"wp:term":[{"taxonomy":"product_brand","embeddable":true,"href":"https:\/\/naturka.fissunov.com\/fi\/wp-json\/wp\/v2\/product_brand?post=2996"},{"taxonomy":"product_cat","embeddable":true,"href":"https:\/\/naturka.fissunov.com\/fi\/wp-json\/wp\/v2\/product_cat?post=2996"},{"taxonomy":"product_tag","embeddable":true,"href":"https:\/\/naturka.fissunov.com\/fi\/wp-json\/wp\/v2\/product_tag?post=2996"}],"curies":[{"name":"wp","href":"https:\/\/api.w.org\/{rel}","templated":true}]}}