{"id":3013,"date":"2024-09-24T07:35:43","date_gmt":"2024-09-24T07:35:43","guid":{"rendered":"https:\/\/naturka.fissunov.com\/product\/2-kg-mangot-kingituseks-0-5-kg-ananassi\/"},"modified":"2025-11-19T12:55:27","modified_gmt":"2025-11-19T12:55:27","slug":"2-kg-mangot-kingituseks-0-5-kg-ananassi","status":"publish","type":"product","link":"https:\/\/naturka.fissunov.com\/fi\/product\/2-kg-mangot-kingituseks-0-5-kg-ananassi\/","title":{"rendered":"2KG Mangoa + 0.5KG ananasta LAHJANA"},"content":{"rendered":"","protected":false},"excerpt":{"rendered":"<p id=\"tw-target-text\" class=\"tw-data-text tw-text-large tw-ta\" dir=\"ltr\" data-placeholder=\"Translation\" data-ved=\"2ahUKEwip0-CChduIAxUyJRAIHZrDFbMQ3ewLegQICBAU\" aria-label=\"Translated text: Supertarjous terveellisten makeisten yst\u00e4ville! Jokaista ostamaasi 2 kg mangoa kohden annamme sinulle 0,5 kg pakkauksen kuivattua ananasta! 4 kg mangoja = 1 kg (2 pakkausta) kuivattua ananasta jne. N\u00e4m\u00e4 kultaiset palaset k\u00e4tkev\u00e4t ep\u00e4todellista nautintoa! Herkullinen ja hell\u00e4 mango, johon kaikki rakastuvat! Tuhannet onnensienet ovat jo kiinnittyneet t\u00e4h\u00e4n uskomattoman makeaan makuun. Naturkan v\u00e4h\u00e4sokerisessa (5%) kuivatussa mangossa on my\u00f6s yli 20 vitamiinia ja kivenn\u00e4isainetta, jotka sopivat nautittavaksi my\u00f6s laihduttamalla tai terveellisesti! Kokeile supermaukasta mangoamme! Naturka takaa, ett\u00e4 sen unohtumaton maku ja tuoksu eiv\u00e4t j\u00e4t\u00e4 sinua v\u00e4linpit\u00e4m\u00e4tt\u00f6m\u00e4ksi. Ananasrenkaat - jotain erityisen hyv\u00e4\u00e4! Ananas sis\u00e4lt\u00e4\u00e4 runsaasti kivenn\u00e4isaineita ja vitamiineja, sis\u00e4lt\u00e4\u00e4: C-vitamiinia, magnesiumia, kalsiumia, sinkki\u00e4. Ainesosat (mango): mango, sakkaroosi (5%), sitruunahappo Ravintosis\u00e4lt\u00f6 per 100g: energiasis\u00e4lt\u00f6 1398,39 kJ\/334 kcal, rasvat 0,49 g, josta tyydyttyneet rasvahapot 0,02 g; hiilihydraatteja 80,7g, joista sokereita 49,5g, proteiineja 1,68g, suolaa 0g. Ainesosat (ananas): ananas 100% Ravintosis\u00e4lt\u00f6 per 100g: energiasis\u00e4lt\u00f6 1393kj\/ 333kcal, rasvat 0,3g, josta tyydyttyneet rasvahapot 0,1g, hiilihydraatit 74,0g, joista sokereita 69,9g, hiilihydraatteja 8,7g, proteiinit 3,2g, suola 0,0g S\u00e4ilyt\u00e4 kuivassa, puhtaassa ja viile\u00e4ss\u00e4 paikassa.\"><span class=\"Y2IQFc\" lang=\"fi\">Supertarjous terveellisten makeisten yst\u00e4ville! <\/span><\/p>\n<p class=\"tw-data-text tw-text-large tw-ta\" dir=\"ltr\" data-placeholder=\"Translation\" data-ved=\"2ahUKEwip0-CChduIAxUyJRAIHZrDFbMQ3ewLegQICBAU\" aria-label=\"Translated text: Supertarjous terveellisten makeisten yst\u00e4ville! Jokaista ostamaasi 2 kg mangoa kohden annamme sinulle 0,5 kg pakkauksen kuivattua ananasta! 4 kg mangoja = 1 kg (2 pakkausta) kuivattua ananasta jne. N\u00e4m\u00e4 kultaiset palaset k\u00e4tkev\u00e4t ep\u00e4todellista nautintoa! Herkullinen ja hell\u00e4 mango, johon kaikki rakastuvat! Tuhannet onnensienet ovat jo kiinnittyneet t\u00e4h\u00e4n uskomattoman makeaan makuun. Naturkan v\u00e4h\u00e4sokerisessa (5%) kuivatussa mangossa on my\u00f6s yli 20 vitamiinia ja kivenn\u00e4isainetta, jotka sopivat nautittavaksi my\u00f6s laihduttamalla tai terveellisesti! Kokeile supermaukasta mangoamme! Naturka takaa, ett\u00e4 sen unohtumaton maku ja tuoksu eiv\u00e4t j\u00e4t\u00e4 sinua v\u00e4linpit\u00e4m\u00e4tt\u00f6m\u00e4ksi. Ananasrenkaat - jotain erityisen hyv\u00e4\u00e4! Ananas sis\u00e4lt\u00e4\u00e4 runsaasti kivenn\u00e4isaineita ja vitamiineja, sis\u00e4lt\u00e4\u00e4: C-vitamiinia, magnesiumia, kalsiumia, sinkki\u00e4. Ainesosat (mango): mango, sakkaroosi (5%), sitruunahappo Ravintosis\u00e4lt\u00f6 per 100g: energiasis\u00e4lt\u00f6 1398,39 kJ\/334 kcal, rasvat 0,49 g, josta tyydyttyneet rasvahapot 0,02 g; hiilihydraatteja 80,7g, joista sokereita 49,5g, proteiineja 1,68g, suolaa 0g. Ainesosat (ananas): ananas 100% Ravintosis\u00e4lt\u00f6 per 100g: energiasis\u00e4lt\u00f6 1393kj\/ 333kcal, rasvat 0,3g, josta tyydyttyneet rasvahapot 0,1g, hiilihydraatit 74,0g, joista sokereita 69,9g, hiilihydraatteja 8,7g, proteiinit 3,2g, suola 0,0g S\u00e4ilyt\u00e4 kuivassa, puhtaassa ja viile\u00e4ss\u00e4 paikassa.\"><span class=\"Y2IQFc\" lang=\"fi\">Jokaista ostamaasi 2 kg mangoa kohden annamme sinulle 0,5 kg pakkauksen kuivattua ananasta! 4 kg mangoja = 1 kg (2 pakkausta) kuivattua ananasta jne. <\/span><\/p>\n<p class=\"tw-data-text tw-text-large tw-ta\" dir=\"ltr\" data-placeholder=\"Translation\" data-ved=\"2ahUKEwip0-CChduIAxUyJRAIHZrDFbMQ3ewLegQICBAU\" aria-label=\"Translated text: Supertarjous terveellisten makeisten yst\u00e4ville! Jokaista ostamaasi 2 kg mangoa kohden annamme sinulle 0,5 kg pakkauksen kuivattua ananasta! 4 kg mangoja = 1 kg (2 pakkausta) kuivattua ananasta jne. N\u00e4m\u00e4 kultaiset palaset k\u00e4tkev\u00e4t ep\u00e4todellista nautintoa! Herkullinen ja hell\u00e4 mango, johon kaikki rakastuvat! Tuhannet onnensienet ovat jo kiinnittyneet t\u00e4h\u00e4n uskomattoman makeaan makuun. Naturkan v\u00e4h\u00e4sokerisessa (5%) kuivatussa mangossa on my\u00f6s yli 20 vitamiinia ja kivenn\u00e4isainetta, jotka sopivat nautittavaksi my\u00f6s laihduttamalla tai terveellisesti! Kokeile supermaukasta mangoamme! Naturka takaa, ett\u00e4 sen unohtumaton maku ja tuoksu eiv\u00e4t j\u00e4t\u00e4 sinua v\u00e4linpit\u00e4m\u00e4tt\u00f6m\u00e4ksi. Ananasrenkaat - jotain erityisen hyv\u00e4\u00e4! Ananas sis\u00e4lt\u00e4\u00e4 runsaasti kivenn\u00e4isaineita ja vitamiineja, sis\u00e4lt\u00e4\u00e4: C-vitamiinia, magnesiumia, kalsiumia, sinkki\u00e4. Ainesosat (mango): mango, sakkaroosi (5%), sitruunahappo Ravintosis\u00e4lt\u00f6 per 100g: energiasis\u00e4lt\u00f6 1398,39 kJ\/334 kcal, rasvat 0,49 g, josta tyydyttyneet rasvahapot 0,02 g; hiilihydraatteja 80,7g, joista sokereita 49,5g, proteiineja 1,68g, suolaa 0g. Ainesosat (ananas): ananas 100% Ravintosis\u00e4lt\u00f6 per 100g: energiasis\u00e4lt\u00f6 1393kj\/ 333kcal, rasvat 0,3g, josta tyydyttyneet rasvahapot 0,1g, hiilihydraatit 74,0g, joista sokereita 69,9g, hiilihydraatteja 8,7g, proteiinit 3,2g, suola 0,0g S\u00e4ilyt\u00e4 kuivassa, puhtaassa ja viile\u00e4ss\u00e4 paikassa.\"><span class=\"Y2IQFc\" lang=\"fi\">N\u00e4m\u00e4 kultaiset palaset k\u00e4tkev\u00e4t ep\u00e4todellista nautintoa! Herkullinen ja hell\u00e4 mango, johon kaikki rakastuvat! Tuhannet onnensienet ovat jo kiinnittyneet t\u00e4h\u00e4n uskomattoman makeaan makuun. Naturkan v\u00e4h\u00e4sokerisessa (5%) kuivatussa mangossa on my\u00f6s yli 20 vitamiinia ja kivenn\u00e4isainetta, jotka sopivat nautittavaksi my\u00f6s laihduttamalla tai terveellisesti! <\/span><\/p>\n<p class=\"tw-data-text tw-text-large tw-ta\" dir=\"ltr\" data-placeholder=\"Translation\" data-ved=\"2ahUKEwip0-CChduIAxUyJRAIHZrDFbMQ3ewLegQICBAU\" aria-label=\"Translated text: Supertarjous terveellisten makeisten yst\u00e4ville! Jokaista ostamaasi 2 kg mangoa kohden annamme sinulle 0,5 kg pakkauksen kuivattua ananasta! 4 kg mangoja = 1 kg (2 pakkausta) kuivattua ananasta jne. N\u00e4m\u00e4 kultaiset palaset k\u00e4tkev\u00e4t ep\u00e4todellista nautintoa! Herkullinen ja hell\u00e4 mango, johon kaikki rakastuvat! Tuhannet onnensienet ovat jo kiinnittyneet t\u00e4h\u00e4n uskomattoman makeaan makuun. Naturkan v\u00e4h\u00e4sokerisessa (5%) kuivatussa mangossa on my\u00f6s yli 20 vitamiinia ja kivenn\u00e4isainetta, jotka sopivat nautittavaksi my\u00f6s laihduttamalla tai terveellisesti! Kokeile supermaukasta mangoamme! Naturka takaa, ett\u00e4 sen unohtumaton maku ja tuoksu eiv\u00e4t j\u00e4t\u00e4 sinua v\u00e4linpit\u00e4m\u00e4tt\u00f6m\u00e4ksi. Ananasrenkaat - jotain erityisen hyv\u00e4\u00e4! Ananas sis\u00e4lt\u00e4\u00e4 runsaasti kivenn\u00e4isaineita ja vitamiineja, sis\u00e4lt\u00e4\u00e4: C-vitamiinia, magnesiumia, kalsiumia, sinkki\u00e4. Ainesosat (mango): mango, sakkaroosi (5%), sitruunahappo Ravintosis\u00e4lt\u00f6 per 100g: energiasis\u00e4lt\u00f6 1398,39 kJ\/334 kcal, rasvat 0,49 g, josta tyydyttyneet rasvahapot 0,02 g; hiilihydraatteja 80,7g, joista sokereita 49,5g, proteiineja 1,68g, suolaa 0g. Ainesosat (ananas): ananas 100% Ravintosis\u00e4lt\u00f6 per 100g: energiasis\u00e4lt\u00f6 1393kj\/ 333kcal, rasvat 0,3g, josta tyydyttyneet rasvahapot 0,1g, hiilihydraatit 74,0g, joista sokereita 69,9g, hiilihydraatteja 8,7g, proteiinit 3,2g, suola 0,0g S\u00e4ilyt\u00e4 kuivassa, puhtaassa ja viile\u00e4ss\u00e4 paikassa.\"><span class=\"Y2IQFc\" lang=\"fi\">Kokeile supermaukasta mangoamme! Naturka takaa, ett\u00e4 sen unohtumaton maku ja tuoksu eiv\u00e4t j\u00e4t\u00e4 sinua v\u00e4linpit\u00e4m\u00e4tt\u00f6m\u00e4ksi. <\/span><\/p>\n<p class=\"tw-data-text tw-text-large tw-ta\" dir=\"ltr\" data-placeholder=\"Translation\" data-ved=\"2ahUKEwip0-CChduIAxUyJRAIHZrDFbMQ3ewLegQICBAU\" aria-label=\"Translated text: Supertarjous terveellisten makeisten yst\u00e4ville! Jokaista ostamaasi 2 kg mangoa kohden annamme sinulle 0,5 kg pakkauksen kuivattua ananasta! 4 kg mangoja = 1 kg (2 pakkausta) kuivattua ananasta jne. N\u00e4m\u00e4 kultaiset palaset k\u00e4tkev\u00e4t ep\u00e4todellista nautintoa! Herkullinen ja hell\u00e4 mango, johon kaikki rakastuvat! Tuhannet onnensienet ovat jo kiinnittyneet t\u00e4h\u00e4n uskomattoman makeaan makuun. Naturkan v\u00e4h\u00e4sokerisessa (5%) kuivatussa mangossa on my\u00f6s yli 20 vitamiinia ja kivenn\u00e4isainetta, jotka sopivat nautittavaksi my\u00f6s laihduttamalla tai terveellisesti! Kokeile supermaukasta mangoamme! Naturka takaa, ett\u00e4 sen unohtumaton maku ja tuoksu eiv\u00e4t j\u00e4t\u00e4 sinua v\u00e4linpit\u00e4m\u00e4tt\u00f6m\u00e4ksi. Ananasrenkaat - jotain erityisen hyv\u00e4\u00e4! Ananas sis\u00e4lt\u00e4\u00e4 runsaasti kivenn\u00e4isaineita ja vitamiineja, sis\u00e4lt\u00e4\u00e4: C-vitamiinia, magnesiumia, kalsiumia, sinkki\u00e4. Ainesosat (mango): mango, sakkaroosi (5%), sitruunahappo Ravintosis\u00e4lt\u00f6 per 100g: energiasis\u00e4lt\u00f6 1398,39 kJ\/334 kcal, rasvat 0,49 g, josta tyydyttyneet rasvahapot 0,02 g; hiilihydraatteja 80,7g, joista sokereita 49,5g, proteiineja 1,68g, suolaa 0g. Ainesosat (ananas): ananas 100% Ravintosis\u00e4lt\u00f6 per 100g: energiasis\u00e4lt\u00f6 1393kj\/ 333kcal, rasvat 0,3g, josta tyydyttyneet rasvahapot 0,1g, hiilihydraatit 74,0g, joista sokereita 69,9g, hiilihydraatteja 8,7g, proteiinit 3,2g, suola 0,0g S\u00e4ilyt\u00e4 kuivassa, puhtaassa ja viile\u00e4ss\u00e4 paikassa.\"><span class=\"Y2IQFc\" lang=\"fi\">Ananasrenkaat &#8211; jotain erityisen hyv\u00e4\u00e4! Ananas sis\u00e4lt\u00e4\u00e4 runsaasti kivenn\u00e4isaineita ja vitamiineja, sis\u00e4lt\u00e4\u00e4: C-vitamiinia, magnesiumia, kalsiumia, sinkki\u00e4. <\/span><\/p>\n<p class=\"tw-data-text tw-text-large tw-ta\" dir=\"ltr\" data-placeholder=\"Translation\" data-ved=\"2ahUKEwip0-CChduIAxUyJRAIHZrDFbMQ3ewLegQICBAU\" aria-label=\"Translated text: Supertarjous terveellisten makeisten yst\u00e4ville! Jokaista ostamaasi 2 kg mangoa kohden annamme sinulle 0,5 kg pakkauksen kuivattua ananasta! 4 kg mangoja = 1 kg (2 pakkausta) kuivattua ananasta jne. N\u00e4m\u00e4 kultaiset palaset k\u00e4tkev\u00e4t ep\u00e4todellista nautintoa! Herkullinen ja hell\u00e4 mango, johon kaikki rakastuvat! Tuhannet onnensienet ovat jo kiinnittyneet t\u00e4h\u00e4n uskomattoman makeaan makuun. Naturkan v\u00e4h\u00e4sokerisessa (5%) kuivatussa mangossa on my\u00f6s yli 20 vitamiinia ja kivenn\u00e4isainetta, jotka sopivat nautittavaksi my\u00f6s laihduttamalla tai terveellisesti! Kokeile supermaukasta mangoamme! Naturka takaa, ett\u00e4 sen unohtumaton maku ja tuoksu eiv\u00e4t j\u00e4t\u00e4 sinua v\u00e4linpit\u00e4m\u00e4tt\u00f6m\u00e4ksi. Ananasrenkaat - jotain erityisen hyv\u00e4\u00e4! Ananas sis\u00e4lt\u00e4\u00e4 runsaasti kivenn\u00e4isaineita ja vitamiineja, sis\u00e4lt\u00e4\u00e4: C-vitamiinia, magnesiumia, kalsiumia, sinkki\u00e4. Ainesosat (mango): mango, sakkaroosi (5%), sitruunahappo Ravintosis\u00e4lt\u00f6 per 100g: energiasis\u00e4lt\u00f6 1398,39 kJ\/334 kcal, rasvat 0,49 g, josta tyydyttyneet rasvahapot 0,02 g; hiilihydraatteja 80,7g, joista sokereita 49,5g, proteiineja 1,68g, suolaa 0g. Ainesosat (ananas): ananas 100% Ravintosis\u00e4lt\u00f6 per 100g: energiasis\u00e4lt\u00f6 1393kj\/ 333kcal, rasvat 0,3g, josta tyydyttyneet rasvahapot 0,1g, hiilihydraatit 74,0g, joista sokereita 69,9g, hiilihydraatteja 8,7g, proteiinit 3,2g, suola 0,0g S\u00e4ilyt\u00e4 kuivassa, puhtaassa ja viile\u00e4ss\u00e4 paikassa.\"><span class=\"Y2IQFc\" lang=\"fi\">Ravintosis\u00e4lt\u00f6 per 100g (mango): energiasis\u00e4lt\u00f6 1398,39 kJ\/334 kcal, rasvat 0,49 g, josta tyydyttyneet rasvahapot 0,02 g; hiilihydraatteja 80,7g, joista sokereita 49,5g, proteiineja 1,68g, suolaa 0g.<\/span><\/p>\n<p class=\"tw-data-text tw-text-large tw-ta\" dir=\"ltr\" data-placeholder=\"Translation\" data-ved=\"2ahUKEwip0-CChduIAxUyJRAIHZrDFbMQ3ewLegQICBAU\" aria-label=\"Translated text: Supertarjous terveellisten makeisten yst\u00e4ville! Jokaista ostamaasi 2 kg mangoa kohden annamme sinulle 0,5 kg pakkauksen kuivattua ananasta! 4 kg mangoja = 1 kg (2 pakkausta) kuivattua ananasta jne. N\u00e4m\u00e4 kultaiset palaset k\u00e4tkev\u00e4t ep\u00e4todellista nautintoa! Herkullinen ja hell\u00e4 mango, johon kaikki rakastuvat! Tuhannet onnensienet ovat jo kiinnittyneet t\u00e4h\u00e4n uskomattoman makeaan makuun. Naturkan v\u00e4h\u00e4sokerisessa (5%) kuivatussa mangossa on my\u00f6s yli 20 vitamiinia ja kivenn\u00e4isainetta, jotka sopivat nautittavaksi my\u00f6s laihduttamalla tai terveellisesti! Kokeile supermaukasta mangoamme! Naturka takaa, ett\u00e4 sen unohtumaton maku ja tuoksu eiv\u00e4t j\u00e4t\u00e4 sinua v\u00e4linpit\u00e4m\u00e4tt\u00f6m\u00e4ksi. Ananasrenkaat - jotain erityisen hyv\u00e4\u00e4! Ananas sis\u00e4lt\u00e4\u00e4 runsaasti kivenn\u00e4isaineita ja vitamiineja, sis\u00e4lt\u00e4\u00e4: C-vitamiinia, magnesiumia, kalsiumia, sinkki\u00e4. Ainesosat (mango): mango, sakkaroosi (5%), sitruunahappo Ravintosis\u00e4lt\u00f6 per 100g: energiasis\u00e4lt\u00f6 1398,39 kJ\/334 kcal, rasvat 0,49 g, josta tyydyttyneet rasvahapot 0,02 g; hiilihydraatteja 80,7g, joista sokereita 49,5g, proteiineja 1,68g, suolaa 0g. Ainesosat (ananas): ananas 100% Ravintosis\u00e4lt\u00f6 per 100g: energiasis\u00e4lt\u00f6 1393kj\/ 333kcal, rasvat 0,3g, josta tyydyttyneet rasvahapot 0,1g, hiilihydraatit 74,0g, joista sokereita 69,9g, hiilihydraatteja 8,7g, proteiinit 3,2g, suola 0,0g S\u00e4ilyt\u00e4 kuivassa, puhtaassa ja viile\u00e4ss\u00e4 paikassa.\"><span class=\"Y2IQFc\" lang=\"fi\">Ravintosis\u00e4lt\u00f6 per 100g (ananas): energiasis\u00e4lt\u00f6 1393kj\/ 333kcal, rasvat 0,3g, josta tyydyttyneet rasvahapot 0,1g, hiilihydraatit 74,0g, joista sokereita 69,9g, hiilihydraatteja 8,7g, proteiinit 3,2g, suola 0,0g <\/span><\/p>\n<p class=\"tw-data-text tw-text-large tw-ta\" dir=\"ltr\" data-placeholder=\"Translation\" data-ved=\"2ahUKEwip0-CChduIAxUyJRAIHZrDFbMQ3ewLegQICBAU\" aria-label=\"Translated text: Supertarjous terveellisten makeisten yst\u00e4ville! Jokaista ostamaasi 2 kg mangoa kohden annamme sinulle 0,5 kg pakkauksen kuivattua ananasta! 4 kg mangoja = 1 kg (2 pakkausta) kuivattua ananasta jne. N\u00e4m\u00e4 kultaiset palaset k\u00e4tkev\u00e4t ep\u00e4todellista nautintoa! Herkullinen ja hell\u00e4 mango, johon kaikki rakastuvat! Tuhannet onnensienet ovat jo kiinnittyneet t\u00e4h\u00e4n uskomattoman makeaan makuun. Naturkan v\u00e4h\u00e4sokerisessa (5%) kuivatussa mangossa on my\u00f6s yli 20 vitamiinia ja kivenn\u00e4isainetta, jotka sopivat nautittavaksi my\u00f6s laihduttamalla tai terveellisesti! Kokeile supermaukasta mangoamme! Naturka takaa, ett\u00e4 sen unohtumaton maku ja tuoksu eiv\u00e4t j\u00e4t\u00e4 sinua v\u00e4linpit\u00e4m\u00e4tt\u00f6m\u00e4ksi. Ananasrenkaat - jotain erityisen hyv\u00e4\u00e4! Ananas sis\u00e4lt\u00e4\u00e4 runsaasti kivenn\u00e4isaineita ja vitamiineja, sis\u00e4lt\u00e4\u00e4: C-vitamiinia, magnesiumia, kalsiumia, sinkki\u00e4. Ainesosat (mango): mango, sakkaroosi (5%), sitruunahappo Ravintosis\u00e4lt\u00f6 per 100g: energiasis\u00e4lt\u00f6 1398,39 kJ\/334 kcal, rasvat 0,49 g, josta tyydyttyneet rasvahapot 0,02 g; hiilihydraatteja 80,7g, joista sokereita 49,5g, proteiineja 1,68g, suolaa 0g. Ainesosat (ananas): ananas 100% Ravintosis\u00e4lt\u00f6 per 100g: energiasis\u00e4lt\u00f6 1393kj\/ 333kcal, rasvat 0,3g, josta tyydyttyneet rasvahapot 0,1g, hiilihydraatit 74,0g, joista sokereita 69,9g, hiilihydraatteja 8,7g, proteiinit 3,2g, suola 0,0g S\u00e4ilyt\u00e4 kuivassa, puhtaassa ja viile\u00e4ss\u00e4 paikassa.\"><span class=\"Y2IQFc\" lang=\"fi\">S\u00e4ilyt\u00e4 kuivassa, puhtaassa ja viile\u00e4ss\u00e4 paikassa.<\/span><\/p>\n","protected":false},"featured_media":3017,"comment_status":"closed","ping_status":"open","template":"","meta":{"_acf_changed":false},"product_brand":[],"product_cat":[15],"product_tag":[],"class_list":{"0":"post-3013","1":"product","2":"type-product","3":"status-publish","4":"has-post-thumbnail","6":"product_cat-uncategorized","8":"first","9":"instock","10":"shipping-taxable","11":"purchasable","12":"product-type-simple"},"acf":[],"_links":{"self":[{"href":"https:\/\/naturka.fissunov.com\/fi\/wp-json\/wp\/v2\/product\/3013","targetHints":{"allow":["GET"]}}],"collection":[{"href":"https:\/\/naturka.fissunov.com\/fi\/wp-json\/wp\/v2\/product"}],"about":[{"href":"https:\/\/naturka.fissunov.com\/fi\/wp-json\/wp\/v2\/types\/product"}],"replies":[{"embeddable":true,"href":"https:\/\/naturka.fissunov.com\/fi\/wp-json\/wp\/v2\/comments?post=3013"}],"wp:featuredmedia":[{"embeddable":true,"href":"https:\/\/naturka.fissunov.com\/fi\/wp-json\/wp\/v2\/media\/3017"}],"wp:attachment":[{"href":"https:\/\/naturka.fissunov.com\/fi\/wp-json\/wp\/v2\/media?parent=3013"}],"wp:term":[{"taxonomy":"product_brand","embeddable":true,"href":"https:\/\/naturka.fissunov.com\/fi\/wp-json\/wp\/v2\/product_brand?post=3013"},{"taxonomy":"product_cat","embeddable":true,"href":"https:\/\/naturka.fissunov.com\/fi\/wp-json\/wp\/v2\/product_cat?post=3013"},{"taxonomy":"product_tag","embeddable":true,"href":"https:\/\/naturka.fissunov.com\/fi\/wp-json\/wp\/v2\/product_tag?post=3013"}],"curies":[{"name":"wp","href":"https:\/\/api.w.org\/{rel}","templated":true}]}}