{"id":3027,"date":"2024-12-16T19:40:59","date_gmt":"2024-12-16T19:40:59","guid":{"rendered":"https:\/\/naturka.fissunov.com\/product\/mango-1kg\/"},"modified":"2026-03-04T17:38:30","modified_gmt":"2026-03-04T17:38:30","slug":"mango1kg","status":"publish","type":"product","link":"https:\/\/naturka.fissunov.com\/fi\/product\/mango1kg\/","title":{"rendered":"Mango 1kg"},"content":{"rendered":"","protected":false},"excerpt":{"rendered":"<p id=\"tw-target-text\" class=\"tw-data-text tw-text-large tw-ta\" dir=\"ltr\" data-placeholder=\"Translation\" aria-label=\"Translated text\" data-ved=\"2ahUKEwiCxOuNsriHAxXYGBAIHUQ1AsMQ3ewLegQIBxAU\"><b>1kg mango = 4 x 250g<\/b><\/p>\n<p class=\"tw-data-text tw-text-large tw-ta\" dir=\"ltr\" data-placeholder=\"Translation\" aria-label=\"Translated text\" data-ved=\"2ahUKEwiCxOuNsriHAxXYGBAIHUQ1AsMQ3ewLegQIBxAU\"><span class=\"Y2IQFc\" lang=\"fi\">N\u00e4m\u00e4 kultahiput k\u00e4tkev\u00e4t ep\u00e4todellisen nautinnon! Herkullinen ja hell\u00e4 mango, johon kaikki rakastuvat! Liev\u00e4sti hapan mango sulaa suussa eik\u00e4 j\u00e4t\u00e4 ket\u00e4\u00e4n v\u00e4linpit\u00e4m\u00e4tt\u00f6m\u00e4ksi. Alhaisen sokeripitoisuuden (vain 5%) ansiosta se sis\u00e4lt\u00e4\u00e4 yli 20 vitamiinia ja kivenn\u00e4isainetta terveelliseen ravintoon ja ruokavalioon!<\/span><\/p>\n<p id=\"tw-target-text\" class=\"tw-data-text tw-text-large tw-ta\" dir=\"ltr\" data-placeholder=\"Translation\" data-ved=\"2ahUKEwip0-CChduIAxUyJRAIHZrDFbMQ3ewLegQICBAU\" aria-label=\"Translated text: Ainesosat: mango, sokeri (5%), sitruunahappo Ravintosis\u00e4lt\u00f6 per 100g: energiasis\u00e4lt\u00f6 1398,39 kJ\/334 kcal, rasvat 0,49 g, josta tyydyttyneet rasvahapot 0,02 g; hiilihydraatteja 80,7g, joista sokereita 49,5g, proteiineja 1,68g, suolaa 0g.\"><span class=\"Y2IQFc\" lang=\"fi\">Ainesosat: mango, sokeri (5%), sitruunahappo <\/span><\/p>\n<p class=\"tw-data-text tw-text-large tw-ta\" dir=\"ltr\" data-placeholder=\"Translation\" data-ved=\"2ahUKEwip0-CChduIAxUyJRAIHZrDFbMQ3ewLegQICBAU\" aria-label=\"Translated text: Ainesosat: mango, sokeri (5%), sitruunahappo Ravintosis\u00e4lt\u00f6 per 100g: energiasis\u00e4lt\u00f6 1398,39 kJ\/334 kcal, rasvat 0,49 g, josta tyydyttyneet rasvahapot 0,02 g; hiilihydraatteja 80,7g, joista sokereita 49,5g, proteiineja 1,68g, suolaa 0g.\"><span class=\"Y2IQFc\" lang=\"fi\">Ravintosis\u00e4lt\u00f6 per 100g: energiasis\u00e4lt\u00f6 1398,39 kJ\/334 kcal, rasvat 0,49 g, josta tyydyttyneet rasvahapot 0,02 g; hiilihydraatteja 80,7g, joista sokereita 49,5g, proteiineja 1,68g, suolaa 0g.<\/span><\/p>\n<p class=\"tw-data-text tw-text-large tw-ta\" dir=\"ltr\" data-placeholder=\"Translation\" aria-label=\"Translated text\" data-ved=\"2ahUKEwiCxOuNsriHAxXYGBAIHUQ1AsMQ3ewLegQIBxAU\"><span class=\"Y2IQFc\" lang=\"fi\">S\u00e4ilyt\u00e4 kuivassa, puhtaassa ja viile\u00e4ss\u00e4 paikassa.<\/span><\/p>\n","protected":false},"featured_media":4630,"comment_status":"closed","ping_status":"closed","template":"","meta":{"_acf_changed":false},"product_brand":[],"product_cat":[15],"product_tag":[],"class_list":{"0":"post-3027","1":"product","2":"type-product","3":"status-publish","4":"has-post-thumbnail","6":"product_cat-uncategorized","8":"first","9":"instock","10":"shipping-taxable","11":"purchasable","12":"product-type-simple"},"acf":[],"_links":{"self":[{"href":"https:\/\/naturka.fissunov.com\/fi\/wp-json\/wp\/v2\/product\/3027","targetHints":{"allow":["GET"]}}],"collection":[{"href":"https:\/\/naturka.fissunov.com\/fi\/wp-json\/wp\/v2\/product"}],"about":[{"href":"https:\/\/naturka.fissunov.com\/fi\/wp-json\/wp\/v2\/types\/product"}],"replies":[{"embeddable":true,"href":"https:\/\/naturka.fissunov.com\/fi\/wp-json\/wp\/v2\/comments?post=3027"}],"wp:featuredmedia":[{"embeddable":true,"href":"https:\/\/naturka.fissunov.com\/fi\/wp-json\/wp\/v2\/media\/4630"}],"wp:attachment":[{"href":"https:\/\/naturka.fissunov.com\/fi\/wp-json\/wp\/v2\/media?parent=3027"}],"wp:term":[{"taxonomy":"product_brand","embeddable":true,"href":"https:\/\/naturka.fissunov.com\/fi\/wp-json\/wp\/v2\/product_brand?post=3027"},{"taxonomy":"product_cat","embeddable":true,"href":"https:\/\/naturka.fissunov.com\/fi\/wp-json\/wp\/v2\/product_cat?post=3027"},{"taxonomy":"product_tag","embeddable":true,"href":"https:\/\/naturka.fissunov.com\/fi\/wp-json\/wp\/v2\/product_tag?post=3027"}],"curies":[{"name":"wp","href":"https:\/\/api.w.org\/{rel}","templated":true}]}}