{"id":3032,"date":"2024-04-28T11:23:32","date_gmt":"2024-04-28T11:23:32","guid":{"rendered":"https:\/\/naturka.fissunov.com\/product\/riisikreekerid-kanpeki-teravad\/"},"modified":"2025-11-19T12:57:17","modified_gmt":"2025-11-19T12:57:17","slug":"riisikreekerid-kanpeki-teravad","status":"publish","type":"product","link":"https:\/\/naturka.fissunov.com\/lv\/product\/riisikreekerid-kanpeki-teravad\/","title":{"rendered":"R\u012bsu krekeri Kanpeki (karsts)"},"content":{"rendered":"","protected":false},"excerpt":{"rendered":"<p>Jaunums &#8211; Kanpeki karstie r\u012bsu krekeri.<\/p>\n<p>Ori\u0123in\u0101lie r\u012bsu krekeri ar \u010dili gar\u0161u. R\u012bsu krekeri ir lieliska alternat\u012bva \u010dipsiem!<\/p>\n<p>Ide\u0101la uzkoda dz\u0113rienam vai sv\u0113tku galdam.<\/p>\n<p>Uzglab\u0101t saus\u0101, t\u012br\u0101 un v\u0113s\u0101 viet\u0101.<\/p>\n","protected":false},"featured_media":3034,"comment_status":"closed","ping_status":"open","template":"","meta":{"_acf_changed":false},"product_brand":[],"product_cat":[15],"product_tag":[],"class_list":{"0":"post-3032","1":"product","2":"type-product","3":"status-publish","4":"has-post-thumbnail","6":"product_cat-uncategorized","8":"first","9":"instock","10":"shipping-taxable","11":"purchasable","12":"product-type-simple"},"acf":[],"_links":{"self":[{"href":"https:\/\/naturka.fissunov.com\/lv\/wp-json\/wp\/v2\/product\/3032","targetHints":{"allow":["GET"]}}],"collection":[{"href":"https:\/\/naturka.fissunov.com\/lv\/wp-json\/wp\/v2\/product"}],"about":[{"href":"https:\/\/naturka.fissunov.com\/lv\/wp-json\/wp\/v2\/types\/product"}],"replies":[{"embeddable":true,"href":"https:\/\/naturka.fissunov.com\/lv\/wp-json\/wp\/v2\/comments?post=3032"}],"wp:featuredmedia":[{"embeddable":true,"href":"https:\/\/naturka.fissunov.com\/lv\/wp-json\/wp\/v2\/media\/3034"}],"wp:attachment":[{"href":"https:\/\/naturka.fissunov.com\/lv\/wp-json\/wp\/v2\/media?parent=3032"}],"wp:term":[{"taxonomy":"product_brand","embeddable":true,"href":"https:\/\/naturka.fissunov.com\/lv\/wp-json\/wp\/v2\/product_brand?post=3032"},{"taxonomy":"product_cat","embeddable":true,"href":"https:\/\/naturka.fissunov.com\/lv\/wp-json\/wp\/v2\/product_cat?post=3032"},{"taxonomy":"product_tag","embeddable":true,"href":"https:\/\/naturka.fissunov.com\/lv\/wp-json\/wp\/v2\/product_tag?post=3032"}],"curies":[{"name":"wp","href":"https:\/\/api.w.org\/{rel}","templated":true}]}}