{"id":3048,"date":"2019-12-08T16:25:41","date_gmt":"2019-12-08T16:25:41","guid":{"rendered":"https:\/\/naturka.fissunov.com\/product\/1kg-mango-500g-king-dateles-davana\/"},"modified":"2025-11-19T12:57:24","modified_gmt":"2025-11-19T12:57:24","slug":"1kg-mango-500g-king-dateles-davana","status":"publish","type":"product","link":"https:\/\/naturka.fissunov.com\/lv\/product\/1kg-mango-500g-king-dateles-davana\/","title":{"rendered":"1KG Mango + 500g King dateles D\u0100VAN\u0100!"},"content":{"rendered":"","protected":false},"excerpt":{"rendered":"<p id=\"tw-target-text\" class=\"tw-data-text tw-text-large tw-ta\" dir=\"ltr\" data-placeholder=\"Translation\" aria-label=\"Translated text\" data-ved=\"2ahUKEwj7tffU0IyGAxVHGxAIHRuAAWEQ3ewLegQICBAU\"><span class=\"Y2IQFc\" lang=\"lv\">Super pied\u0101v\u0101jums vesel\u012bgu saldumu cien\u012bt\u0101jiem! <\/span><\/p>\n<p class=\"tw-data-text tw-text-large tw-ta\" dir=\"ltr\" data-placeholder=\"Translation\" aria-label=\"Translated text\" data-ved=\"2ahUKEwj7tffU0IyGAxVHGxAIHRuAAWEQ3ewLegQICBAU\"><span class=\"Y2IQFc\" lang=\"lv\">P\u0113rkot 1 kg, d\u0101van\u0101 sa\u0146emat 500 g kara\u013ca date\u013cu. Par katru ieg\u0101d\u0101to 1 kg mango m\u0113s jums pie\u0161\u0137iram 0,5 kg date\u013cu. 2 kg mango = 1 kg date\u013cu d\u0101van\u0101 utt. \u0160ie zelta gabali sl\u0113pj nere\u0101lu baudu! Apet\u012bti rosino\u0161s un maigs mango, kur\u0101 iem\u012bl\u0113sies ikviens! T\u016bksto\u0161iem veiksmes s\u0113\u0146u jau ir pie\u0137\u0113ru\u0161\u0101s \u0161ai neticami saldajai gar\u0161ai.<\/span><\/p>\n<p class=\"tw-data-text tw-text-large tw-ta\" dir=\"ltr\" data-placeholder=\"Translation\" aria-label=\"Translated text\" data-ved=\"2ahUKEwj7tffU0IyGAxVHGxAIHRuAAWEQ3ewLegQICBAU\"><span class=\"Y2IQFc\" lang=\"lv\"> Naturka kalt\u0113tais mango ar zemu cukura saturu (5%) satur ar\u012b vair\u0101k nek\u0101 20 vitam\u012bnus un miner\u0101lvielas, kas ir piem\u0113roti lieto\u0161anai pat tad, ja iev\u0113ro di\u0113tu vai vesel\u012bgu uzturu! Izm\u0113\u0123iniet m\u016bsu supergar\u0161o mango!\u00a0<\/span><\/p>\n<p id=\"tw-target-text\" class=\"tw-data-text tw-text-large tw-ta\" dir=\"ltr\" data-placeholder=\"Translation\" aria-label=\"Translated text\" data-ved=\"2ahUKEwj7tffU0IyGAxVHGxAIHRuAAWEQ3ewLegQICBAU\"><span class=\"Y2IQFc\" lang=\"lv\">Uzglab\u0101t saus\u0101, t\u012br\u0101 un v\u0113s\u0101 viet\u0101.<\/span><\/p>\n","protected":false},"featured_media":3054,"comment_status":"closed","ping_status":"open","template":"","meta":{"_acf_changed":false},"product_brand":[],"product_cat":[15],"product_tag":[],"class_list":{"0":"post-3048","1":"product","2":"type-product","3":"status-publish","4":"has-post-thumbnail","6":"product_cat-uncategorized","8":"first","9":"instock","10":"shipping-taxable","11":"purchasable","12":"product-type-simple"},"acf":[],"_links":{"self":[{"href":"https:\/\/naturka.fissunov.com\/lv\/wp-json\/wp\/v2\/product\/3048","targetHints":{"allow":["GET"]}}],"collection":[{"href":"https:\/\/naturka.fissunov.com\/lv\/wp-json\/wp\/v2\/product"}],"about":[{"href":"https:\/\/naturka.fissunov.com\/lv\/wp-json\/wp\/v2\/types\/product"}],"replies":[{"embeddable":true,"href":"https:\/\/naturka.fissunov.com\/lv\/wp-json\/wp\/v2\/comments?post=3048"}],"wp:featuredmedia":[{"embeddable":true,"href":"https:\/\/naturka.fissunov.com\/lv\/wp-json\/wp\/v2\/media\/3054"}],"wp:attachment":[{"href":"https:\/\/naturka.fissunov.com\/lv\/wp-json\/wp\/v2\/media?parent=3048"}],"wp:term":[{"taxonomy":"product_brand","embeddable":true,"href":"https:\/\/naturka.fissunov.com\/lv\/wp-json\/wp\/v2\/product_brand?post=3048"},{"taxonomy":"product_cat","embeddable":true,"href":"https:\/\/naturka.fissunov.com\/lv\/wp-json\/wp\/v2\/product_cat?post=3048"},{"taxonomy":"product_tag","embeddable":true,"href":"https:\/\/naturka.fissunov.com\/lv\/wp-json\/wp\/v2\/product_tag?post=3048"}],"curies":[{"name":"wp","href":"https:\/\/api.w.org\/{rel}","templated":true}]}}