{"id":3062,"date":"2022-10-25T07:58:10","date_gmt":"2022-10-25T07:58:10","guid":{"rendered":"https:\/\/naturka.fissunov.com\/product\/ounad\/"},"modified":"2025-11-19T12:57:31","modified_gmt":"2025-11-19T12:57:31","slug":"ounad","status":"publish","type":"product","link":"https:\/\/naturka.fissunov.com\/lv\/product\/ounad\/","title":{"rendered":"1KG \u0101bolu +0.5KG aug\u013cu lava\u0161a D\u0100VAN\u0100"},"content":{"rendered":"","protected":false},"excerpt":{"rendered":"<p id=\"tw-target-text\" class=\"tw-data-text tw-text-large tw-ta\" dir=\"ltr\" data-placeholder=\"Translation\" aria-label=\"Translated text\" data-ved=\"2ahUKEwj7tffU0IyGAxVHGxAIHRuAAWEQ3ewLegQICBAU\"><span class=\"Y2IQFc\" lang=\"lv\">Lielisks pied\u0101v\u0101jums vesel\u012bgu saldumu cien\u012bt\u0101jiem! <\/span><\/p>\n<p class=\"tw-data-text tw-text-large tw-ta\" dir=\"ltr\" data-placeholder=\"Translation\" aria-label=\"Translated text\" data-ved=\"2ahUKEwj7tffU0IyGAxVHGxAIHRuAAWEQ3ewLegQICBAU\"><span class=\"Y2IQFc\" lang=\"lv\">P\u0113rc 1 kg \u0101bolu un sa\u0146em d\u0101van\u0101 500g aug\u013cu lava\u0161a. Par katru ieg\u0101d\u0101to 1 kg \u0101bolu m\u0113s jums iedosim 0,5 kg aug\u013cu lava\u0161a. 2 kg \u0101bolu = 1 kg aug\u013cu lava\u0161a d\u0101van\u0101 utt.<\/span><\/p>\n<p class=\"tw-data-text tw-text-large tw-ta\" dir=\"ltr\" data-placeholder=\"Translation\" aria-label=\"Translated text\" data-ved=\"2ahUKEwj7tffU0IyGAxVHGxAIHRuAAWEQ3ewLegQICBAU\"><span class=\"Y2IQFc\" lang=\"lv\">Dabisk\u0101kie un m\u012bkst\u0101kie \u0101boli tie\u0161i no Arm\u0113nijas! Apet\u012bti rosino\u0161a un maiga gar\u0161a, kur\u0101 iem\u012bl\u0113sies ikviens! Saul\u0113 kalt\u0113ti \u0101boli un aug\u013cu lava\u0161s ir bez cukura un satur daudz vitam\u012bnu. <\/span><\/p>\n<p class=\"tw-data-text tw-text-large tw-ta\" dir=\"ltr\" data-placeholder=\"Translation\" aria-label=\"Translated text\" data-ved=\"2ahUKEwj7tffU0IyGAxVHGxAIHRuAAWEQ3ewLegQICBAU\"><span class=\"Y2IQFc\" lang=\"lv\">Tie ir \u013coti piem\u0113roti di\u0113tai vai vesel\u012bgam uzturam! <\/span><\/p>\n<p class=\"tw-data-text tw-text-large tw-ta\" dir=\"ltr\" data-placeholder=\"Translation\" aria-label=\"Translated text\" data-ved=\"2ahUKEwj7tffU0IyGAxVHGxAIHRuAAWEQ3ewLegQICBAU\"><span class=\"Y2IQFc\" lang=\"lv\">Uzglab\u0101t saus\u0101, t\u012br\u0101 un v\u0113s\u0101 viet\u0101.<\/span><\/p>\n","protected":false},"featured_media":3068,"comment_status":"closed","ping_status":"open","template":"","meta":{"_acf_changed":false},"product_brand":[],"product_cat":[15],"product_tag":[],"class_list":{"0":"post-3062","1":"product","2":"type-product","3":"status-publish","4":"has-post-thumbnail","6":"product_cat-uncategorized","8":"first","9":"instock","10":"shipping-taxable","11":"purchasable","12":"product-type-simple"},"acf":[],"_links":{"self":[{"href":"https:\/\/naturka.fissunov.com\/lv\/wp-json\/wp\/v2\/product\/3062","targetHints":{"allow":["GET"]}}],"collection":[{"href":"https:\/\/naturka.fissunov.com\/lv\/wp-json\/wp\/v2\/product"}],"about":[{"href":"https:\/\/naturka.fissunov.com\/lv\/wp-json\/wp\/v2\/types\/product"}],"replies":[{"embeddable":true,"href":"https:\/\/naturka.fissunov.com\/lv\/wp-json\/wp\/v2\/comments?post=3062"}],"wp:featuredmedia":[{"embeddable":true,"href":"https:\/\/naturka.fissunov.com\/lv\/wp-json\/wp\/v2\/media\/3068"}],"wp:attachment":[{"href":"https:\/\/naturka.fissunov.com\/lv\/wp-json\/wp\/v2\/media?parent=3062"}],"wp:term":[{"taxonomy":"product_brand","embeddable":true,"href":"https:\/\/naturka.fissunov.com\/lv\/wp-json\/wp\/v2\/product_brand?post=3062"},{"taxonomy":"product_cat","embeddable":true,"href":"https:\/\/naturka.fissunov.com\/lv\/wp-json\/wp\/v2\/product_cat?post=3062"},{"taxonomy":"product_tag","embeddable":true,"href":"https:\/\/naturka.fissunov.com\/lv\/wp-json\/wp\/v2\/product_tag?post=3062"}],"curies":[{"name":"wp","href":"https:\/\/api.w.org\/{rel}","templated":true}]}}