{"id":3153,"date":"2023-08-19T18:51:16","date_gmt":"2023-08-19T18:51:16","guid":{"rendered":"https:\/\/naturka.fissunov.com\/product\/mango-bez-cukura\/"},"modified":"2025-11-19T12:58:14","modified_gmt":"2025-11-19T12:58:14","slug":"mango-bez-cukura","status":"publish","type":"product","link":"https:\/\/naturka.fissunov.com\/lv\/product\/mango-bez-cukura\/","title":{"rendered":"Mango (bez cukura)"},"content":{"rendered":"","protected":false},"excerpt":{"rendered":"<p id=\"tw-target-text\" class=\"tw-data-text tw-text-large tw-ta\" dir=\"ltr\" data-placeholder=\"Translation\" aria-label=\"Translated text\" data-ved=\"2ahUKEwj7tffU0IyGAxVHGxAIHRuAAWEQ3ewLegQICBAU\"><strong><span class=\"Y2IQFc\" lang=\"lv\">NB! Jauns mango bez cukura, jaun\u0101 aiztais\u0101m\u0101 iepakojum\u0101 250g! \u0112rti sagrie\u017e gabali\u0146os! <\/span><\/strong><\/p>\n<p class=\"tw-data-text tw-text-large tw-ta\" dir=\"ltr\" data-placeholder=\"Translation\" aria-label=\"Translated text\" data-ved=\"2ahUKEwj7tffU0IyGAxVHGxAIHRuAAWEQ3ewLegQICBAU\"><span class=\"Y2IQFc\" lang=\"lv\">Mango bez cukura, gatavots p\u0113c \u012bpa\u0161as receptes tie\u0161i Naturka! <\/span><\/p>\n<p class=\"tw-data-text tw-text-large tw-ta\" dir=\"ltr\" data-placeholder=\"Translation\" aria-label=\"Translated text\" data-ved=\"2ahUKEwj7tffU0IyGAxVHGxAIHRuAAWEQ3ewLegQICBAU\"><span class=\"Y2IQFc\" lang=\"lv\">Uzglab\u0101t saus\u0101, t\u012br\u0101 un v\u0113s\u0101 viet\u0101.<\/span><\/p>\n","protected":false},"featured_media":3156,"comment_status":"closed","ping_status":"open","template":"","meta":{"_acf_changed":false},"product_brand":[],"product_cat":[15],"product_tag":[],"class_list":{"0":"post-3153","1":"product","2":"type-product","3":"status-publish","4":"has-post-thumbnail","6":"product_cat-uncategorized","8":"first","9":"instock","10":"shipping-taxable","11":"purchasable","12":"product-type-simple"},"acf":[],"_links":{"self":[{"href":"https:\/\/naturka.fissunov.com\/lv\/wp-json\/wp\/v2\/product\/3153","targetHints":{"allow":["GET"]}}],"collection":[{"href":"https:\/\/naturka.fissunov.com\/lv\/wp-json\/wp\/v2\/product"}],"about":[{"href":"https:\/\/naturka.fissunov.com\/lv\/wp-json\/wp\/v2\/types\/product"}],"replies":[{"embeddable":true,"href":"https:\/\/naturka.fissunov.com\/lv\/wp-json\/wp\/v2\/comments?post=3153"}],"wp:featuredmedia":[{"embeddable":true,"href":"https:\/\/naturka.fissunov.com\/lv\/wp-json\/wp\/v2\/media\/3156"}],"wp:attachment":[{"href":"https:\/\/naturka.fissunov.com\/lv\/wp-json\/wp\/v2\/media?parent=3153"}],"wp:term":[{"taxonomy":"product_brand","embeddable":true,"href":"https:\/\/naturka.fissunov.com\/lv\/wp-json\/wp\/v2\/product_brand?post=3153"},{"taxonomy":"product_cat","embeddable":true,"href":"https:\/\/naturka.fissunov.com\/lv\/wp-json\/wp\/v2\/product_cat?post=3153"},{"taxonomy":"product_tag","embeddable":true,"href":"https:\/\/naturka.fissunov.com\/lv\/wp-json\/wp\/v2\/product_tag?post=3153"}],"curies":[{"name":"wp","href":"https:\/\/api.w.org\/{rel}","templated":true}]}}