{"id":3211,"date":"2021-07-24T21:52:19","date_gmt":"2021-07-24T21:52:19","guid":{"rendered":"https:\/\/naturka.fissunov.com\/product\/zidkoka-ogas\/"},"modified":"2025-11-19T12:58:23","modified_gmt":"2025-11-19T12:58:23","slug":"zidkoka-ogas","status":"publish","type":"product","link":"https:\/\/naturka.fissunov.com\/lv\/product\/zidkoka-ogas\/","title":{"rendered":"Z\u012bdkoka ogas"},"content":{"rendered":"","protected":false},"excerpt":{"rendered":"<p id=\"tw-target-text\" class=\"tw-data-text tw-text-large tw-ta\" dir=\"ltr\" data-placeholder=\"Translation\" aria-label=\"Translated text\" data-ved=\"2ahUKEwj7tffU0IyGAxVHGxAIHRuAAWEQ3ewLegQICBAU\"><span class=\"Y2IQFc\" lang=\"lv\">\u017d\u0101v\u0113tas z\u012bdkoka ogas ir piem\u0113rotas gan \u0113\u0161anai, gan da\u017e\u0101diem desertiem un \u0113dieniem. Pievienojiet tos brokastu putrai, jogurtam un sm\u016btijiem. <\/span><\/p>\n<p class=\"tw-data-text tw-text-large tw-ta\" dir=\"ltr\" data-placeholder=\"Translation\" aria-label=\"Translated text\" data-ved=\"2ahUKEwj7tffU0IyGAxVHGxAIHRuAAWEQ3ewLegQICBAU\"><span class=\"Y2IQFc\" lang=\"lv\">Uzglab\u0101t saus\u0101, t\u012br\u0101 un v\u0113s\u0101 viet\u0101.<\/span><\/p>\n","protected":false},"featured_media":4487,"comment_status":"closed","ping_status":"closed","template":"","meta":{"_acf_changed":false},"product_brand":[],"product_cat":[15],"product_tag":[],"class_list":{"0":"post-3211","1":"product","2":"type-product","3":"status-publish","4":"has-post-thumbnail","6":"product_cat-uncategorized","8":"first","9":"instock","10":"shipping-taxable","11":"purchasable","12":"product-type-simple"},"acf":[],"_links":{"self":[{"href":"https:\/\/naturka.fissunov.com\/lv\/wp-json\/wp\/v2\/product\/3211","targetHints":{"allow":["GET"]}}],"collection":[{"href":"https:\/\/naturka.fissunov.com\/lv\/wp-json\/wp\/v2\/product"}],"about":[{"href":"https:\/\/naturka.fissunov.com\/lv\/wp-json\/wp\/v2\/types\/product"}],"replies":[{"embeddable":true,"href":"https:\/\/naturka.fissunov.com\/lv\/wp-json\/wp\/v2\/comments?post=3211"}],"wp:featuredmedia":[{"embeddable":true,"href":"https:\/\/naturka.fissunov.com\/lv\/wp-json\/wp\/v2\/media\/4487"}],"wp:attachment":[{"href":"https:\/\/naturka.fissunov.com\/lv\/wp-json\/wp\/v2\/media?parent=3211"}],"wp:term":[{"taxonomy":"product_brand","embeddable":true,"href":"https:\/\/naturka.fissunov.com\/lv\/wp-json\/wp\/v2\/product_brand?post=3211"},{"taxonomy":"product_cat","embeddable":true,"href":"https:\/\/naturka.fissunov.com\/lv\/wp-json\/wp\/v2\/product_cat?post=3211"},{"taxonomy":"product_tag","embeddable":true,"href":"https:\/\/naturka.fissunov.com\/lv\/wp-json\/wp\/v2\/product_tag?post=3211"}],"curies":[{"name":"wp","href":"https:\/\/api.w.org\/{rel}","templated":true}]}}