{"id":3229,"date":"2024-05-15T13:43:47","date_gmt":"2024-05-15T13:43:47","guid":{"rendered":"https:\/\/naturka.fissunov.com\/product\/kirss\/"},"modified":"2025-11-19T12:58:28","modified_gmt":"2025-11-19T12:58:28","slug":"kirss","status":"publish","type":"product","link":"https:\/\/naturka.fissunov.com\/lv\/product\/kirss\/","title":{"rendered":"\u0136irsis"},"content":{"rendered":"","protected":false},"excerpt":{"rendered":"<p id=\"tw-target-text\" class=\"tw-data-text tw-text-large tw-ta\" dir=\"ltr\" data-placeholder=\"Translation\" aria-label=\"Translated text\" data-ved=\"2ahUKEwiQ-_y024-GAxXrHhAIHT_dD_EQ3ewLegQIBRAU\"><span class=\"Y2IQFc\" lang=\"lv\">Jaunums &#8211; kalt\u0113ts \u0137irsis bez kauli\u0146iem. <\/span><\/p>\n<p class=\"tw-data-text tw-text-large tw-ta\" dir=\"ltr\" data-placeholder=\"Translation\" aria-label=\"Translated text\" data-ved=\"2ahUKEwiQ-_y024-GAxXrHhAIHT_dD_EQ3ewLegQIBRAU\"><span class=\"Y2IQFc\" lang=\"lv\">\u017d\u0101v\u0113ts \u0137irsis ir ide\u0101li piem\u0113rots uzkod\u0101m gan atsevi\u0161\u0137i, gan pie da\u017e\u0101diem \u0113dieniem. Pievienojiet to brokastu p\u0101rsl\u0101m, jogurtam vai konditorejas izstr\u0101d\u0101jumiem! <\/span><\/p>\n<p class=\"tw-data-text tw-text-large tw-ta\" dir=\"ltr\" data-placeholder=\"Translation\" aria-label=\"Translated text\" data-ved=\"2ahUKEwiQ-_y024-GAxXrHhAIHT_dD_EQ3ewLegQIBRAU\"><span class=\"Y2IQFc\" lang=\"lv\">Skaista, gar\u0161\u012bga, salda un vitam\u012bniem bag\u0101ta oga. Satur dzelzi, C vitam\u012bnu, B9 (folijsk\u0101bi), vitam\u012bnu P) un daudz ko citu. <\/span><\/p>\n<p class=\"tw-data-text tw-text-large tw-ta\" dir=\"ltr\" data-placeholder=\"Translation\" aria-label=\"Translated text\" data-ved=\"2ahUKEwiQ-_y024-GAxXrHhAIHT_dD_EQ3ewLegQIBRAU\"><span class=\"Y2IQFc\" lang=\"lv\">Uzglab\u0101t saus\u0101, t\u012br\u0101 un v\u0113s\u0101 viet\u0101.<\/span><\/p>\n","protected":false},"featured_media":3231,"comment_status":"closed","ping_status":"open","template":"","meta":{"_acf_changed":false},"product_brand":[],"product_cat":[15],"product_tag":[],"class_list":{"0":"post-3229","1":"product","2":"type-product","3":"status-publish","4":"has-post-thumbnail","6":"product_cat-uncategorized","8":"first","9":"instock","10":"shipping-taxable","11":"purchasable","12":"product-type-simple"},"acf":[],"_links":{"self":[{"href":"https:\/\/naturka.fissunov.com\/lv\/wp-json\/wp\/v2\/product\/3229","targetHints":{"allow":["GET"]}}],"collection":[{"href":"https:\/\/naturka.fissunov.com\/lv\/wp-json\/wp\/v2\/product"}],"about":[{"href":"https:\/\/naturka.fissunov.com\/lv\/wp-json\/wp\/v2\/types\/product"}],"replies":[{"embeddable":true,"href":"https:\/\/naturka.fissunov.com\/lv\/wp-json\/wp\/v2\/comments?post=3229"}],"wp:featuredmedia":[{"embeddable":true,"href":"https:\/\/naturka.fissunov.com\/lv\/wp-json\/wp\/v2\/media\/3231"}],"wp:attachment":[{"href":"https:\/\/naturka.fissunov.com\/lv\/wp-json\/wp\/v2\/media?parent=3229"}],"wp:term":[{"taxonomy":"product_brand","embeddable":true,"href":"https:\/\/naturka.fissunov.com\/lv\/wp-json\/wp\/v2\/product_brand?post=3229"},{"taxonomy":"product_cat","embeddable":true,"href":"https:\/\/naturka.fissunov.com\/lv\/wp-json\/wp\/v2\/product_cat?post=3229"},{"taxonomy":"product_tag","embeddable":true,"href":"https:\/\/naturka.fissunov.com\/lv\/wp-json\/wp\/v2\/product_tag?post=3229"}],"curies":[{"name":"wp","href":"https:\/\/api.w.org\/{rel}","templated":true}]}}