{"id":3233,"date":"2024-05-15T14:24:21","date_gmt":"2024-05-15T14:24:21","guid":{"rendered":"https:\/\/naturka.fissunov.com\/product\/johvikas\/"},"modified":"2025-11-19T12:58:29","modified_gmt":"2025-11-19T12:58:29","slug":"johvikas","status":"publish","type":"product","link":"https:\/\/naturka.fissunov.com\/lv\/product\/johvikas\/","title":{"rendered":"Dz\u0113rvenes"},"content":{"rendered":"","protected":false},"excerpt":{"rendered":"<p id=\"tw-target-text\" class=\"tw-data-text tw-text-large tw-ta\" dir=\"ltr\" data-placeholder=\"Translation\" aria-label=\"Translated text\" data-ved=\"2ahUKEwiQ-_y024-GAxXrHhAIHT_dD_EQ3ewLegQIBRAU\"><span class=\"Y2IQFc\" lang=\"lv\">Jaunums &#8211; kalt\u0113tas dz\u0113rvenes (cukurotas). <\/span><\/p>\n<p class=\"tw-data-text tw-text-large tw-ta\" dir=\"ltr\" data-placeholder=\"Translation\" aria-label=\"Translated text\" data-ved=\"2ahUKEwiQ-_y024-GAxXrHhAIHT_dD_EQ3ewLegQIBRAU\"><span class=\"Y2IQFc\" lang=\"lv\">\u017d\u0101v\u0113tas dz\u0113rvenes ir pat\u012bkami saldas un ir piem\u0113rotas b\u0113rniem \u0113st konfek\u0161u viet\u0101. Pievieno ceptiem izstr\u0101d\u0101jumiem, der k\u016bku dekor\u0113\u0161anai, brokastu putrai u.c. <\/span><\/p>\n<p class=\"tw-data-text tw-text-large tw-ta\" dir=\"ltr\" data-placeholder=\"Translation\" aria-label=\"Translated text\" data-ved=\"2ahUKEwiQ-_y024-GAxXrHhAIHT_dD_EQ3ewLegQIBRAU\"><span class=\"Y2IQFc\" lang=\"lv\">Vitam\u012bniem bag\u0101t\u0101s \u017e\u0101v\u0113t\u0101s dz\u0113rvenes satur daudz C vitam\u012bna, B1, B2 un B3 vitam\u012bnu un beta karot\u012bnu, no k\u0101 ieg\u016bst A vitam\u012bnu, k\u0101liju, kalciju, magniju un jodu.<\/span><\/p>\n<p id=\"tw-target-text\" class=\"tw-data-text tw-text-large tw-ta\" dir=\"ltr\" data-placeholder=\"Translation\" aria-label=\"Translated text\" data-ved=\"2ahUKEwiQ-_y024-GAxXrHhAIHT_dD_EQ3ewLegQIBRAU\"><span class=\"Y2IQFc\" lang=\"lv\">Uzglab\u0101t saus\u0101, t\u012br\u0101 un v\u0113s\u0101 viet\u0101.<\/span><\/p>\n","protected":false},"featured_media":3235,"comment_status":"closed","ping_status":"open","template":"","meta":{"_acf_changed":false},"product_brand":[],"product_cat":[15],"product_tag":[],"class_list":{"0":"post-3233","1":"product","2":"type-product","3":"status-publish","4":"has-post-thumbnail","6":"product_cat-uncategorized","8":"first","9":"instock","10":"shipping-taxable","11":"purchasable","12":"product-type-simple"},"acf":[],"_links":{"self":[{"href":"https:\/\/naturka.fissunov.com\/lv\/wp-json\/wp\/v2\/product\/3233","targetHints":{"allow":["GET"]}}],"collection":[{"href":"https:\/\/naturka.fissunov.com\/lv\/wp-json\/wp\/v2\/product"}],"about":[{"href":"https:\/\/naturka.fissunov.com\/lv\/wp-json\/wp\/v2\/types\/product"}],"replies":[{"embeddable":true,"href":"https:\/\/naturka.fissunov.com\/lv\/wp-json\/wp\/v2\/comments?post=3233"}],"wp:featuredmedia":[{"embeddable":true,"href":"https:\/\/naturka.fissunov.com\/lv\/wp-json\/wp\/v2\/media\/3235"}],"wp:attachment":[{"href":"https:\/\/naturka.fissunov.com\/lv\/wp-json\/wp\/v2\/media?parent=3233"}],"wp:term":[{"taxonomy":"product_brand","embeddable":true,"href":"https:\/\/naturka.fissunov.com\/lv\/wp-json\/wp\/v2\/product_brand?post=3233"},{"taxonomy":"product_cat","embeddable":true,"href":"https:\/\/naturka.fissunov.com\/lv\/wp-json\/wp\/v2\/product_cat?post=3233"},{"taxonomy":"product_tag","embeddable":true,"href":"https:\/\/naturka.fissunov.com\/lv\/wp-json\/wp\/v2\/product_tag?post=3233"}],"curies":[{"name":"wp","href":"https:\/\/api.w.org\/{rel}","templated":true}]}}