{"id":3237,"date":"2024-05-15T15:35:05","date_gmt":"2024-05-15T15:35:05","guid":{"rendered":"https:\/\/naturka.fissunov.com\/product\/kuiv-ingver-kuubikud\/"},"modified":"2025-11-19T12:58:32","modified_gmt":"2025-11-19T12:58:32","slug":"kuiv-ingver-kuubikud","status":"publish","type":"product","link":"https:\/\/naturka.fissunov.com\/lv\/product\/kuiv-ingver-kuubikud\/","title":{"rendered":"\u017d\u0101v\u0113ts ingvers"},"content":{"rendered":"","protected":false},"excerpt":{"rendered":"<p id=\"tw-target-text\" class=\"tw-data-text tw-text-large tw-ta\" dir=\"ltr\" data-placeholder=\"Translation\" aria-label=\"Translated text\" data-ved=\"2ahUKEwiQ-_y024-GAxXrHhAIHT_dD_EQ3ewLegQIBRAU\"><span class=\"Y2IQFc\" lang=\"lv\">Jaunums &#8211; \u017e\u0101v\u0113ts ingvers (suk\u0101ds). <\/span><\/p>\n<p class=\"tw-data-text tw-text-large tw-ta\" dir=\"ltr\" data-placeholder=\"Translation\" aria-label=\"Translated text\" data-ved=\"2ahUKEwiQ-_y024-GAxXrHhAIHT_dD_EQ3ewLegQIBRAU\"><span class=\"Y2IQFc\" lang=\"lv\">Sp\u0113c\u012bga sakne im\u016bnsist\u0113mas stiprin\u0101\u0161anai, kas labv\u0113l\u012bgi ietekm\u0113 \u0137ermeni un smadzenes. Ar sp\u0113c\u012bgu rakstur\u012bgu gar\u0161u. <\/span><\/p>\n<p class=\"tw-data-text tw-text-large tw-ta\" dir=\"ltr\" data-placeholder=\"Translation\" aria-label=\"Translated text\" data-ved=\"2ahUKEwiQ-_y024-GAxXrHhAIHT_dD_EQ3ewLegQIBRAU\"><span class=\"Y2IQFc\" lang=\"lv\">Pikanta, mut\u0113 k\u016bsto\u0161a uzkoda, kas der gan \u0113\u0161anai, gan k\u0101 piedeva konditorejas izstr\u0101d\u0101jumiem. <\/span><\/p>\n<p class=\"tw-data-text tw-text-large tw-ta\" dir=\"ltr\" data-placeholder=\"Translation\" aria-label=\"Translated text\" data-ved=\"2ahUKEwiQ-_y024-GAxXrHhAIHT_dD_EQ3ewLegQIBRAU\"><span class=\"Y2IQFc\" lang=\"lv\">Uzglab\u0101t saus\u0101, t\u012br\u0101 un v\u0113s\u0101 viet\u0101.<\/span><\/p>\n","protected":false},"featured_media":3239,"comment_status":"closed","ping_status":"open","template":"","meta":{"_acf_changed":false},"product_brand":[],"product_cat":[15],"product_tag":[],"class_list":{"0":"post-3237","1":"product","2":"type-product","3":"status-publish","4":"has-post-thumbnail","6":"product_cat-uncategorized","8":"first","9":"instock","10":"shipping-taxable","11":"purchasable","12":"product-type-simple"},"acf":[],"_links":{"self":[{"href":"https:\/\/naturka.fissunov.com\/lv\/wp-json\/wp\/v2\/product\/3237","targetHints":{"allow":["GET"]}}],"collection":[{"href":"https:\/\/naturka.fissunov.com\/lv\/wp-json\/wp\/v2\/product"}],"about":[{"href":"https:\/\/naturka.fissunov.com\/lv\/wp-json\/wp\/v2\/types\/product"}],"replies":[{"embeddable":true,"href":"https:\/\/naturka.fissunov.com\/lv\/wp-json\/wp\/v2\/comments?post=3237"}],"wp:featuredmedia":[{"embeddable":true,"href":"https:\/\/naturka.fissunov.com\/lv\/wp-json\/wp\/v2\/media\/3239"}],"wp:attachment":[{"href":"https:\/\/naturka.fissunov.com\/lv\/wp-json\/wp\/v2\/media?parent=3237"}],"wp:term":[{"taxonomy":"product_brand","embeddable":true,"href":"https:\/\/naturka.fissunov.com\/lv\/wp-json\/wp\/v2\/product_brand?post=3237"},{"taxonomy":"product_cat","embeddable":true,"href":"https:\/\/naturka.fissunov.com\/lv\/wp-json\/wp\/v2\/product_cat?post=3237"},{"taxonomy":"product_tag","embeddable":true,"href":"https:\/\/naturka.fissunov.com\/lv\/wp-json\/wp\/v2\/product_tag?post=3237"}],"curies":[{"name":"wp","href":"https:\/\/api.w.org\/{rel}","templated":true}]}}