{"id":3241,"date":"2024-05-14T16:29:13","date_gmt":"2024-05-14T16:29:13","guid":{"rendered":"https:\/\/naturka.fissunov.com\/product\/risu-krekeri-rigato\/"},"modified":"2025-11-19T12:58:33","modified_gmt":"2025-11-19T12:58:33","slug":"risu-krekeri-rigato","status":"publish","type":"product","link":"https:\/\/naturka.fissunov.com\/lv\/product\/risu-krekeri-rigato\/","title":{"rendered":"R\u012bsu krekeri Rigato"},"content":{"rendered":"","protected":false},"excerpt":{"rendered":"<p id=\"tw-target-text\" class=\"tw-data-text tw-text-large tw-ta\" dir=\"ltr\" data-placeholder=\"Translation\" aria-label=\"Translated text\" data-ved=\"2ahUKEwiEt6mMkZKGAxW5FBAIHdDUAFIQ3ewLegQIExAU\"><span class=\"Y2IQFc\" lang=\"lv\">Jaunums &#8211; r\u012bsu krekeri Rigato. <\/span><\/p>\n<p class=\"tw-data-text tw-text-large tw-ta\" dir=\"ltr\" data-placeholder=\"Translation\" aria-label=\"Translated text\" data-ved=\"2ahUKEwiEt6mMkZKGAxW5FBAIHdDUAFIQ3ewLegQIExAU\"><span class=\"Y2IQFc\" lang=\"lv\">Kr\u0101saini palikt\u0146i, kas lieliski piem\u0113roti vieglai uzkodai! Gar\u0161\u012bgs uzkodu mais\u012bjums, kas piem\u0113rots gan sv\u0113tku galdam, gan k\u0101 uzkoda. <\/span><\/p>\n<p class=\"tw-data-text tw-text-large tw-ta\" dir=\"ltr\" data-placeholder=\"Translation\" aria-label=\"Translated text\" data-ved=\"2ahUKEwiEt6mMkZKGAxW5FBAIHdDUAFIQ3ewLegQIExAU\"><span class=\"Y2IQFc\" lang=\"lv\">R\u012bsu krekeri \u2013 lieliska alternat\u012bva \u010dipsiem! <\/span><\/p>\n<p class=\"tw-data-text tw-text-large tw-ta\" dir=\"ltr\" data-placeholder=\"Translation\" aria-label=\"Translated text\" data-ved=\"2ahUKEwiEt6mMkZKGAxW5FBAIHdDUAFIQ3ewLegQIExAU\"><span class=\"Y2IQFc\" lang=\"lv\">Uzglab\u0101t saus\u0101, t\u012br\u0101 un v\u0113s\u0101 viet\u0101.<\/span><\/p>\n","protected":false},"featured_media":3243,"comment_status":"closed","ping_status":"open","template":"","meta":{"_acf_changed":false},"product_brand":[],"product_cat":[15],"product_tag":[],"class_list":{"0":"post-3241","1":"product","2":"type-product","3":"status-publish","4":"has-post-thumbnail","6":"product_cat-uncategorized","8":"first","9":"instock","10":"shipping-taxable","11":"purchasable","12":"product-type-simple"},"acf":[],"_links":{"self":[{"href":"https:\/\/naturka.fissunov.com\/lv\/wp-json\/wp\/v2\/product\/3241","targetHints":{"allow":["GET"]}}],"collection":[{"href":"https:\/\/naturka.fissunov.com\/lv\/wp-json\/wp\/v2\/product"}],"about":[{"href":"https:\/\/naturka.fissunov.com\/lv\/wp-json\/wp\/v2\/types\/product"}],"replies":[{"embeddable":true,"href":"https:\/\/naturka.fissunov.com\/lv\/wp-json\/wp\/v2\/comments?post=3241"}],"wp:featuredmedia":[{"embeddable":true,"href":"https:\/\/naturka.fissunov.com\/lv\/wp-json\/wp\/v2\/media\/3243"}],"wp:attachment":[{"href":"https:\/\/naturka.fissunov.com\/lv\/wp-json\/wp\/v2\/media?parent=3241"}],"wp:term":[{"taxonomy":"product_brand","embeddable":true,"href":"https:\/\/naturka.fissunov.com\/lv\/wp-json\/wp\/v2\/product_brand?post=3241"},{"taxonomy":"product_cat","embeddable":true,"href":"https:\/\/naturka.fissunov.com\/lv\/wp-json\/wp\/v2\/product_cat?post=3241"},{"taxonomy":"product_tag","embeddable":true,"href":"https:\/\/naturka.fissunov.com\/lv\/wp-json\/wp\/v2\/product_tag?post=3241"}],"curies":[{"name":"wp","href":"https:\/\/api.w.org\/{rel}","templated":true}]}}