{"id":3245,"date":"2024-05-16T16:32:36","date_gmt":"2024-05-16T16:32:36","guid":{"rendered":"https:\/\/naturka.fissunov.com\/product\/kuiv-papaia-kuubikud\/"},"modified":"2025-11-19T12:58:34","modified_gmt":"2025-11-19T12:58:34","slug":"kuiv-papaia-kuubikud","status":"publish","type":"product","link":"https:\/\/naturka.fissunov.com\/lv\/product\/kuiv-papaia-kuubikud\/","title":{"rendered":"\u017d\u0101v\u0113ta papaija"},"content":{"rendered":"","protected":false},"excerpt":{"rendered":"<p id=\"tw-target-text\" class=\"tw-data-text tw-text-large tw-ta\" dir=\"ltr\" data-placeholder=\"Translation\" aria-label=\"Translated text\" data-ved=\"2ahUKEwjIl4yIzJKGAxXrExAIHWeJD-oQ3ewLegQIDhAU\"><span class=\"Y2IQFc\" lang=\"lv\">Jaunums &#8211; kalt\u0113ta papaija (cukurot\u0101). <\/span><\/p>\n<p class=\"tw-data-text tw-text-large tw-ta\" dir=\"ltr\" data-placeholder=\"Translation\" aria-label=\"Translated text\" data-ved=\"2ahUKEwjIl4yIzJKGAxXrExAIHWeJD-oQ3ewLegQIDhAU\"><span class=\"Y2IQFc\" lang=\"lv\">Papaijas kubi satur lielu daudzumu A, B un G vitam\u012bnu, dzelzi un kalciju. \u0160ie saldie, kr\u0101sainie kubi ir piem\u0113roti \u0113\u0161anai, k\u0101 ar\u012b k\u0101 piedeva konditorejas izstr\u0101d\u0101jumiem un desertiem. <\/span><\/p>\n<p class=\"tw-data-text tw-text-large tw-ta\" dir=\"ltr\" data-placeholder=\"Translation\" aria-label=\"Translated text\" data-ved=\"2ahUKEwjIl4yIzJKGAxXrExAIHWeJD-oQ3ewLegQIDhAU\"><span class=\"Y2IQFc\" lang=\"lv\">Uzglab\u0101t saus\u0101, t\u012br\u0101 un v\u0113s\u0101 viet\u0101.<\/span><\/p>\n","protected":false},"featured_media":3247,"comment_status":"closed","ping_status":"open","template":"","meta":{"_acf_changed":false},"product_brand":[],"product_cat":[15],"product_tag":[],"class_list":{"0":"post-3245","1":"product","2":"type-product","3":"status-publish","4":"has-post-thumbnail","6":"product_cat-uncategorized","8":"first","9":"instock","10":"shipping-taxable","11":"purchasable","12":"product-type-simple"},"acf":[],"_links":{"self":[{"href":"https:\/\/naturka.fissunov.com\/lv\/wp-json\/wp\/v2\/product\/3245","targetHints":{"allow":["GET"]}}],"collection":[{"href":"https:\/\/naturka.fissunov.com\/lv\/wp-json\/wp\/v2\/product"}],"about":[{"href":"https:\/\/naturka.fissunov.com\/lv\/wp-json\/wp\/v2\/types\/product"}],"replies":[{"embeddable":true,"href":"https:\/\/naturka.fissunov.com\/lv\/wp-json\/wp\/v2\/comments?post=3245"}],"wp:featuredmedia":[{"embeddable":true,"href":"https:\/\/naturka.fissunov.com\/lv\/wp-json\/wp\/v2\/media\/3247"}],"wp:attachment":[{"href":"https:\/\/naturka.fissunov.com\/lv\/wp-json\/wp\/v2\/media?parent=3245"}],"wp:term":[{"taxonomy":"product_brand","embeddable":true,"href":"https:\/\/naturka.fissunov.com\/lv\/wp-json\/wp\/v2\/product_brand?post=3245"},{"taxonomy":"product_cat","embeddable":true,"href":"https:\/\/naturka.fissunov.com\/lv\/wp-json\/wp\/v2\/product_cat?post=3245"},{"taxonomy":"product_tag","embeddable":true,"href":"https:\/\/naturka.fissunov.com\/lv\/wp-json\/wp\/v2\/product_tag?post=3245"}],"curies":[{"name":"wp","href":"https:\/\/api.w.org\/{rel}","templated":true}]}}