{"id":3266,"date":"2021-07-25T20:21:25","date_gmt":"2021-07-25T20:21:25","guid":{"rendered":"https:\/\/naturka.fissunov.com\/product\/%d0%b3%d1%80%d0%b5%d1%86%d0%ba%d0%b8%d0%b9-%d0%be%d1%80%d0%b5%d1%85\/"},"modified":"2025-11-19T12:58:39","modified_gmt":"2025-11-19T12:58:39","slug":"%d0%b3%d1%80%d0%b5%d1%86%d0%ba%d0%b8%d0%b9-%d0%be%d1%80%d0%b5%d1%85","status":"publish","type":"product","link":"https:\/\/naturka.fissunov.com\/lv\/product\/%d0%b3%d1%80%d0%b5%d1%86%d0%ba%d0%b8%d0%b9-%d0%be%d1%80%d0%b5%d1%85\/","title":{"rendered":"Valrieksts  (USA)"},"content":{"rendered":"","protected":false},"excerpt":{"rendered":"<p id=\"tw-target-text\" class=\"tw-data-text tw-text-large tw-ta\" dir=\"ltr\" data-placeholder=\"Translation\" aria-label=\"Translated text\" data-ved=\"2ahUKEwjWtuzO7K2GAxWJJBAIHSSFBScQ3ewLegQIBRAU\"><span class=\"Y2IQFc\" lang=\"lv\">Jaunums \u2013 nomizotas valriekstu pus\u012btes.<\/span><\/p>\n<p class=\"tw-data-text tw-text-large tw-ta\" dir=\"ltr\" data-placeholder=\"Translation\" aria-label=\"Translated text\" data-ved=\"2ahUKEwjWtuzO7K2GAxWJJBAIHSSFBScQ3ewLegQIBRAU\"><span class=\"Y2IQFc\" lang=\"lv\">\u0160ie rieksti satur daudz kalcija, dzelzs, magnija, mang\u0101na, fosfora, cinka, vitam\u012bnu B1, B2, B3, B5, B6, B9, H, E. Tas ir viens no barojo\u0161\u0101kajiem riekstiem, kas noder vesel\u012bbas veicin\u0101\u0161anai. un \u012bpa\u0161i tiem v\u012brie\u0161iem un sieviet\u0113m, kas v\u0113las k\u013c\u016bt par vec\u0101kiem.<\/span><\/p>\n<p class=\"tw-data-text tw-text-large tw-ta\" dir=\"ltr\" data-placeholder=\"Translation\" aria-label=\"Translated text\" data-ved=\"2ahUKEwjWtuzO7K2GAxWJJBAIHSSFBScQ3ewLegQIBRAU\"><span class=\"Y2IQFc\" lang=\"lv\">Jauka un vesel\u012bga uzkoda! Pa\u0146emiet to l\u012bdzi uz darbu, skolu vai ce\u013cojumu. Pievienojiet tos \u0113dieniem un pat sald\u0113jumam iek\u0161\u0101.<\/span><\/p>\n<p class=\"tw-data-text tw-text-large tw-ta\" dir=\"ltr\" data-placeholder=\"Translation\" aria-label=\"Translated text\" data-ved=\"2ahUKEwjWtuzO7K2GAxWJJBAIHSSFBScQ3ewLegQIBRAU\"><span class=\"Y2IQFc\" lang=\"lv\">Var satur\u0113t nelielu daudzumu citu riekstu.<\/span><\/p>\n<p class=\"tw-data-text tw-text-large tw-ta\" dir=\"ltr\" data-placeholder=\"Translation\" aria-label=\"Translated text\" data-ved=\"2ahUKEwjWtuzO7K2GAxWJJBAIHSSFBScQ3ewLegQIBRAU\"><span class=\"Y2IQFc\" lang=\"lv\">Uzglab\u0101t saus\u0101, t\u012br\u0101 un v\u0113s\u0101 viet\u0101.<\/span><\/p>\n","protected":false},"featured_media":3270,"comment_status":"closed","ping_status":"open","template":"","meta":{"_acf_changed":false},"product_brand":[],"product_cat":[15],"product_tag":[],"class_list":{"0":"post-3266","1":"product","2":"type-product","3":"status-publish","4":"has-post-thumbnail","6":"product_cat-uncategorized","8":"first","9":"instock","10":"shipping-taxable","11":"purchasable","12":"product-type-simple"},"acf":[],"_links":{"self":[{"href":"https:\/\/naturka.fissunov.com\/lv\/wp-json\/wp\/v2\/product\/3266","targetHints":{"allow":["GET"]}}],"collection":[{"href":"https:\/\/naturka.fissunov.com\/lv\/wp-json\/wp\/v2\/product"}],"about":[{"href":"https:\/\/naturka.fissunov.com\/lv\/wp-json\/wp\/v2\/types\/product"}],"replies":[{"embeddable":true,"href":"https:\/\/naturka.fissunov.com\/lv\/wp-json\/wp\/v2\/comments?post=3266"}],"wp:featuredmedia":[{"embeddable":true,"href":"https:\/\/naturka.fissunov.com\/lv\/wp-json\/wp\/v2\/media\/3270"}],"wp:attachment":[{"href":"https:\/\/naturka.fissunov.com\/lv\/wp-json\/wp\/v2\/media?parent=3266"}],"wp:term":[{"taxonomy":"product_brand","embeddable":true,"href":"https:\/\/naturka.fissunov.com\/lv\/wp-json\/wp\/v2\/product_brand?post=3266"},{"taxonomy":"product_cat","embeddable":true,"href":"https:\/\/naturka.fissunov.com\/lv\/wp-json\/wp\/v2\/product_cat?post=3266"},{"taxonomy":"product_tag","embeddable":true,"href":"https:\/\/naturka.fissunov.com\/lv\/wp-json\/wp\/v2\/product_tag?post=3266"}],"curies":[{"name":"wp","href":"https:\/\/api.w.org\/{rel}","templated":true}]}}