{"id":3276,"date":"2021-07-25T20:41:06","date_gmt":"2021-07-25T20:41:06","guid":{"rendered":"https:\/\/naturka.fissunov.com\/product\/seedriseemned-2020-a\/"},"modified":"2025-11-19T12:58:42","modified_gmt":"2025-11-19T12:58:42","slug":"seedriseemned-2020-a","status":"publish","type":"product","link":"https:\/\/naturka.fissunov.com\/lv\/product\/seedriseemned-2020-a\/","title":{"rendered":"Ciedru rieksti"},"content":{"rendered":"","protected":false},"excerpt":{"rendered":"<p id=\"tw-target-text\" class=\"tw-data-text tw-text-large tw-ta\" dir=\"ltr\" data-placeholder=\"Translation\" aria-label=\"Translated text\" data-ved=\"2ahUKEwio26-Eh66GAxUaAxAIHUhjCZoQ3ewLegQIBRAU\"><span class=\"Y2IQFc\" lang=\"lv\">Jaunums &#8211; ciedra s\u0113klas vai Sederm\u00e4nni s\u0113klas. <\/span><\/p>\n<p class=\"tw-data-text tw-text-large tw-ta\" dir=\"ltr\" data-placeholder=\"Translation\" aria-label=\"Translated text\" data-ved=\"2ahUKEwio26-Eh66GAxUaAxAIHUhjCZoQ3ewLegQIBRAU\"><span class=\"Y2IQFc\" lang=\"lv\">Mizot\u0101s ciedra s\u0113klas ar maigu gar\u0161u satur daudz vitam\u012bnu un miner\u0101lvielu (magnijs, cinks un dzelzs, E vitam\u012bns). <\/span><\/p>\n<p class=\"tw-data-text tw-text-large tw-ta\" dir=\"ltr\" data-placeholder=\"Translation\" aria-label=\"Translated text\" data-ved=\"2ahUKEwio26-Eh66GAxUaAxAIHUhjCZoQ3ewLegQIBRAU\"><span class=\"Y2IQFc\" lang=\"lv\">Ener\u0123ijas bag\u0101ta uzkoda! Pa\u0146emiet to l\u012bdzi uz darbu, skolu vai ce\u013cojumu. Ar\u012b t\u0101s kr\u0113m\u012bg\u0101s ciedra s\u0113klas piem\u0113rots pievieno\u0161anai pesto, sal\u0101tiem, humusam un konditorejas izstr\u0101d\u0101jumiem. Vi\u0146i ir ne tikai vesel\u012bgi, bet ar\u012b gar\u0161\u012bgi.<\/span><\/p>\n<p class=\"tw-data-text tw-text-large tw-ta\" dir=\"ltr\" data-placeholder=\"Translation\" aria-label=\"Translated text\" data-ved=\"2ahUKEwio26-Eh66GAxUaAxAIHUhjCZoQ3ewLegQIBRAU\"><span class=\"Y2IQFc\" lang=\"lv\">Uzglab\u0101t saus\u0101, t\u012br\u0101 un v\u0113s\u0101 viet\u0101.<\/span><\/p>\n","protected":false},"featured_media":3280,"comment_status":"closed","ping_status":"open","template":"","meta":{"_acf_changed":false},"product_brand":[],"product_cat":[15],"product_tag":[],"class_list":{"0":"post-3276","1":"product","2":"type-product","3":"status-publish","4":"has-post-thumbnail","6":"product_cat-uncategorized","8":"first","9":"instock","10":"shipping-taxable","11":"purchasable","12":"product-type-simple"},"acf":[],"_links":{"self":[{"href":"https:\/\/naturka.fissunov.com\/lv\/wp-json\/wp\/v2\/product\/3276","targetHints":{"allow":["GET"]}}],"collection":[{"href":"https:\/\/naturka.fissunov.com\/lv\/wp-json\/wp\/v2\/product"}],"about":[{"href":"https:\/\/naturka.fissunov.com\/lv\/wp-json\/wp\/v2\/types\/product"}],"replies":[{"embeddable":true,"href":"https:\/\/naturka.fissunov.com\/lv\/wp-json\/wp\/v2\/comments?post=3276"}],"wp:featuredmedia":[{"embeddable":true,"href":"https:\/\/naturka.fissunov.com\/lv\/wp-json\/wp\/v2\/media\/3280"}],"wp:attachment":[{"href":"https:\/\/naturka.fissunov.com\/lv\/wp-json\/wp\/v2\/media?parent=3276"}],"wp:term":[{"taxonomy":"product_brand","embeddable":true,"href":"https:\/\/naturka.fissunov.com\/lv\/wp-json\/wp\/v2\/product_brand?post=3276"},{"taxonomy":"product_cat","embeddable":true,"href":"https:\/\/naturka.fissunov.com\/lv\/wp-json\/wp\/v2\/product_cat?post=3276"},{"taxonomy":"product_tag","embeddable":true,"href":"https:\/\/naturka.fissunov.com\/lv\/wp-json\/wp\/v2\/product_tag?post=3276"}],"curies":[{"name":"wp","href":"https:\/\/api.w.org\/{rel}","templated":true}]}}