{"id":3293,"date":"2021-07-25T20:30:53","date_gmt":"2021-07-25T20:30:53","guid":{"rendered":"https:\/\/naturka.fissunov.com\/product\/mandel\/"},"modified":"2025-11-19T12:58:47","modified_gmt":"2025-11-19T12:58:47","slug":"mandel","status":"publish","type":"product","link":"https:\/\/naturka.fissunov.com\/lv\/product\/mandel\/","title":{"rendered":"Mandeles"},"content":{"rendered":"","protected":false},"excerpt":{"rendered":"<p id=\"tw-target-text\" class=\"tw-data-text tw-text-large tw-ta\" dir=\"ltr\" data-placeholder=\"Translation\" aria-label=\"Translated text\" data-ved=\"2ahUKEwiYsdjth7WGAxWqJBAIHTJDLsoQ3ewLegQIExAU\"><span class=\"Y2IQFc\" lang=\"lv\">Mandeles satur daudz olbaltumvielu un \u0161\u0137iedrvielu. <\/span><\/p>\n<p class=\"tw-data-text tw-text-large tw-ta\" dir=\"ltr\" data-placeholder=\"Translation\" aria-label=\"Translated text\" data-ved=\"2ahUKEwiYsdjth7WGAxWqJBAIHTJDLsoQ3ewLegQIExAU\"><span class=\"Y2IQFc\" lang=\"lv\">\u0160ie rieksti ir \u012bpa\u0161i noder\u012bgi diab\u0113ta slimniekiem. Mandeles satur Omega-6 tauksk\u0101bes, k\u0101liju, E- vitam\u012bns (antioksidants), magnijs, dzelzs, cinks, B1 un B6 vitam\u012bni. <\/span><\/p>\n<p class=\"tw-data-text tw-text-large tw-ta\" dir=\"ltr\" data-placeholder=\"Translation\" aria-label=\"Translated text\" data-ved=\"2ahUKEwiYsdjth7WGAxWqJBAIHTJDLsoQ3ewLegQIExAU\"><span class=\"Y2IQFc\" lang=\"lv\">Mandeles ir dabisks olbaltumvielu avots! Mandeles var \u0113st svaigas vai izmantot kulin\u0101rij\u0101, t\u0101s ir lieliski piem\u0113rotas cep\u0161anai, sal\u0101tos utt. <\/span><\/p>\n<p class=\"tw-data-text tw-text-large tw-ta\" dir=\"ltr\" data-placeholder=\"Translation\" aria-label=\"Translated text\" data-ved=\"2ahUKEwiYsdjth7WGAxWqJBAIHTJDLsoQ3ewLegQIExAU\"><span class=\"Y2IQFc\" lang=\"lv\">Var satur\u0113t nelielu daudzumu citu riekstu. <\/span><\/p>\n<p class=\"tw-data-text tw-text-large tw-ta\" dir=\"ltr\" data-placeholder=\"Translation\" aria-label=\"Translated text\" data-ved=\"2ahUKEwiYsdjth7WGAxWqJBAIHTJDLsoQ3ewLegQIExAU\"><span class=\"Y2IQFc\" lang=\"lv\">Uzglab\u0101t saus\u0101, t\u012br\u0101 un v\u0113s\u0101 viet\u0101.<\/span><\/p>\n","protected":false},"featured_media":3297,"comment_status":"closed","ping_status":"open","template":"","meta":{"_acf_changed":false},"product_brand":[],"product_cat":[15],"product_tag":[],"class_list":{"0":"post-3293","1":"product","2":"type-product","3":"status-publish","4":"has-post-thumbnail","6":"product_cat-uncategorized","8":"first","9":"instock","10":"shipping-taxable","11":"purchasable","12":"product-type-simple"},"acf":[],"_links":{"self":[{"href":"https:\/\/naturka.fissunov.com\/lv\/wp-json\/wp\/v2\/product\/3293","targetHints":{"allow":["GET"]}}],"collection":[{"href":"https:\/\/naturka.fissunov.com\/lv\/wp-json\/wp\/v2\/product"}],"about":[{"href":"https:\/\/naturka.fissunov.com\/lv\/wp-json\/wp\/v2\/types\/product"}],"replies":[{"embeddable":true,"href":"https:\/\/naturka.fissunov.com\/lv\/wp-json\/wp\/v2\/comments?post=3293"}],"wp:featuredmedia":[{"embeddable":true,"href":"https:\/\/naturka.fissunov.com\/lv\/wp-json\/wp\/v2\/media\/3297"}],"wp:attachment":[{"href":"https:\/\/naturka.fissunov.com\/lv\/wp-json\/wp\/v2\/media?parent=3293"}],"wp:term":[{"taxonomy":"product_brand","embeddable":true,"href":"https:\/\/naturka.fissunov.com\/lv\/wp-json\/wp\/v2\/product_brand?post=3293"},{"taxonomy":"product_cat","embeddable":true,"href":"https:\/\/naturka.fissunov.com\/lv\/wp-json\/wp\/v2\/product_cat?post=3293"},{"taxonomy":"product_tag","embeddable":true,"href":"https:\/\/naturka.fissunov.com\/lv\/wp-json\/wp\/v2\/product_tag?post=3293"}],"curies":[{"name":"wp","href":"https:\/\/api.w.org\/{rel}","templated":true}]}}