{"id":3414,"date":"2024-08-05T11:11:21","date_gmt":"2024-08-05T11:11:21","guid":{"rendered":"https:\/\/naturka.fissunov.com\/product\/seedriseemned-45\/"},"modified":"2025-11-19T12:59:20","modified_gmt":"2025-11-19T12:59:20","slug":"seedriseemned-45","status":"publish","type":"product","link":"https:\/\/naturka.fissunov.com\/lv\/product\/seedriseemned-45\/","title":{"rendered":"Ciedru rieksti  (100g pack) 4=5"},"content":{"rendered":"","protected":false},"excerpt":{"rendered":"<p id=\"tw-target-text\" class=\"tw-data-text tw-text-large tw-ta\" dir=\"ltr\" data-placeholder=\"Translation\" aria-label=\"Translated text\" data-ved=\"2ahUKEwigsuqB3d2HAxXKJRAIHS2vIJAQ3ewLegQIBxAU\"><span class=\"Y2IQFc\" lang=\"lv\">P\u0113rc 4 iepakojumus 100g ciedra s\u0113klu (400g) un sa\u0146em piekto iepakojumu bez maksas! <\/span><\/p>\n<p class=\"tw-data-text tw-text-large tw-ta\" dir=\"ltr\" data-placeholder=\"Translation\" aria-label=\"Translated text\" data-ved=\"2ahUKEwigsuqB3d2HAxXKJRAIHS2vIJAQ3ewLegQIBxAU\"><span class=\"Y2IQFc\" lang=\"lv\">Mizot\u0101s ciedra s\u0113klas ar maigu gar\u0161u satur daudz vitam\u012bnu un miner\u0101lvielu (magniju, cinku un dzelzi, E vitam\u012bnu). <\/span><\/p>\n<p class=\"tw-data-text tw-text-large tw-ta\" dir=\"ltr\" data-placeholder=\"Translation\" aria-label=\"Translated text\" data-ved=\"2ahUKEwigsuqB3d2HAxXKJRAIHS2vIJAQ3ewLegQIBxAU\"><span class=\"Y2IQFc\" lang=\"lv\">Ener\u0123ijas bag\u0101ta uzkoda! Pa\u0146emiet to l\u012bdzi uz darbu, skolu vai ce\u013cojumu. \u0160\u012bs kr\u0113m\u012bg\u0101s ciedra s\u0113klas lieliski noder ar\u012b pievieno\u0161anai pesto, sal\u0101tiem, humusam un konditorejas izstr\u0101d\u0101jumiem. Tie ir ne tikai vesel\u012bgi, bet ar\u012b gar\u0161\u012bgi.<\/span><\/p>\n<p id=\"tw-target-text\" class=\"tw-data-text tw-text-large tw-ta\" dir=\"ltr\" data-placeholder=\"Translation\" data-ved=\"2ahUKEwip0-CChduIAxUyJRAIHZrDFbMQ3ewLegQICBAU\" aria-label=\"Translated text: Sast\u0101vda\u013cas: ciedra s\u0113klas 100%\n\nUzturv\u0113rt\u012bbas inform\u0101cija uz 100g:\n\nener\u0123\u0113tiskais saturs 2815,83kj\/673kcal, tauki 68,4g, no tiem pies\u0101tin\u0101t\u0101s tauksk\u0101bes 5,0g, og\u013chidr\u0101ti 13g no tiem cukuri 3g, taukvielas 5,2g, olbaltumvielas 13,07g, s\u0101ls 0g\"><span class=\"Y2IQFc\" lang=\"lv\">Sast\u0101vda\u013cas: ciedra s\u0113klas 100% <\/span><\/p>\n<p class=\"tw-data-text tw-text-large tw-ta\" dir=\"ltr\" data-placeholder=\"Translation\" data-ved=\"2ahUKEwip0-CChduIAxUyJRAIHZrDFbMQ3ewLegQICBAU\" aria-label=\"Translated text: Sast\u0101vda\u013cas: ciedra s\u0113klas 100%\n\nUzturv\u0113rt\u012bbas inform\u0101cija uz 100g:\n\nener\u0123\u0113tiskais saturs 2815,83kj\/673kcal, tauki 68,4g, no tiem pies\u0101tin\u0101t\u0101s tauksk\u0101bes 5,0g, og\u013chidr\u0101ti 13g no tiem cukuri 3g, taukvielas 5,2g, olbaltumvielas 13,07g, s\u0101ls 0g\"><span class=\"Y2IQFc\" lang=\"lv\">Uzturv\u0113rt\u012bbas inform\u0101cija uz 100g: ener\u0123\u0113tiskais saturs 2815,83kj\/673kcal, tauki 68,4g, no tiem pies\u0101tin\u0101t\u0101s tauksk\u0101bes 5,0g, og\u013chidr\u0101ti 13g no tiem cukuri 3g, taukvielas 5,2g, olbaltumvielas 13,07g, s\u0101ls 0g<\/span><\/p>\n<p class=\"tw-data-text tw-text-large tw-ta\" dir=\"ltr\" data-placeholder=\"Translation\" aria-label=\"Translated text\" data-ved=\"2ahUKEwigsuqB3d2HAxXKJRAIHS2vIJAQ3ewLegQIBxAU\"><span class=\"Y2IQFc\" lang=\"lv\">Uzglab\u0101t saus\u0101, t\u012br\u0101 un v\u0113s\u0101 viet\u0101.<\/span><\/p>\n","protected":false},"featured_media":3417,"comment_status":"closed","ping_status":"open","template":"","meta":{"_acf_changed":false},"product_brand":[],"product_cat":[15],"product_tag":[],"class_list":{"0":"post-3414","1":"product","2":"type-product","3":"status-publish","4":"has-post-thumbnail","6":"product_cat-uncategorized","8":"first","9":"instock","10":"shipping-taxable","11":"purchasable","12":"product-type-simple"},"acf":[],"_links":{"self":[{"href":"https:\/\/naturka.fissunov.com\/lv\/wp-json\/wp\/v2\/product\/3414","targetHints":{"allow":["GET"]}}],"collection":[{"href":"https:\/\/naturka.fissunov.com\/lv\/wp-json\/wp\/v2\/product"}],"about":[{"href":"https:\/\/naturka.fissunov.com\/lv\/wp-json\/wp\/v2\/types\/product"}],"replies":[{"embeddable":true,"href":"https:\/\/naturka.fissunov.com\/lv\/wp-json\/wp\/v2\/comments?post=3414"}],"wp:featuredmedia":[{"embeddable":true,"href":"https:\/\/naturka.fissunov.com\/lv\/wp-json\/wp\/v2\/media\/3417"}],"wp:attachment":[{"href":"https:\/\/naturka.fissunov.com\/lv\/wp-json\/wp\/v2\/media?parent=3414"}],"wp:term":[{"taxonomy":"product_brand","embeddable":true,"href":"https:\/\/naturka.fissunov.com\/lv\/wp-json\/wp\/v2\/product_brand?post=3414"},{"taxonomy":"product_cat","embeddable":true,"href":"https:\/\/naturka.fissunov.com\/lv\/wp-json\/wp\/v2\/product_cat?post=3414"},{"taxonomy":"product_tag","embeddable":true,"href":"https:\/\/naturka.fissunov.com\/lv\/wp-json\/wp\/v2\/product_tag?post=3414"}],"curies":[{"name":"wp","href":"https:\/\/api.w.org\/{rel}","templated":true}]}}