{"id":3431,"date":"2024-09-24T07:35:43","date_gmt":"2024-09-24T07:35:43","guid":{"rendered":"https:\/\/naturka.fissunov.com\/product\/2-kg-mangot-kingituseks-0-5-kg-ananassi\/"},"modified":"2025-11-19T12:59:28","modified_gmt":"2025-11-19T12:59:28","slug":"2-kg-mangot-kingituseks-0-5-kg-ananassi","status":"publish","type":"product","link":"https:\/\/naturka.fissunov.com\/lv\/product\/2-kg-mangot-kingituseks-0-5-kg-ananassi\/","title":{"rendered":"2KG Mango + 0.5KG anan\u0101si D\u0100VAN\u0100"},"content":{"rendered":"","protected":false},"excerpt":{"rendered":"<p id=\"tw-target-text\" class=\"tw-data-text tw-text-large tw-ta\" dir=\"ltr\" data-placeholder=\"Translation\" data-ved=\"2ahUKEwip0-CChduIAxUyJRAIHZrDFbMQ3ewLegQICBAU\" aria-label=\"Translated text: Super pied\u0101v\u0101jums vesel\u012bgu saldumu cien\u012bt\u0101jiem! Par katriem ieg\u0101d\u0101tajiem 2 kg mango m\u0113s d\u0101vin\u0101sim 0,5 kg kalt\u0113tu anan\u0101su paku! 4 kg mango = 1 kg (2 pakas) \u017e\u0101v\u0113tu anan\u0101su utt. \u0160ie zelta gabali sl\u0113pj nere\u0101lu baudu! Apet\u012bti rosino\u0161s un maigs mango, kur\u0101 iem\u012bl\u0113sies ikviens! T\u016bksto\u0161iem veiksmes s\u0113\u0146u jau ir pie\u0137\u0113ru\u0161\u0101s \u0161ai neticami saldajai gar\u0161ai. Ar\u012b Naturka kalt\u0113tais mango ar zemu cukura l\u012bmeni (5%) satur vair\u0101k nek\u0101 20 vitam\u012bnu un miner\u0101lvielu, kas ir piem\u0113roti lieto\u0161anai pat tad, ja iev\u0113ro di\u0113tu vai vesel\u012bgu uzturu! Izm\u0113\u0123iniet m\u016bsu supergar\u0161o mango! Naturka garant\u0113, ka t\u0101s neaizmirstam\u0101 gar\u0161a un smar\u017ea neatst\u0101s j\u016bs vienaldz\u012bgus. Anan\u0101su gredzeni - kaut kas \u012bpa\u0161i labs! Anan\u0101ss ir bag\u0101ts ar miner\u0101lviel\u0101m un vitam\u012bniem, satur: C vitam\u012bnu, magniju, kalciju, cinku. Sast\u0101vda\u013cas (mango): mango, saharoze (5%), citronsk\u0101be Uzturv\u0113rt\u012bbas inform\u0101cija uz 100g: ener\u0123\u0113tiskais saturs 1398,39 kJ\/334 kcal, tauki 0,49g, no tiem pies\u0101tin\u0101t\u0101s tauksk\u0101bes 0,02g; og\u013chidr\u0101ti 80,7g, no tiem cukuri 49,5g, olbaltumvielas 1,68g, s\u0101ls 0g. Sast\u0101vda\u013cas (anan\u0101ss): anan\u0101ss 100% Uzturv\u0113rt\u012bbas inform\u0101cija uz 100g: ener\u0123\u0113tisk\u0101 v\u0113rt\u012bba 1393kj\/ 333kcal, tauki 0,3g, no tiem pies\u0101tin\u0101t\u0101s tauksk\u0101bes 0,1g, og\u013chidr\u0101ti 74,0g, no tiem cukuri 69,9g, og\u013chidr\u0101ti 8,7g, olbaltumvielas 3,2g, s\u0101ls 0,0g Uzglab\u0101t saus\u0101, t\u012br\u0101 un v\u0113s\u0101 viet\u0101.\"><span class=\"Y2IQFc\" lang=\"lv\">Super pied\u0101v\u0101jums vesel\u012bgu saldumu cien\u012bt\u0101jiem! <\/span><\/p>\n<p class=\"tw-data-text tw-text-large tw-ta\" dir=\"ltr\" data-placeholder=\"Translation\" data-ved=\"2ahUKEwip0-CChduIAxUyJRAIHZrDFbMQ3ewLegQICBAU\" aria-label=\"Translated text: Super pied\u0101v\u0101jums vesel\u012bgu saldumu cien\u012bt\u0101jiem! Par katriem ieg\u0101d\u0101tajiem 2 kg mango m\u0113s d\u0101vin\u0101sim 0,5 kg kalt\u0113tu anan\u0101su paku! 4 kg mango = 1 kg (2 pakas) \u017e\u0101v\u0113tu anan\u0101su utt. \u0160ie zelta gabali sl\u0113pj nere\u0101lu baudu! Apet\u012bti rosino\u0161s un maigs mango, kur\u0101 iem\u012bl\u0113sies ikviens! T\u016bksto\u0161iem veiksmes s\u0113\u0146u jau ir pie\u0137\u0113ru\u0161\u0101s \u0161ai neticami saldajai gar\u0161ai. Ar\u012b Naturka kalt\u0113tais mango ar zemu cukura l\u012bmeni (5%) satur vair\u0101k nek\u0101 20 vitam\u012bnu un miner\u0101lvielu, kas ir piem\u0113roti lieto\u0161anai pat tad, ja iev\u0113ro di\u0113tu vai vesel\u012bgu uzturu! Izm\u0113\u0123iniet m\u016bsu supergar\u0161o mango! Naturka garant\u0113, ka t\u0101s neaizmirstam\u0101 gar\u0161a un smar\u017ea neatst\u0101s j\u016bs vienaldz\u012bgus. Anan\u0101su gredzeni - kaut kas \u012bpa\u0161i labs! Anan\u0101ss ir bag\u0101ts ar miner\u0101lviel\u0101m un vitam\u012bniem, satur: C vitam\u012bnu, magniju, kalciju, cinku. Sast\u0101vda\u013cas (mango): mango, saharoze (5%), citronsk\u0101be Uzturv\u0113rt\u012bbas inform\u0101cija uz 100g: ener\u0123\u0113tiskais saturs 1398,39 kJ\/334 kcal, tauki 0,49g, no tiem pies\u0101tin\u0101t\u0101s tauksk\u0101bes 0,02g; og\u013chidr\u0101ti 80,7g, no tiem cukuri 49,5g, olbaltumvielas 1,68g, s\u0101ls 0g. Sast\u0101vda\u013cas (anan\u0101ss): anan\u0101ss 100% Uzturv\u0113rt\u012bbas inform\u0101cija uz 100g: ener\u0123\u0113tisk\u0101 v\u0113rt\u012bba 1393kj\/ 333kcal, tauki 0,3g, no tiem pies\u0101tin\u0101t\u0101s tauksk\u0101bes 0,1g, og\u013chidr\u0101ti 74,0g, no tiem cukuri 69,9g, og\u013chidr\u0101ti 8,7g, olbaltumvielas 3,2g, s\u0101ls 0,0g Uzglab\u0101t saus\u0101, t\u012br\u0101 un v\u0113s\u0101 viet\u0101.\"><span class=\"Y2IQFc\" lang=\"lv\">Par katriem ieg\u0101d\u0101tajiem 2 kg mango m\u0113s d\u0101vin\u0101sim 0,5 kg kalt\u0113tu anan\u0101su paku! 4 kg mango = 1 kg (2 pakas) \u017e\u0101v\u0113tu anan\u0101su utt. <\/span><\/p>\n<p class=\"tw-data-text tw-text-large tw-ta\" dir=\"ltr\" data-placeholder=\"Translation\" data-ved=\"2ahUKEwip0-CChduIAxUyJRAIHZrDFbMQ3ewLegQICBAU\" aria-label=\"Translated text: Super pied\u0101v\u0101jums vesel\u012bgu saldumu cien\u012bt\u0101jiem! Par katriem ieg\u0101d\u0101tajiem 2 kg mango m\u0113s d\u0101vin\u0101sim 0,5 kg kalt\u0113tu anan\u0101su paku! 4 kg mango = 1 kg (2 pakas) \u017e\u0101v\u0113tu anan\u0101su utt. \u0160ie zelta gabali sl\u0113pj nere\u0101lu baudu! Apet\u012bti rosino\u0161s un maigs mango, kur\u0101 iem\u012bl\u0113sies ikviens! T\u016bksto\u0161iem veiksmes s\u0113\u0146u jau ir pie\u0137\u0113ru\u0161\u0101s \u0161ai neticami saldajai gar\u0161ai. Ar\u012b Naturka kalt\u0113tais mango ar zemu cukura l\u012bmeni (5%) satur vair\u0101k nek\u0101 20 vitam\u012bnu un miner\u0101lvielu, kas ir piem\u0113roti lieto\u0161anai pat tad, ja iev\u0113ro di\u0113tu vai vesel\u012bgu uzturu! Izm\u0113\u0123iniet m\u016bsu supergar\u0161o mango! Naturka garant\u0113, ka t\u0101s neaizmirstam\u0101 gar\u0161a un smar\u017ea neatst\u0101s j\u016bs vienaldz\u012bgus. Anan\u0101su gredzeni - kaut kas \u012bpa\u0161i labs! Anan\u0101ss ir bag\u0101ts ar miner\u0101lviel\u0101m un vitam\u012bniem, satur: C vitam\u012bnu, magniju, kalciju, cinku. Sast\u0101vda\u013cas (mango): mango, saharoze (5%), citronsk\u0101be Uzturv\u0113rt\u012bbas inform\u0101cija uz 100g: ener\u0123\u0113tiskais saturs 1398,39 kJ\/334 kcal, tauki 0,49g, no tiem pies\u0101tin\u0101t\u0101s tauksk\u0101bes 0,02g; og\u013chidr\u0101ti 80,7g, no tiem cukuri 49,5g, olbaltumvielas 1,68g, s\u0101ls 0g. Sast\u0101vda\u013cas (anan\u0101ss): anan\u0101ss 100% Uzturv\u0113rt\u012bbas inform\u0101cija uz 100g: ener\u0123\u0113tisk\u0101 v\u0113rt\u012bba 1393kj\/ 333kcal, tauki 0,3g, no tiem pies\u0101tin\u0101t\u0101s tauksk\u0101bes 0,1g, og\u013chidr\u0101ti 74,0g, no tiem cukuri 69,9g, og\u013chidr\u0101ti 8,7g, olbaltumvielas 3,2g, s\u0101ls 0,0g Uzglab\u0101t saus\u0101, t\u012br\u0101 un v\u0113s\u0101 viet\u0101.\"><span class=\"Y2IQFc\" lang=\"lv\">\u0160ie zelta gabali sl\u0113pj nere\u0101lu baudu! Apet\u012bti rosino\u0161s un maigs mango, kur\u0101 iem\u012bl\u0113sies ikviens! T\u016bksto\u0161iem veiksmes s\u0113\u0146u jau ir pie\u0137\u0113ru\u0161\u0101s \u0161ai neticami saldajai gar\u0161ai. Ar\u012b Naturka kalt\u0113tais mango ar zemu cukura l\u012bmeni (5%) satur vair\u0101k nek\u0101 20 vitam\u012bnu un miner\u0101lvielu, kas ir piem\u0113roti lieto\u0161anai pat tad, ja iev\u0113ro di\u0113tu vai vesel\u012bgu uzturu! <\/span><\/p>\n<p class=\"tw-data-text tw-text-large tw-ta\" dir=\"ltr\" data-placeholder=\"Translation\" data-ved=\"2ahUKEwip0-CChduIAxUyJRAIHZrDFbMQ3ewLegQICBAU\" aria-label=\"Translated text: Super pied\u0101v\u0101jums vesel\u012bgu saldumu cien\u012bt\u0101jiem! Par katriem ieg\u0101d\u0101tajiem 2 kg mango m\u0113s d\u0101vin\u0101sim 0,5 kg kalt\u0113tu anan\u0101su paku! 4 kg mango = 1 kg (2 pakas) \u017e\u0101v\u0113tu anan\u0101su utt. \u0160ie zelta gabali sl\u0113pj nere\u0101lu baudu! Apet\u012bti rosino\u0161s un maigs mango, kur\u0101 iem\u012bl\u0113sies ikviens! T\u016bksto\u0161iem veiksmes s\u0113\u0146u jau ir pie\u0137\u0113ru\u0161\u0101s \u0161ai neticami saldajai gar\u0161ai. Ar\u012b Naturka kalt\u0113tais mango ar zemu cukura l\u012bmeni (5%) satur vair\u0101k nek\u0101 20 vitam\u012bnu un miner\u0101lvielu, kas ir piem\u0113roti lieto\u0161anai pat tad, ja iev\u0113ro di\u0113tu vai vesel\u012bgu uzturu! Izm\u0113\u0123iniet m\u016bsu supergar\u0161o mango! Naturka garant\u0113, ka t\u0101s neaizmirstam\u0101 gar\u0161a un smar\u017ea neatst\u0101s j\u016bs vienaldz\u012bgus. Anan\u0101su gredzeni - kaut kas \u012bpa\u0161i labs! Anan\u0101ss ir bag\u0101ts ar miner\u0101lviel\u0101m un vitam\u012bniem, satur: C vitam\u012bnu, magniju, kalciju, cinku. Sast\u0101vda\u013cas (mango): mango, saharoze (5%), citronsk\u0101be Uzturv\u0113rt\u012bbas inform\u0101cija uz 100g: ener\u0123\u0113tiskais saturs 1398,39 kJ\/334 kcal, tauki 0,49g, no tiem pies\u0101tin\u0101t\u0101s tauksk\u0101bes 0,02g; og\u013chidr\u0101ti 80,7g, no tiem cukuri 49,5g, olbaltumvielas 1,68g, s\u0101ls 0g. Sast\u0101vda\u013cas (anan\u0101ss): anan\u0101ss 100% Uzturv\u0113rt\u012bbas inform\u0101cija uz 100g: ener\u0123\u0113tisk\u0101 v\u0113rt\u012bba 1393kj\/ 333kcal, tauki 0,3g, no tiem pies\u0101tin\u0101t\u0101s tauksk\u0101bes 0,1g, og\u013chidr\u0101ti 74,0g, no tiem cukuri 69,9g, og\u013chidr\u0101ti 8,7g, olbaltumvielas 3,2g, s\u0101ls 0,0g Uzglab\u0101t saus\u0101, t\u012br\u0101 un v\u0113s\u0101 viet\u0101.\"><span class=\"Y2IQFc\" lang=\"lv\">Izm\u0113\u0123iniet m\u016bsu supergar\u0161o mango! Naturka garant\u0113, ka t\u0101s neaizmirstam\u0101 gar\u0161a un smar\u017ea neatst\u0101s j\u016bs vienaldz\u012bgus. <\/span><\/p>\n<p class=\"tw-data-text tw-text-large tw-ta\" dir=\"ltr\" data-placeholder=\"Translation\" data-ved=\"2ahUKEwip0-CChduIAxUyJRAIHZrDFbMQ3ewLegQICBAU\" aria-label=\"Translated text: Super pied\u0101v\u0101jums vesel\u012bgu saldumu cien\u012bt\u0101jiem! Par katriem ieg\u0101d\u0101tajiem 2 kg mango m\u0113s d\u0101vin\u0101sim 0,5 kg kalt\u0113tu anan\u0101su paku! 4 kg mango = 1 kg (2 pakas) \u017e\u0101v\u0113tu anan\u0101su utt. \u0160ie zelta gabali sl\u0113pj nere\u0101lu baudu! Apet\u012bti rosino\u0161s un maigs mango, kur\u0101 iem\u012bl\u0113sies ikviens! T\u016bksto\u0161iem veiksmes s\u0113\u0146u jau ir pie\u0137\u0113ru\u0161\u0101s \u0161ai neticami saldajai gar\u0161ai. Ar\u012b Naturka kalt\u0113tais mango ar zemu cukura l\u012bmeni (5%) satur vair\u0101k nek\u0101 20 vitam\u012bnu un miner\u0101lvielu, kas ir piem\u0113roti lieto\u0161anai pat tad, ja iev\u0113ro di\u0113tu vai vesel\u012bgu uzturu! Izm\u0113\u0123iniet m\u016bsu supergar\u0161o mango! Naturka garant\u0113, ka t\u0101s neaizmirstam\u0101 gar\u0161a un smar\u017ea neatst\u0101s j\u016bs vienaldz\u012bgus. Anan\u0101su gredzeni - kaut kas \u012bpa\u0161i labs! Anan\u0101ss ir bag\u0101ts ar miner\u0101lviel\u0101m un vitam\u012bniem, satur: C vitam\u012bnu, magniju, kalciju, cinku. Sast\u0101vda\u013cas (mango): mango, saharoze (5%), citronsk\u0101be Uzturv\u0113rt\u012bbas inform\u0101cija uz 100g: ener\u0123\u0113tiskais saturs 1398,39 kJ\/334 kcal, tauki 0,49g, no tiem pies\u0101tin\u0101t\u0101s tauksk\u0101bes 0,02g; og\u013chidr\u0101ti 80,7g, no tiem cukuri 49,5g, olbaltumvielas 1,68g, s\u0101ls 0g. Sast\u0101vda\u013cas (anan\u0101ss): anan\u0101ss 100% Uzturv\u0113rt\u012bbas inform\u0101cija uz 100g: ener\u0123\u0113tisk\u0101 v\u0113rt\u012bba 1393kj\/ 333kcal, tauki 0,3g, no tiem pies\u0101tin\u0101t\u0101s tauksk\u0101bes 0,1g, og\u013chidr\u0101ti 74,0g, no tiem cukuri 69,9g, og\u013chidr\u0101ti 8,7g, olbaltumvielas 3,2g, s\u0101ls 0,0g Uzglab\u0101t saus\u0101, t\u012br\u0101 un v\u0113s\u0101 viet\u0101.\"><span class=\"Y2IQFc\" lang=\"lv\">Anan\u0101su gredzeni &#8211; kaut kas \u012bpa\u0161i labs! Anan\u0101ss ir bag\u0101ts ar miner\u0101lviel\u0101m un vitam\u012bniem, satur: C vitam\u012bnu, magniju, kalciju, cinku. <\/span><\/p>\n<p class=\"tw-data-text tw-text-large tw-ta\" dir=\"ltr\" data-placeholder=\"Translation\" data-ved=\"2ahUKEwip0-CChduIAxUyJRAIHZrDFbMQ3ewLegQICBAU\" aria-label=\"Translated text: Super pied\u0101v\u0101jums vesel\u012bgu saldumu cien\u012bt\u0101jiem! Par katriem ieg\u0101d\u0101tajiem 2 kg mango m\u0113s d\u0101vin\u0101sim 0,5 kg kalt\u0113tu anan\u0101su paku! 4 kg mango = 1 kg (2 pakas) \u017e\u0101v\u0113tu anan\u0101su utt. \u0160ie zelta gabali sl\u0113pj nere\u0101lu baudu! Apet\u012bti rosino\u0161s un maigs mango, kur\u0101 iem\u012bl\u0113sies ikviens! T\u016bksto\u0161iem veiksmes s\u0113\u0146u jau ir pie\u0137\u0113ru\u0161\u0101s \u0161ai neticami saldajai gar\u0161ai. Ar\u012b Naturka kalt\u0113tais mango ar zemu cukura l\u012bmeni (5%) satur vair\u0101k nek\u0101 20 vitam\u012bnu un miner\u0101lvielu, kas ir piem\u0113roti lieto\u0161anai pat tad, ja iev\u0113ro di\u0113tu vai vesel\u012bgu uzturu! Izm\u0113\u0123iniet m\u016bsu supergar\u0161o mango! Naturka garant\u0113, ka t\u0101s neaizmirstam\u0101 gar\u0161a un smar\u017ea neatst\u0101s j\u016bs vienaldz\u012bgus. Anan\u0101su gredzeni - kaut kas \u012bpa\u0161i labs! Anan\u0101ss ir bag\u0101ts ar miner\u0101lviel\u0101m un vitam\u012bniem, satur: C vitam\u012bnu, magniju, kalciju, cinku. Sast\u0101vda\u013cas (mango): mango, saharoze (5%), citronsk\u0101be Uzturv\u0113rt\u012bbas inform\u0101cija uz 100g: ener\u0123\u0113tiskais saturs 1398,39 kJ\/334 kcal, tauki 0,49g, no tiem pies\u0101tin\u0101t\u0101s tauksk\u0101bes 0,02g; og\u013chidr\u0101ti 80,7g, no tiem cukuri 49,5g, olbaltumvielas 1,68g, s\u0101ls 0g. Sast\u0101vda\u013cas (anan\u0101ss): anan\u0101ss 100% Uzturv\u0113rt\u012bbas inform\u0101cija uz 100g: ener\u0123\u0113tisk\u0101 v\u0113rt\u012bba 1393kj\/ 333kcal, tauki 0,3g, no tiem pies\u0101tin\u0101t\u0101s tauksk\u0101bes 0,1g, og\u013chidr\u0101ti 74,0g, no tiem cukuri 69,9g, og\u013chidr\u0101ti 8,7g, olbaltumvielas 3,2g, s\u0101ls 0,0g Uzglab\u0101t saus\u0101, t\u012br\u0101 un v\u0113s\u0101 viet\u0101.\"><span class=\"Y2IQFc\" lang=\"lv\">Uzturv\u0113rt\u012bbas inform\u0101cija uz 100g (mango): ener\u0123\u0113tiskais saturs 1398,39 kJ\/334 kcal, tauki 0,49g, no tiem pies\u0101tin\u0101t\u0101s tauksk\u0101bes 0,02g; og\u013chidr\u0101ti 80,7g, no tiem cukuri 49,5g, olbaltumvielas 1,68g, s\u0101ls 0g. <\/span><\/p>\n<p class=\"tw-data-text tw-text-large tw-ta\" dir=\"ltr\" data-placeholder=\"Translation\" data-ved=\"2ahUKEwip0-CChduIAxUyJRAIHZrDFbMQ3ewLegQICBAU\" aria-label=\"Translated text: Super pied\u0101v\u0101jums vesel\u012bgu saldumu cien\u012bt\u0101jiem! Par katriem ieg\u0101d\u0101tajiem 2 kg mango m\u0113s d\u0101vin\u0101sim 0,5 kg kalt\u0113tu anan\u0101su paku! 4 kg mango = 1 kg (2 pakas) \u017e\u0101v\u0113tu anan\u0101su utt. \u0160ie zelta gabali sl\u0113pj nere\u0101lu baudu! Apet\u012bti rosino\u0161s un maigs mango, kur\u0101 iem\u012bl\u0113sies ikviens! T\u016bksto\u0161iem veiksmes s\u0113\u0146u jau ir pie\u0137\u0113ru\u0161\u0101s \u0161ai neticami saldajai gar\u0161ai. Ar\u012b Naturka kalt\u0113tais mango ar zemu cukura l\u012bmeni (5%) satur vair\u0101k nek\u0101 20 vitam\u012bnu un miner\u0101lvielu, kas ir piem\u0113roti lieto\u0161anai pat tad, ja iev\u0113ro di\u0113tu vai vesel\u012bgu uzturu! Izm\u0113\u0123iniet m\u016bsu supergar\u0161o mango! Naturka garant\u0113, ka t\u0101s neaizmirstam\u0101 gar\u0161a un smar\u017ea neatst\u0101s j\u016bs vienaldz\u012bgus. Anan\u0101su gredzeni - kaut kas \u012bpa\u0161i labs! Anan\u0101ss ir bag\u0101ts ar miner\u0101lviel\u0101m un vitam\u012bniem, satur: C vitam\u012bnu, magniju, kalciju, cinku. Sast\u0101vda\u013cas (mango): mango, saharoze (5%), citronsk\u0101be Uzturv\u0113rt\u012bbas inform\u0101cija uz 100g: ener\u0123\u0113tiskais saturs 1398,39 kJ\/334 kcal, tauki 0,49g, no tiem pies\u0101tin\u0101t\u0101s tauksk\u0101bes 0,02g; og\u013chidr\u0101ti 80,7g, no tiem cukuri 49,5g, olbaltumvielas 1,68g, s\u0101ls 0g. Sast\u0101vda\u013cas (anan\u0101ss): anan\u0101ss 100% Uzturv\u0113rt\u012bbas inform\u0101cija uz 100g: ener\u0123\u0113tisk\u0101 v\u0113rt\u012bba 1393kj\/ 333kcal, tauki 0,3g, no tiem pies\u0101tin\u0101t\u0101s tauksk\u0101bes 0,1g, og\u013chidr\u0101ti 74,0g, no tiem cukuri 69,9g, og\u013chidr\u0101ti 8,7g, olbaltumvielas 3,2g, s\u0101ls 0,0g Uzglab\u0101t saus\u0101, t\u012br\u0101 un v\u0113s\u0101 viet\u0101.\"><span class=\"Y2IQFc\" lang=\"lv\">Uzturv\u0113rt\u012bbas inform\u0101cija uz 100g (anan\u0101ss) : ener\u0123\u0113tisk\u0101 v\u0113rt\u012bba 1393kj\/ 333kcal, tauki 0,3g, no tiem pies\u0101tin\u0101t\u0101s tauksk\u0101bes 0,1g, og\u013chidr\u0101ti 74,0g, no tiem cukuri 69,9g, og\u013chidr\u0101ti 8,7g, olbaltumvielas 3,2g, s\u0101ls 0,0g <\/span><\/p>\n<p class=\"tw-data-text tw-text-large tw-ta\" dir=\"ltr\" data-placeholder=\"Translation\" data-ved=\"2ahUKEwip0-CChduIAxUyJRAIHZrDFbMQ3ewLegQICBAU\" aria-label=\"Translated text: Super pied\u0101v\u0101jums vesel\u012bgu saldumu cien\u012bt\u0101jiem! Par katriem ieg\u0101d\u0101tajiem 2 kg mango m\u0113s d\u0101vin\u0101sim 0,5 kg kalt\u0113tu anan\u0101su paku! 4 kg mango = 1 kg (2 pakas) \u017e\u0101v\u0113tu anan\u0101su utt. \u0160ie zelta gabali sl\u0113pj nere\u0101lu baudu! Apet\u012bti rosino\u0161s un maigs mango, kur\u0101 iem\u012bl\u0113sies ikviens! T\u016bksto\u0161iem veiksmes s\u0113\u0146u jau ir pie\u0137\u0113ru\u0161\u0101s \u0161ai neticami saldajai gar\u0161ai. Ar\u012b Naturka kalt\u0113tais mango ar zemu cukura l\u012bmeni (5%) satur vair\u0101k nek\u0101 20 vitam\u012bnu un miner\u0101lvielu, kas ir piem\u0113roti lieto\u0161anai pat tad, ja iev\u0113ro di\u0113tu vai vesel\u012bgu uzturu! Izm\u0113\u0123iniet m\u016bsu supergar\u0161o mango! Naturka garant\u0113, ka t\u0101s neaizmirstam\u0101 gar\u0161a un smar\u017ea neatst\u0101s j\u016bs vienaldz\u012bgus. Anan\u0101su gredzeni - kaut kas \u012bpa\u0161i labs! Anan\u0101ss ir bag\u0101ts ar miner\u0101lviel\u0101m un vitam\u012bniem, satur: C vitam\u012bnu, magniju, kalciju, cinku. Sast\u0101vda\u013cas (mango): mango, saharoze (5%), citronsk\u0101be Uzturv\u0113rt\u012bbas inform\u0101cija uz 100g: ener\u0123\u0113tiskais saturs 1398,39 kJ\/334 kcal, tauki 0,49g, no tiem pies\u0101tin\u0101t\u0101s tauksk\u0101bes 0,02g; og\u013chidr\u0101ti 80,7g, no tiem cukuri 49,5g, olbaltumvielas 1,68g, s\u0101ls 0g. Sast\u0101vda\u013cas (anan\u0101ss): anan\u0101ss 100% Uzturv\u0113rt\u012bbas inform\u0101cija uz 100g: ener\u0123\u0113tisk\u0101 v\u0113rt\u012bba 1393kj\/ 333kcal, tauki 0,3g, no tiem pies\u0101tin\u0101t\u0101s tauksk\u0101bes 0,1g, og\u013chidr\u0101ti 74,0g, no tiem cukuri 69,9g, og\u013chidr\u0101ti 8,7g, olbaltumvielas 3,2g, s\u0101ls 0,0g Uzglab\u0101t saus\u0101, t\u012br\u0101 un v\u0113s\u0101 viet\u0101.\"><span class=\"Y2IQFc\" lang=\"lv\">Uzglab\u0101t saus\u0101, t\u012br\u0101 un v\u0113s\u0101 viet\u0101.<\/span><\/p>\n<p>&nbsp;<\/p>\n","protected":false},"featured_media":3435,"comment_status":"closed","ping_status":"open","template":"","meta":{"_acf_changed":false},"product_brand":[],"product_cat":[15],"product_tag":[],"class_list":{"0":"post-3431","1":"product","2":"type-product","3":"status-publish","4":"has-post-thumbnail","6":"product_cat-uncategorized","8":"first","9":"instock","10":"shipping-taxable","11":"purchasable","12":"product-type-simple"},"acf":[],"_links":{"self":[{"href":"https:\/\/naturka.fissunov.com\/lv\/wp-json\/wp\/v2\/product\/3431","targetHints":{"allow":["GET"]}}],"collection":[{"href":"https:\/\/naturka.fissunov.com\/lv\/wp-json\/wp\/v2\/product"}],"about":[{"href":"https:\/\/naturka.fissunov.com\/lv\/wp-json\/wp\/v2\/types\/product"}],"replies":[{"embeddable":true,"href":"https:\/\/naturka.fissunov.com\/lv\/wp-json\/wp\/v2\/comments?post=3431"}],"wp:featuredmedia":[{"embeddable":true,"href":"https:\/\/naturka.fissunov.com\/lv\/wp-json\/wp\/v2\/media\/3435"}],"wp:attachment":[{"href":"https:\/\/naturka.fissunov.com\/lv\/wp-json\/wp\/v2\/media?parent=3431"}],"wp:term":[{"taxonomy":"product_brand","embeddable":true,"href":"https:\/\/naturka.fissunov.com\/lv\/wp-json\/wp\/v2\/product_brand?post=3431"},{"taxonomy":"product_cat","embeddable":true,"href":"https:\/\/naturka.fissunov.com\/lv\/wp-json\/wp\/v2\/product_cat?post=3431"},{"taxonomy":"product_tag","embeddable":true,"href":"https:\/\/naturka.fissunov.com\/lv\/wp-json\/wp\/v2\/product_tag?post=3431"}],"curies":[{"name":"wp","href":"https:\/\/api.w.org\/{rel}","templated":true}]}}