{"id":3452,"date":"2021-07-25T20:53:25","date_gmt":"2021-07-25T20:53:25","guid":{"rendered":"https:\/\/naturka.fissunov.com\/product\/rost-makadaamia-votmega\/"},"modified":"2025-11-19T12:59:37","modified_gmt":"2025-11-19T12:59:37","slug":"rost-makadaamia-votmega","status":"publish","type":"product","link":"https:\/\/naturka.fissunov.com\/lv\/product\/rost-makadaamia-votmega\/","title":{"rendered":"Cepetis. makad\u0101mijas riekstu \u010daumalas (ar atsl\u0113gu)"},"content":{"rendered":"","protected":false},"excerpt":{"rendered":"<p id=\"tw-target-text\" class=\"tw-data-text tw-text-large tw-ta\" dir=\"ltr\" data-placeholder=\"Translation\" data-ved=\"2ahUKEwiShM2W89-IAxU1IhAIHVAOB2MQ3ewLegQICBAU\" aria-label=\"Translated text: Makad\u0101mijas rieksts jeb Austr\u0101lijas rieksts ir visu riekstu titula \u012bpa\u0161nieks! Zem \u010daumalas sl\u0113pjas pienains, br\u016bngans, apa\u013c\u0161 rieksts ar maigu un saldenu gar\u0161u.\n\nMakad\u0101mijas rieksti satur magniju, k\u0101liju, cinku, dzelzi, varu, fosforu, sel\u0113nu, vitam\u012bnus B1 (tiam\u012bns) un B3 (niac\u012bnu) un E vitam\u012bnu.\n\nGrauzd\u0113ti rieksti \u010daumal\u0101, aromatiz\u0113jot vanil\u012bnu. Katram iepakojumam ir viens attais\u0101mais.\n\nUzglab\u0101t saus\u0101, t\u012br\u0101 un v\u0113s\u0101 viet\u0101.\"><span class=\"Y2IQFc\" lang=\"lv\">Makad\u0101mijas rieksts jeb Austr\u0101lijas rieksts ir visu riekstu titula \u012bpa\u0161nieks! <\/span><\/p>\n<p class=\"tw-data-text tw-text-large tw-ta\" dir=\"ltr\" data-placeholder=\"Translation\" data-ved=\"2ahUKEwiShM2W89-IAxU1IhAIHVAOB2MQ3ewLegQICBAU\" aria-label=\"Translated text: Makad\u0101mijas rieksts jeb Austr\u0101lijas rieksts ir visu riekstu titula \u012bpa\u0161nieks! Zem \u010daumalas sl\u0113pjas pienains, br\u016bngans, apa\u013c\u0161 rieksts ar maigu un saldenu gar\u0161u.\n\nMakad\u0101mijas rieksti satur magniju, k\u0101liju, cinku, dzelzi, varu, fosforu, sel\u0113nu, vitam\u012bnus B1 (tiam\u012bns) un B3 (niac\u012bnu) un E vitam\u012bnu.\n\nGrauzd\u0113ti rieksti \u010daumal\u0101, aromatiz\u0113jot vanil\u012bnu. Katram iepakojumam ir viens attais\u0101mais.\n\nUzglab\u0101t saus\u0101, t\u012br\u0101 un v\u0113s\u0101 viet\u0101.\"><span class=\"Y2IQFc\" lang=\"lv\">Zem \u010daumalas sl\u0113pjas pienains, br\u016bngans, apa\u013c\u0161 rieksts ar maigu un saldenu gar\u0161u. Makad\u0101mijas rieksti satur magniju, k\u0101liju, cinku, dzelzi, varu, fosforu, sel\u0113nu, vitam\u012bnus B1 (tiam\u012bns) un B3 (niac\u012bnu) un E vitam\u012bnu.<\/span><\/p>\n<p class=\"tw-data-text tw-text-large tw-ta\" dir=\"ltr\" data-placeholder=\"Translation\" data-ved=\"2ahUKEwiShM2W89-IAxU1IhAIHVAOB2MQ3ewLegQICBAU\" aria-label=\"Translated text: Makad\u0101mijas rieksts jeb Austr\u0101lijas rieksts ir visu riekstu titula \u012bpa\u0161nieks! Zem \u010daumalas sl\u0113pjas pienains, br\u016bngans, apa\u013c\u0161 rieksts ar maigu un saldenu gar\u0161u.\n\nMakad\u0101mijas rieksti satur magniju, k\u0101liju, cinku, dzelzi, varu, fosforu, sel\u0113nu, vitam\u012bnus B1 (tiam\u012bns) un B3 (niac\u012bnu) un E vitam\u012bnu.\n\nGrauzd\u0113ti rieksti \u010daumal\u0101, aromatiz\u0113jot vanil\u012bnu. Katram iepakojumam ir viens attais\u0101mais.\n\nUzglab\u0101t saus\u0101, t\u012br\u0101 un v\u0113s\u0101 viet\u0101.\"><span class=\"Y2IQFc\" lang=\"lv\">Grauzd\u0113ti rieksti \u010daumal\u0101, aromatiz\u0113jot vanil\u012bnu. Katram iepakojumam ir viens attais\u0101mais. <\/span><\/p>\n<p class=\"tw-data-text tw-text-large tw-ta\" dir=\"ltr\" data-placeholder=\"Translation\" data-ved=\"2ahUKEwiShM2W89-IAxU1IhAIHVAOB2MQ3ewLegQICBAU\" aria-label=\"Translated text: Makad\u0101mijas rieksts jeb Austr\u0101lijas rieksts ir visu riekstu titula \u012bpa\u0161nieks! Zem \u010daumalas sl\u0113pjas pienains, br\u016bngans, apa\u013c\u0161 rieksts ar maigu un saldenu gar\u0161u.\n\nMakad\u0101mijas rieksti satur magniju, k\u0101liju, cinku, dzelzi, varu, fosforu, sel\u0113nu, vitam\u012bnus B1 (tiam\u012bns) un B3 (niac\u012bnu) un E vitam\u012bnu.\n\nGrauzd\u0113ti rieksti \u010daumal\u0101, aromatiz\u0113jot vanil\u012bnu. Katram iepakojumam ir viens attais\u0101mais.\n\nUzglab\u0101t saus\u0101, t\u012br\u0101 un v\u0113s\u0101 viet\u0101.\"><span class=\"Y2IQFc\" lang=\"lv\">Uzglab\u0101t saus\u0101, t\u012br\u0101 un v\u0113s\u0101 viet\u0101.<\/span><\/p>\n","protected":false},"featured_media":3456,"comment_status":"closed","ping_status":"open","template":"","meta":{"_acf_changed":false},"product_brand":[],"product_cat":[15],"product_tag":[],"class_list":{"0":"post-3452","1":"product","2":"type-product","3":"status-publish","4":"has-post-thumbnail","6":"product_cat-uncategorized","8":"first","9":"instock","10":"shipping-taxable","11":"purchasable","12":"product-type-simple"},"acf":[],"_links":{"self":[{"href":"https:\/\/naturka.fissunov.com\/lv\/wp-json\/wp\/v2\/product\/3452","targetHints":{"allow":["GET"]}}],"collection":[{"href":"https:\/\/naturka.fissunov.com\/lv\/wp-json\/wp\/v2\/product"}],"about":[{"href":"https:\/\/naturka.fissunov.com\/lv\/wp-json\/wp\/v2\/types\/product"}],"replies":[{"embeddable":true,"href":"https:\/\/naturka.fissunov.com\/lv\/wp-json\/wp\/v2\/comments?post=3452"}],"wp:featuredmedia":[{"embeddable":true,"href":"https:\/\/naturka.fissunov.com\/lv\/wp-json\/wp\/v2\/media\/3456"}],"wp:attachment":[{"href":"https:\/\/naturka.fissunov.com\/lv\/wp-json\/wp\/v2\/media?parent=3452"}],"wp:term":[{"taxonomy":"product_brand","embeddable":true,"href":"https:\/\/naturka.fissunov.com\/lv\/wp-json\/wp\/v2\/product_brand?post=3452"},{"taxonomy":"product_cat","embeddable":true,"href":"https:\/\/naturka.fissunov.com\/lv\/wp-json\/wp\/v2\/product_cat?post=3452"},{"taxonomy":"product_tag","embeddable":true,"href":"https:\/\/naturka.fissunov.com\/lv\/wp-json\/wp\/v2\/product_tag?post=3452"}],"curies":[{"name":"wp","href":"https:\/\/api.w.org\/{rel}","templated":true}]}}