{"id":3462,"date":"2021-07-25T20:49:30","date_gmt":"2021-07-25T20:49:30","guid":{"rendered":"https:\/\/naturka.fissunov.com\/product\/makadamia-nuts\/"},"modified":"2025-11-19T12:59:39","modified_gmt":"2025-11-19T12:59:39","slug":"makadamia-nuts","status":"publish","type":"product","link":"https:\/\/naturka.fissunov.com\/lv\/product\/makadamia-nuts\/","title":{"rendered":"Makad\u0101mijas rieksti"},"content":{"rendered":"","protected":false},"excerpt":{"rendered":"<p id=\"tw-target-text\" class=\"tw-data-text tw-text-large tw-ta\" dir=\"ltr\" data-placeholder=\"Translation\" data-ved=\"2ahUKEwjRkP7yyOKIAxVOLBAIHWKUBNoQ3ewLegQICBAU\" aria-label=\"Translated text: Augsta kvalit\u0101te un daudzveid\u012bba makad\u0101mijas. Veseli gabali\u0146i, \u013coti krauk\u0161\u0137\u012bgs un bag\u0101t\u012bgs rieksts.\n\nUzglab\u0101t saus\u0101, t\u012br\u0101 un v\u0113s\u0101 viet\u0101.\"><span class=\"Y2IQFc\" lang=\"lv\">Augsta kvalit\u0101te un daudzveid\u012bba makad\u0101mijas. Veseli gabali\u0146i, \u013coti krauk\u0161\u0137\u012bgs un bag\u0101t\u012bgs rieksts. <\/span><\/p>\n<p class=\"tw-data-text tw-text-large tw-ta\" dir=\"ltr\" data-placeholder=\"Translation\" data-ved=\"2ahUKEwjRkP7yyOKIAxVOLBAIHWKUBNoQ3ewLegQICBAU\" aria-label=\"Translated text: Augsta kvalit\u0101te un daudzveid\u012bba makad\u0101mijas. Veseli gabali\u0146i, \u013coti krauk\u0161\u0137\u012bgs un bag\u0101t\u012bgs rieksts.\n\nUzglab\u0101t saus\u0101, t\u012br\u0101 un v\u0113s\u0101 viet\u0101.\"><span class=\"Y2IQFc\" lang=\"lv\">Uzglab\u0101t saus\u0101, t\u012br\u0101 un v\u0113s\u0101 viet\u0101.<\/span><\/p>\n","protected":false},"featured_media":3469,"comment_status":"closed","ping_status":"open","template":"","meta":{"_acf_changed":false},"product_brand":[],"product_cat":[15],"product_tag":[],"class_list":{"0":"post-3462","1":"product","2":"type-product","3":"status-publish","4":"has-post-thumbnail","6":"product_cat-uncategorized","8":"first","9":"instock","10":"shipping-taxable","11":"purchasable","12":"product-type-simple"},"acf":[],"_links":{"self":[{"href":"https:\/\/naturka.fissunov.com\/lv\/wp-json\/wp\/v2\/product\/3462","targetHints":{"allow":["GET"]}}],"collection":[{"href":"https:\/\/naturka.fissunov.com\/lv\/wp-json\/wp\/v2\/product"}],"about":[{"href":"https:\/\/naturka.fissunov.com\/lv\/wp-json\/wp\/v2\/types\/product"}],"replies":[{"embeddable":true,"href":"https:\/\/naturka.fissunov.com\/lv\/wp-json\/wp\/v2\/comments?post=3462"}],"wp:featuredmedia":[{"embeddable":true,"href":"https:\/\/naturka.fissunov.com\/lv\/wp-json\/wp\/v2\/media\/3469"}],"wp:attachment":[{"href":"https:\/\/naturka.fissunov.com\/lv\/wp-json\/wp\/v2\/media?parent=3462"}],"wp:term":[{"taxonomy":"product_brand","embeddable":true,"href":"https:\/\/naturka.fissunov.com\/lv\/wp-json\/wp\/v2\/product_brand?post=3462"},{"taxonomy":"product_cat","embeddable":true,"href":"https:\/\/naturka.fissunov.com\/lv\/wp-json\/wp\/v2\/product_cat?post=3462"},{"taxonomy":"product_tag","embeddable":true,"href":"https:\/\/naturka.fissunov.com\/lv\/wp-json\/wp\/v2\/product_tag?post=3462"}],"curies":[{"name":"wp","href":"https:\/\/api.w.org\/{rel}","templated":true}]}}