{"id":3475,"date":"2021-07-25T19:58:34","date_gmt":"2021-07-25T19:58:34","guid":{"rendered":"https:\/\/naturka.fissunov.com\/product\/rost-india-pahklid-sool\/"},"modified":"2025-11-19T12:59:45","modified_gmt":"2025-11-19T12:59:45","slug":"rost-india-pahklid-sool","status":"publish","type":"product","link":"https:\/\/naturka.fissunov.com\/lv\/product\/rost-india-pahklid-sool\/","title":{"rendered":"Cepetis. indijas rieksti (s\u0101ls.)"},"content":{"rendered":"","protected":false},"excerpt":{"rendered":"<p id=\"tw-target-text\" class=\"tw-data-text tw-text-large tw-ta\" dir=\"ltr\" data-placeholder=\"Translation\" data-ved=\"2ahUKEwjS0IXI2uqIAxVKHBAIHShYCZcQ3ewLegQICBAU\" aria-label=\"Translated text: Jaunumi! Ekskluz\u012bvs produkts!\u00a0 S\u0101l\u012bta Indijas riekstu \u010daumala. J\u016bs v\u0113l neesat m\u0113\u0123in\u0101jis neko l\u012bdz\u012bgu! Uzglab\u0101t saus\u0101, t\u012br\u0101 un v\u0113s\u0101 viet\u0101.\"><span class=\"Y2IQFc\" lang=\"lv\">Jaunumi! Ekskluz\u012bvs produkts!\u00a0 S\u0101l\u012bta Indijas riekstu \u010daumala. <\/span><\/p>\n<p class=\"tw-data-text tw-text-large tw-ta\" dir=\"ltr\" data-placeholder=\"Translation\" data-ved=\"2ahUKEwjS0IXI2uqIAxVKHBAIHShYCZcQ3ewLegQICBAU\" aria-label=\"Translated text: Jaunumi! Ekskluz\u012bvs produkts!\u00a0 S\u0101l\u012bta Indijas riekstu \u010daumala. J\u016bs v\u0113l neesat m\u0113\u0123in\u0101jis neko l\u012bdz\u012bgu! Uzglab\u0101t saus\u0101, t\u012br\u0101 un v\u0113s\u0101 viet\u0101.\"><span class=\"Y2IQFc\" lang=\"lv\">J\u016bs v\u0113l neesat m\u0113\u0123in\u0101jis neko l\u012bdz\u012bgu!<\/span><\/p>\n<p class=\"tw-data-text tw-text-large tw-ta\" dir=\"ltr\" data-placeholder=\"Translation\" data-ved=\"2ahUKEwjS0IXI2uqIAxVKHBAIHShYCZcQ3ewLegQICBAU\" aria-label=\"Translated text: Jaunumi! Ekskluz\u012bvs produkts!\u00a0 S\u0101l\u012bta Indijas riekstu \u010daumala. J\u016bs v\u0113l neesat m\u0113\u0123in\u0101jis neko l\u012bdz\u012bgu! Uzglab\u0101t saus\u0101, t\u012br\u0101 un v\u0113s\u0101 viet\u0101.\"><span class=\"Y2IQFc\" lang=\"lv\">Uzglab\u0101t saus\u0101, t\u012br\u0101 un v\u0113s\u0101 viet\u0101.<\/span><\/p>\n","protected":false},"featured_media":3479,"comment_status":"closed","ping_status":"open","template":"","meta":{"_acf_changed":false},"product_brand":[],"product_cat":[15],"product_tag":[],"class_list":{"0":"post-3475","1":"product","2":"type-product","3":"status-publish","4":"has-post-thumbnail","6":"product_cat-uncategorized","8":"first","9":"instock","10":"shipping-taxable","11":"purchasable","12":"product-type-simple"},"acf":[],"_links":{"self":[{"href":"https:\/\/naturka.fissunov.com\/lv\/wp-json\/wp\/v2\/product\/3475","targetHints":{"allow":["GET"]}}],"collection":[{"href":"https:\/\/naturka.fissunov.com\/lv\/wp-json\/wp\/v2\/product"}],"about":[{"href":"https:\/\/naturka.fissunov.com\/lv\/wp-json\/wp\/v2\/types\/product"}],"replies":[{"embeddable":true,"href":"https:\/\/naturka.fissunov.com\/lv\/wp-json\/wp\/v2\/comments?post=3475"}],"wp:featuredmedia":[{"embeddable":true,"href":"https:\/\/naturka.fissunov.com\/lv\/wp-json\/wp\/v2\/media\/3479"}],"wp:attachment":[{"href":"https:\/\/naturka.fissunov.com\/lv\/wp-json\/wp\/v2\/media?parent=3475"}],"wp:term":[{"taxonomy":"product_brand","embeddable":true,"href":"https:\/\/naturka.fissunov.com\/lv\/wp-json\/wp\/v2\/product_brand?post=3475"},{"taxonomy":"product_cat","embeddable":true,"href":"https:\/\/naturka.fissunov.com\/lv\/wp-json\/wp\/v2\/product_cat?post=3475"},{"taxonomy":"product_tag","embeddable":true,"href":"https:\/\/naturka.fissunov.com\/lv\/wp-json\/wp\/v2\/product_tag?post=3475"}],"curies":[{"name":"wp","href":"https:\/\/api.w.org\/{rel}","templated":true}]}}