{"id":3491,"date":"2021-07-25T19:34:52","date_gmt":"2021-07-25T19:34:52","guid":{"rendered":"https:\/\/naturka.fissunov.com\/product\/india-pahklid\/"},"modified":"2025-11-19T12:59:51","modified_gmt":"2025-11-19T12:59:51","slug":"india-pahklid","status":"publish","type":"product","link":"https:\/\/naturka.fissunov.com\/lv\/product\/india-pahklid\/","title":{"rendered":"Indijas rieksts"},"content":{"rendered":"","protected":false},"excerpt":{"rendered":"<p id=\"tw-target-text\" class=\"tw-data-text tw-text-large tw-ta\" dir=\"ltr\" data-placeholder=\"Translation\" data-ved=\"2ahUKEwjB_6j-3eyIAxW-HhAIHWKYMJEQ3ewLegQICBAW\" aria-label=\"Translated text: Liels Indijas rieksts (izm\u0113rs W240), vesels un ar nedaudz saldenu samtainu gar\u0161u.\n\nIndijas rieksti ir bag\u0101ti ar miner\u0101lviel\u0101m un vitam\u012bniem. Augsts E vitam\u012bna, A provitam\u012bna un B grupas vitam\u012bnu saturs, turkl\u0101t tie ir ar\u012b lielisks cinka avots. Tie ir piem\u0113roti \u0113\u0161anai t\u0101di, k\u0101di tie ir, k\u0101 ar\u012b s\u0101\u013cajam un saldajam \u0113dienam\n\nUzglab\u0101t saus\u0101, t\u012br\u0101 un v\u0113s\u0101 viet\u0101.\"><span class=\"Y2IQFc\" lang=\"lv\">Liels Indijas rieksts (izm\u0113rs W240), vesels un ar nedaudz saldenu samtainu gar\u0161u. <\/span><\/p>\n<p class=\"tw-data-text tw-text-large tw-ta\" dir=\"ltr\" data-placeholder=\"Translation\" data-ved=\"2ahUKEwjB_6j-3eyIAxW-HhAIHWKYMJEQ3ewLegQICBAW\" aria-label=\"Translated text: Liels Indijas rieksts (izm\u0113rs W240), vesels un ar nedaudz saldenu samtainu gar\u0161u.\n\nIndijas rieksti ir bag\u0101ti ar miner\u0101lviel\u0101m un vitam\u012bniem. Augsts E vitam\u012bna, A provitam\u012bna un B grupas vitam\u012bnu saturs, turkl\u0101t tie ir ar\u012b lielisks cinka avots. Tie ir piem\u0113roti \u0113\u0161anai t\u0101di, k\u0101di tie ir, k\u0101 ar\u012b s\u0101\u013cajam un saldajam \u0113dienam\n\nUzglab\u0101t saus\u0101, t\u012br\u0101 un v\u0113s\u0101 viet\u0101.\"><span class=\"Y2IQFc\" lang=\"lv\">Indijas rieksti ir bag\u0101ti ar miner\u0101lviel\u0101m un vitam\u012bniem. Augsts E vitam\u012bna, A provitam\u012bna un B grupas vitam\u012bnu saturs, turkl\u0101t tie ir ar\u012b lielisks cinka avots. Tie ir piem\u0113roti \u0113\u0161anai t\u0101di, k\u0101di tie ir, k\u0101 ar\u012b s\u0101\u013cajam un saldajam \u0113dienam <\/span><\/p>\n<p class=\"tw-data-text tw-text-large tw-ta\" dir=\"ltr\" data-placeholder=\"Translation\" data-ved=\"2ahUKEwjB_6j-3eyIAxW-HhAIHWKYMJEQ3ewLegQICBAW\" aria-label=\"Translated text: Liels Indijas rieksts (izm\u0113rs W240), vesels un ar nedaudz saldenu samtainu gar\u0161u.\n\nIndijas rieksti ir bag\u0101ti ar miner\u0101lviel\u0101m un vitam\u012bniem. Augsts E vitam\u012bna, A provitam\u012bna un B grupas vitam\u012bnu saturs, turkl\u0101t tie ir ar\u012b lielisks cinka avots. Tie ir piem\u0113roti \u0113\u0161anai t\u0101di, k\u0101di tie ir, k\u0101 ar\u012b s\u0101\u013cajam un saldajam \u0113dienam\n\nUzglab\u0101t saus\u0101, t\u012br\u0101 un v\u0113s\u0101 viet\u0101.\"><span class=\"Y2IQFc\" lang=\"lv\">Uzglab\u0101t saus\u0101, t\u012br\u0101 un v\u0113s\u0101 viet\u0101.<\/span><\/p>\n","protected":false},"featured_media":3495,"comment_status":"closed","ping_status":"open","template":"","meta":{"_acf_changed":false},"product_brand":[],"product_cat":[15],"product_tag":[],"class_list":{"0":"post-3491","1":"product","2":"type-product","3":"status-publish","4":"has-post-thumbnail","6":"product_cat-uncategorized","8":"first","9":"instock","10":"shipping-taxable","11":"purchasable","12":"product-type-simple"},"acf":[],"_links":{"self":[{"href":"https:\/\/naturka.fissunov.com\/lv\/wp-json\/wp\/v2\/product\/3491","targetHints":{"allow":["GET"]}}],"collection":[{"href":"https:\/\/naturka.fissunov.com\/lv\/wp-json\/wp\/v2\/product"}],"about":[{"href":"https:\/\/naturka.fissunov.com\/lv\/wp-json\/wp\/v2\/types\/product"}],"replies":[{"embeddable":true,"href":"https:\/\/naturka.fissunov.com\/lv\/wp-json\/wp\/v2\/comments?post=3491"}],"wp:featuredmedia":[{"embeddable":true,"href":"https:\/\/naturka.fissunov.com\/lv\/wp-json\/wp\/v2\/media\/3495"}],"wp:attachment":[{"href":"https:\/\/naturka.fissunov.com\/lv\/wp-json\/wp\/v2\/media?parent=3491"}],"wp:term":[{"taxonomy":"product_brand","embeddable":true,"href":"https:\/\/naturka.fissunov.com\/lv\/wp-json\/wp\/v2\/product_brand?post=3491"},{"taxonomy":"product_cat","embeddable":true,"href":"https:\/\/naturka.fissunov.com\/lv\/wp-json\/wp\/v2\/product_cat?post=3491"},{"taxonomy":"product_tag","embeddable":true,"href":"https:\/\/naturka.fissunov.com\/lv\/wp-json\/wp\/v2\/product_tag?post=3491"}],"curies":[{"name":"wp","href":"https:\/\/api.w.org\/{rel}","templated":true}]}}