{"id":3509,"date":"2021-07-25T20:03:28","date_gmt":"2021-07-25T20:03:28","guid":{"rendered":"https:\/\/naturka.fissunov.com\/product\/pistaatsia-pahklid-rost-sool\/"},"modified":"2025-11-19T12:59:56","modified_gmt":"2025-11-19T12:59:56","slug":"pistaatsia-pahklid-rost-sool","status":"publish","type":"product","link":"https:\/\/naturka.fissunov.com\/lv\/product\/pistaatsia-pahklid-rost-sool\/","title":{"rendered":"Pistaatsiap\u00e4hklid (soolased)"},"content":{"rendered":"","protected":false},"excerpt":{"rendered":"<p id=\"tw-target-text\" class=\"tw-data-text tw-text-large tw-ta\" dir=\"ltr\" data-placeholder=\"Translation\" data-ved=\"2ahUKEwjz87LJ1e-IAxUaIRAIHW1hGzgQ3ewLegQIBxAU\" aria-label=\"Translated text: Liel\u0101k\u0101s pist\u0101cijas! Kvalitat\u012bvs un gar\u0161\u012bgs rieksts (nav sauss).\n\nUzglab\u0101t saus\u0101, t\u012br\u0101 un v\u0113s\u0101 viet\u0101.\"><span class=\"Y2IQFc\" lang=\"lv\">Liel\u0101k\u0101s pist\u0101cijas! Kvalitat\u012bvs un gar\u0161\u012bgs rieksts (nav sauss). <\/span><\/p>\n<p class=\"tw-data-text tw-text-large tw-ta\" dir=\"ltr\" data-placeholder=\"Translation\" data-ved=\"2ahUKEwjz87LJ1e-IAxUaIRAIHW1hGzgQ3ewLegQIBxAU\" aria-label=\"Translated text: Liel\u0101k\u0101s pist\u0101cijas! Kvalitat\u012bvs un gar\u0161\u012bgs rieksts (nav sauss).\n\nUzglab\u0101t saus\u0101, t\u012br\u0101 un v\u0113s\u0101 viet\u0101.\"><span class=\"Y2IQFc\" lang=\"lv\">Uzglab\u0101t saus\u0101, t\u012br\u0101 un v\u0113s\u0101 viet\u0101.<\/span><\/p>\n","protected":false},"featured_media":3513,"comment_status":"closed","ping_status":"open","template":"","meta":{"_acf_changed":false},"product_brand":[],"product_cat":[15],"product_tag":[],"class_list":{"0":"post-3509","1":"product","2":"type-product","3":"status-publish","4":"has-post-thumbnail","6":"product_cat-uncategorized","8":"first","9":"instock","10":"shipping-taxable","11":"purchasable","12":"product-type-simple"},"acf":[],"_links":{"self":[{"href":"https:\/\/naturka.fissunov.com\/lv\/wp-json\/wp\/v2\/product\/3509","targetHints":{"allow":["GET"]}}],"collection":[{"href":"https:\/\/naturka.fissunov.com\/lv\/wp-json\/wp\/v2\/product"}],"about":[{"href":"https:\/\/naturka.fissunov.com\/lv\/wp-json\/wp\/v2\/types\/product"}],"replies":[{"embeddable":true,"href":"https:\/\/naturka.fissunov.com\/lv\/wp-json\/wp\/v2\/comments?post=3509"}],"wp:featuredmedia":[{"embeddable":true,"href":"https:\/\/naturka.fissunov.com\/lv\/wp-json\/wp\/v2\/media\/3513"}],"wp:attachment":[{"href":"https:\/\/naturka.fissunov.com\/lv\/wp-json\/wp\/v2\/media?parent=3509"}],"wp:term":[{"taxonomy":"product_brand","embeddable":true,"href":"https:\/\/naturka.fissunov.com\/lv\/wp-json\/wp\/v2\/product_brand?post=3509"},{"taxonomy":"product_cat","embeddable":true,"href":"https:\/\/naturka.fissunov.com\/lv\/wp-json\/wp\/v2\/product_cat?post=3509"},{"taxonomy":"product_tag","embeddable":true,"href":"https:\/\/naturka.fissunov.com\/lv\/wp-json\/wp\/v2\/product_tag?post=3509"}],"curies":[{"name":"wp","href":"https:\/\/api.w.org\/{rel}","templated":true}]}}