{"id":3519,"date":"2021-07-25T19:32:23","date_gmt":"2021-07-25T19:32:23","guid":{"rendered":"https:\/\/naturka.fissunov.com\/product\/parapahkel\/"},"modified":"2025-11-19T12:59:59","modified_gmt":"2025-11-19T12:59:59","slug":"parapahkel","status":"publish","type":"product","link":"https:\/\/naturka.fissunov.com\/lv\/product\/parapahkel\/","title":{"rendered":"Braz\u012blijas rieksti"},"content":{"rendered":"","protected":false},"excerpt":{"rendered":"<p id=\"tw-target-text\" class=\"tw-data-text tw-text-large tw-ta\" dir=\"ltr\" data-placeholder=\"Translation\" data-ved=\"2ahUKEwjg0Lne0IiJAxWbLRAIHbFkN24Q3ewLegQIBxAU\" aria-label=\"Translated text: Braz\u012blijas rieksti aug Dienvidamerikas lietus me\u017eos. Ir gr\u016bti p\u0101rv\u0113rt\u0113t Braz\u012blijas riekstu ieguvumus cilv\u0113ka vesel\u012bbai (vitam\u012bns B1, E, magnijs, fosfors, cinks, dzelzs).\n\nBet liel\u0101k\u0101 v\u0113rt\u012bba, protams, ir augstais sel\u0113na saturs! Pietiek ar vienu niec\u012bgu riekstu dien\u0101, lai nov\u0113rstu sel\u0113na defic\u012btu. Braz\u012blijas rieksti satur vair\u0101k sel\u0113na nek\u0101 jebkur\u0161 cits auglis pasaul\u0113!\n\nUzglab\u0101t saus\u0101, t\u012br\u0101 un v\u0113s\u0101 viet\u0101.\"><span class=\"Y2IQFc\" lang=\"lv\">Braz\u012blijas rieksti aug Dienvidamerikas lietus me\u017eos. Ir gr\u016bti p\u0101rv\u0113rt\u0113t Braz\u012blijas riekstu ieguvumus cilv\u0113ka vesel\u012bbai (vitam\u012bns B1, E, magnijs, fosfors, cinks, dzelzs). <\/span><\/p>\n<p class=\"tw-data-text tw-text-large tw-ta\" dir=\"ltr\" data-placeholder=\"Translation\" data-ved=\"2ahUKEwjg0Lne0IiJAxWbLRAIHbFkN24Q3ewLegQIBxAU\" aria-label=\"Translated text: Braz\u012blijas rieksti aug Dienvidamerikas lietus me\u017eos. Ir gr\u016bti p\u0101rv\u0113rt\u0113t Braz\u012blijas riekstu ieguvumus cilv\u0113ka vesel\u012bbai (vitam\u012bns B1, E, magnijs, fosfors, cinks, dzelzs).\n\nBet liel\u0101k\u0101 v\u0113rt\u012bba, protams, ir augstais sel\u0113na saturs! Pietiek ar vienu niec\u012bgu riekstu dien\u0101, lai nov\u0113rstu sel\u0113na defic\u012btu. Braz\u012blijas rieksti satur vair\u0101k sel\u0113na nek\u0101 jebkur\u0161 cits auglis pasaul\u0113!\n\nUzglab\u0101t saus\u0101, t\u012br\u0101 un v\u0113s\u0101 viet\u0101.\"><span class=\"Y2IQFc\" lang=\"lv\">Bet liel\u0101k\u0101 v\u0113rt\u012bba, protams, ir augstais sel\u0113na saturs! <\/span><span class=\"Y2IQFc\" lang=\"lv\">Pietiek ar vienu niec\u012bgu riekstu dien\u0101, lai nov\u0113rstu sel\u0113na defic\u012btu. Braz\u012blijas rieksti satur vair\u0101k sel\u0113na nek\u0101 jebkur\u0161 cits auglis pasaul\u0113! <\/span><\/p>\n<p class=\"tw-data-text tw-text-large tw-ta\" dir=\"ltr\" data-placeholder=\"Translation\" data-ved=\"2ahUKEwjg0Lne0IiJAxWbLRAIHbFkN24Q3ewLegQIBxAU\" aria-label=\"Translated text: Braz\u012blijas rieksti aug Dienvidamerikas lietus me\u017eos. Ir gr\u016bti p\u0101rv\u0113rt\u0113t Braz\u012blijas riekstu ieguvumus cilv\u0113ka vesel\u012bbai (vitam\u012bns B1, E, magnijs, fosfors, cinks, dzelzs).\n\nBet liel\u0101k\u0101 v\u0113rt\u012bba, protams, ir augstais sel\u0113na saturs! Pietiek ar vienu niec\u012bgu riekstu dien\u0101, lai nov\u0113rstu sel\u0113na defic\u012btu. Braz\u012blijas rieksti satur vair\u0101k sel\u0113na nek\u0101 jebkur\u0161 cits auglis pasaul\u0113!\n\nUzglab\u0101t saus\u0101, t\u012br\u0101 un v\u0113s\u0101 viet\u0101.\"><span class=\"Y2IQFc\" lang=\"lv\">Uzglab\u0101t saus\u0101, t\u012br\u0101 un v\u0113s\u0101 viet\u0101.<\/span><\/p>\n","protected":false},"featured_media":3523,"comment_status":"closed","ping_status":"open","template":"","meta":{"_acf_changed":false},"product_brand":[],"product_cat":[15],"product_tag":[],"class_list":{"0":"post-3519","1":"product","2":"type-product","3":"status-publish","4":"has-post-thumbnail","6":"product_cat-uncategorized","8":"first","9":"instock","10":"shipping-taxable","11":"purchasable","12":"product-type-simple"},"acf":[],"_links":{"self":[{"href":"https:\/\/naturka.fissunov.com\/lv\/wp-json\/wp\/v2\/product\/3519","targetHints":{"allow":["GET"]}}],"collection":[{"href":"https:\/\/naturka.fissunov.com\/lv\/wp-json\/wp\/v2\/product"}],"about":[{"href":"https:\/\/naturka.fissunov.com\/lv\/wp-json\/wp\/v2\/types\/product"}],"replies":[{"embeddable":true,"href":"https:\/\/naturka.fissunov.com\/lv\/wp-json\/wp\/v2\/comments?post=3519"}],"wp:featuredmedia":[{"embeddable":true,"href":"https:\/\/naturka.fissunov.com\/lv\/wp-json\/wp\/v2\/media\/3523"}],"wp:attachment":[{"href":"https:\/\/naturka.fissunov.com\/lv\/wp-json\/wp\/v2\/media?parent=3519"}],"wp:term":[{"taxonomy":"product_brand","embeddable":true,"href":"https:\/\/naturka.fissunov.com\/lv\/wp-json\/wp\/v2\/product_brand?post=3519"},{"taxonomy":"product_cat","embeddable":true,"href":"https:\/\/naturka.fissunov.com\/lv\/wp-json\/wp\/v2\/product_cat?post=3519"},{"taxonomy":"product_tag","embeddable":true,"href":"https:\/\/naturka.fissunov.com\/lv\/wp-json\/wp\/v2\/product_tag?post=3519"}],"curies":[{"name":"wp","href":"https:\/\/api.w.org\/{rel}","templated":true}]}}