{"id":3539,"date":"2021-07-25T18:18:53","date_gmt":"2021-07-25T18:18:53","guid":{"rendered":"https:\/\/naturka.fissunov.com\/product\/671\/"},"modified":"2025-11-19T13:00:05","modified_gmt":"2025-11-19T13:00:05","slug":"671","status":"publish","type":"product","link":"https:\/\/naturka.fissunov.com\/lv\/product\/671\/","title":{"rendered":"Ciedru priedes e\u013c\u013ca 250 ml"},"content":{"rendered":"","protected":false},"excerpt":{"rendered":"<p id=\"tw-target-text\" class=\"tw-data-text tw-text-large tw-ta\" dir=\"ltr\" data-placeholder=\"Translation\" data-ved=\"2ahUKEwjqyPPFzZKJAxUWMRAIHRiwIK4Q3ewLegQIBxAU\" aria-label=\"Translated text: Nerafin\u0113ta auksti spiesta ciedra priedes e\u013c\u013ca.\n\nIek\u0161\u0113jai lieto\u0161anai:\nE\u013c\u013cu ieteicams pievienot sal\u0101tiem, taj\u0101 ir visas vesel\u012bgo prie\u017eu riekstu \u012bpa\u0161\u012bbas un vitam\u012bni.\n\nIek\u0161\u0137\u012bgai lieto\u0161anai lietot 1-2 t\u0113jkarotes e\u013c\u013cas 2-3 reizes dien\u0101 tuk\u0161\u0101 d\u016b\u0161\u0101 apm. 30 min\u016btes pirms \u0113\u0161anas. Pirms lieto\u0161anas sakratiet.\n\nNav ieteicams b\u0113rniem l\u012bdz 3 gadu vecumam.\n\nUzglab\u0101t saus\u0101, t\u012br\u0101 un v\u0113s\u0101 viet\u0101.\"><span class=\"Y2IQFc\" lang=\"lv\">Nerafin\u0113ta auksti spiesta ciedra priedes e\u013c\u013ca. <\/span><\/p>\n<p class=\"tw-data-text tw-text-large tw-ta\" dir=\"ltr\" data-placeholder=\"Translation\" data-ved=\"2ahUKEwjqyPPFzZKJAxUWMRAIHRiwIK4Q3ewLegQIBxAU\" aria-label=\"Translated text: Nerafin\u0113ta auksti spiesta ciedra priedes e\u013c\u013ca.\n\nIek\u0161\u0113jai lieto\u0161anai:\nE\u013c\u013cu ieteicams pievienot sal\u0101tiem, taj\u0101 ir visas vesel\u012bgo prie\u017eu riekstu \u012bpa\u0161\u012bbas un vitam\u012bni.\n\nIek\u0161\u0137\u012bgai lieto\u0161anai lietot 1-2 t\u0113jkarotes e\u013c\u013cas 2-3 reizes dien\u0101 tuk\u0161\u0101 d\u016b\u0161\u0101 apm. 30 min\u016btes pirms \u0113\u0161anas. Pirms lieto\u0161anas sakratiet.\n\nNav ieteicams b\u0113rniem l\u012bdz 3 gadu vecumam.\n\nUzglab\u0101t saus\u0101, t\u012br\u0101 un v\u0113s\u0101 viet\u0101.\"><span class=\"Y2IQFc\" lang=\"lv\">Iek\u0161\u0113jai lieto\u0161anai: E\u013c\u013cu ieteicams pievienot sal\u0101tiem, taj\u0101 ir visas vesel\u012bgo prie\u017eu riekstu \u012bpa\u0161\u012bbas un vitam\u012bni. Iek\u0161\u0137\u012bgai lieto\u0161anai lietot 1-2 t\u0113jkarotes e\u013c\u013cas 2-3 reizes dien\u0101 tuk\u0161\u0101 d\u016b\u0161\u0101 apm. 30 min\u016btes pirms \u0113\u0161anas.<\/span><\/p>\n<p class=\"tw-data-text tw-text-large tw-ta\" dir=\"ltr\" data-placeholder=\"Translation\" data-ved=\"2ahUKEwjqyPPFzZKJAxUWMRAIHRiwIK4Q3ewLegQIBxAU\" aria-label=\"Translated text: Nerafin\u0113ta auksti spiesta ciedra priedes e\u013c\u013ca.\n\nIek\u0161\u0113jai lieto\u0161anai:\nE\u013c\u013cu ieteicams pievienot sal\u0101tiem, taj\u0101 ir visas vesel\u012bgo prie\u017eu riekstu \u012bpa\u0161\u012bbas un vitam\u012bni.\n\nIek\u0161\u0137\u012bgai lieto\u0161anai lietot 1-2 t\u0113jkarotes e\u013c\u013cas 2-3 reizes dien\u0101 tuk\u0161\u0101 d\u016b\u0161\u0101 apm. 30 min\u016btes pirms \u0113\u0161anas. Pirms lieto\u0161anas sakratiet.\n\nNav ieteicams b\u0113rniem l\u012bdz 3 gadu vecumam.\n\nUzglab\u0101t saus\u0101, t\u012br\u0101 un v\u0113s\u0101 viet\u0101.\"><span class=\"Y2IQFc\" lang=\"lv\"> Pirms lieto\u0161anas sakratiet. Nav ieteicams b\u0113rniem l\u012bdz 3 gadu vecumam. <\/span><\/p>\n<p class=\"tw-data-text tw-text-large tw-ta\" dir=\"ltr\" data-placeholder=\"Translation\" data-ved=\"2ahUKEwjqyPPFzZKJAxUWMRAIHRiwIK4Q3ewLegQIBxAU\" aria-label=\"Translated text: Nerafin\u0113ta auksti spiesta ciedra priedes e\u013c\u013ca.\n\nIek\u0161\u0113jai lieto\u0161anai:\nE\u013c\u013cu ieteicams pievienot sal\u0101tiem, taj\u0101 ir visas vesel\u012bgo prie\u017eu riekstu \u012bpa\u0161\u012bbas un vitam\u012bni.\n\nIek\u0161\u0137\u012bgai lieto\u0161anai lietot 1-2 t\u0113jkarotes e\u013c\u013cas 2-3 reizes dien\u0101 tuk\u0161\u0101 d\u016b\u0161\u0101 apm. 30 min\u016btes pirms \u0113\u0161anas. Pirms lieto\u0161anas sakratiet.\n\nNav ieteicams b\u0113rniem l\u012bdz 3 gadu vecumam.\n\nUzglab\u0101t saus\u0101, t\u012br\u0101 un v\u0113s\u0101 viet\u0101.\"><span class=\"Y2IQFc\" lang=\"lv\">Uzglab\u0101t saus\u0101, t\u012br\u0101 un v\u0113s\u0101 viet\u0101.<\/span><\/p>\n","protected":false},"featured_media":4492,"comment_status":"closed","ping_status":"closed","template":"","meta":{"_acf_changed":false},"product_brand":[],"product_cat":[15],"product_tag":[],"class_list":{"0":"post-3539","1":"product","2":"type-product","3":"status-publish","4":"has-post-thumbnail","6":"product_cat-uncategorized","8":"first","9":"instock","10":"shipping-taxable","11":"purchasable","12":"product-type-simple"},"acf":[],"_links":{"self":[{"href":"https:\/\/naturka.fissunov.com\/lv\/wp-json\/wp\/v2\/product\/3539","targetHints":{"allow":["GET"]}}],"collection":[{"href":"https:\/\/naturka.fissunov.com\/lv\/wp-json\/wp\/v2\/product"}],"about":[{"href":"https:\/\/naturka.fissunov.com\/lv\/wp-json\/wp\/v2\/types\/product"}],"replies":[{"embeddable":true,"href":"https:\/\/naturka.fissunov.com\/lv\/wp-json\/wp\/v2\/comments?post=3539"}],"wp:featuredmedia":[{"embeddable":true,"href":"https:\/\/naturka.fissunov.com\/lv\/wp-json\/wp\/v2\/media\/4492"}],"wp:attachment":[{"href":"https:\/\/naturka.fissunov.com\/lv\/wp-json\/wp\/v2\/media?parent=3539"}],"wp:term":[{"taxonomy":"product_brand","embeddable":true,"href":"https:\/\/naturka.fissunov.com\/lv\/wp-json\/wp\/v2\/product_brand?post=3539"},{"taxonomy":"product_cat","embeddable":true,"href":"https:\/\/naturka.fissunov.com\/lv\/wp-json\/wp\/v2\/product_cat?post=3539"},{"taxonomy":"product_tag","embeddable":true,"href":"https:\/\/naturka.fissunov.com\/lv\/wp-json\/wp\/v2\/product_tag?post=3539"}],"curies":[{"name":"wp","href":"https:\/\/api.w.org\/{rel}","templated":true}]}}