{"id":3546,"date":"2024-12-16T19:40:59","date_gmt":"2024-12-16T19:40:59","guid":{"rendered":"https:\/\/naturka.fissunov.com\/product\/mango-1kg\/"},"modified":"2026-03-04T17:38:30","modified_gmt":"2026-03-04T17:38:30","slug":"mango1kg","status":"publish","type":"product","link":"https:\/\/naturka.fissunov.com\/lv\/product\/mango1kg\/","title":{"rendered":"Mango 1kg"},"content":{"rendered":"","protected":false},"excerpt":{"rendered":"<p id=\"tw-target-text\" class=\"tw-data-text tw-text-large tw-ta\" dir=\"ltr\" data-placeholder=\"Translation\" aria-label=\"Translated text\" data-ved=\"2ahUKEwiCxOuNsriHAxXYGBAIHUQ1AsMQ3ewLegQIBxAU\"><b>1kg mango = 4 x 250g<\/b><\/p>\n<p class=\"tw-data-text tw-text-large tw-ta\" dir=\"ltr\" data-placeholder=\"Translation\" aria-label=\"Translated text\" data-ved=\"2ahUKEwiCxOuNsriHAxXYGBAIHUQ1AsMQ3ewLegQIBxAU\"><span class=\"Y2IQFc\" lang=\"lv\">\u0160ie zelta t\u012brrad\u0146i sev\u012b sl\u0113pj nere\u0101lu baudu! Apet\u012bti rosino\u0161s un maigs mango, kur\u0101 iem\u012bl\u0113sies ikviens! Maigi sk\u0101bais mango k\u016bst mut\u0113 un neatst\u0101j vienaldz\u012bgus. Ar zemu cukura saturu (tikai 5%) tas satur vair\u0101k nek\u0101 20 vitam\u012bnus un miner\u0101lvielas vesel\u012bgam uzturam un di\u0113tai!<\/span><\/p>\n<p id=\"tw-target-text\" class=\"tw-data-text tw-text-large tw-ta\" dir=\"ltr\" data-placeholder=\"Translation\" data-ved=\"2ahUKEwip0-CChduIAxUyJRAIHZrDFbMQ3ewLegQICBAU\" aria-label=\"Translated text: Sast\u0101vs: mango, cukurs (5%), citronsk\u0101be Uzturv\u0113rt\u012bbas inform\u0101cija uz 100g: ener\u0123\u0113tiskais saturs 1398,39 kJ\/334 kcal, tauki 0,49g, no tiem pies\u0101tin\u0101t\u0101s tauksk\u0101bes 0,02g; og\u013chidr\u0101ti 80,7g, no tiem cukuri 49,5g, olbaltumvielas 1,68g, s\u0101ls 0g.\"><span class=\"Y2IQFc\" lang=\"lv\">Sast\u0101vs: mango, cukurs (5%), citronsk\u0101be <\/span><\/p>\n<p class=\"tw-data-text tw-text-large tw-ta\" dir=\"ltr\" data-placeholder=\"Translation\" data-ved=\"2ahUKEwip0-CChduIAxUyJRAIHZrDFbMQ3ewLegQICBAU\" aria-label=\"Translated text: Sast\u0101vs: mango, cukurs (5%), citronsk\u0101be Uzturv\u0113rt\u012bbas inform\u0101cija uz 100g: ener\u0123\u0113tiskais saturs 1398,39 kJ\/334 kcal, tauki 0,49g, no tiem pies\u0101tin\u0101t\u0101s tauksk\u0101bes 0,02g; og\u013chidr\u0101ti 80,7g, no tiem cukuri 49,5g, olbaltumvielas 1,68g, s\u0101ls 0g.\"><span class=\"Y2IQFc\" lang=\"lv\">Uzturv\u0113rt\u012bbas inform\u0101cija uz 100g: ener\u0123\u0113tiskais saturs 1398,39 kJ\/334 kcal, tauki 0,49g, no tiem pies\u0101tin\u0101t\u0101s tauksk\u0101bes 0,02g; og\u013chidr\u0101ti 80,7g, no tiem cukuri 49,5g, olbaltumvielas 1,68g, s\u0101ls 0g.<\/span><\/p>\n<p class=\"tw-data-text tw-text-large tw-ta\" dir=\"ltr\" data-placeholder=\"Translation\" aria-label=\"Translated text\" data-ved=\"2ahUKEwiCxOuNsriHAxXYGBAIHUQ1AsMQ3ewLegQIBxAU\"><span class=\"Y2IQFc\" lang=\"lv\">Uzglab\u0101t saus\u0101, t\u012br\u0101 un v\u0113s\u0101 viet\u0101.<\/span><\/p>\n","protected":false},"featured_media":4631,"comment_status":"closed","ping_status":"closed","template":"","meta":{"_acf_changed":false},"product_brand":[],"product_cat":[15],"product_tag":[],"class_list":{"0":"post-3546","1":"product","2":"type-product","3":"status-publish","4":"has-post-thumbnail","6":"product_cat-uncategorized","8":"first","9":"instock","10":"shipping-taxable","11":"purchasable","12":"product-type-simple"},"acf":[],"_links":{"self":[{"href":"https:\/\/naturka.fissunov.com\/lv\/wp-json\/wp\/v2\/product\/3546","targetHints":{"allow":["GET"]}}],"collection":[{"href":"https:\/\/naturka.fissunov.com\/lv\/wp-json\/wp\/v2\/product"}],"about":[{"href":"https:\/\/naturka.fissunov.com\/lv\/wp-json\/wp\/v2\/types\/product"}],"replies":[{"embeddable":true,"href":"https:\/\/naturka.fissunov.com\/lv\/wp-json\/wp\/v2\/comments?post=3546"}],"wp:featuredmedia":[{"embeddable":true,"href":"https:\/\/naturka.fissunov.com\/lv\/wp-json\/wp\/v2\/media\/4631"}],"wp:attachment":[{"href":"https:\/\/naturka.fissunov.com\/lv\/wp-json\/wp\/v2\/media?parent=3546"}],"wp:term":[{"taxonomy":"product_brand","embeddable":true,"href":"https:\/\/naturka.fissunov.com\/lv\/wp-json\/wp\/v2\/product_brand?post=3546"},{"taxonomy":"product_cat","embeddable":true,"href":"https:\/\/naturka.fissunov.com\/lv\/wp-json\/wp\/v2\/product_cat?post=3546"},{"taxonomy":"product_tag","embeddable":true,"href":"https:\/\/naturka.fissunov.com\/lv\/wp-json\/wp\/v2\/product_tag?post=3546"}],"curies":[{"name":"wp","href":"https:\/\/api.w.org\/{rel}","templated":true}]}}